{"id":1290,"date":"2020-01-10T15:09:21","date_gmt":"2020-01-10T14:09:21","guid":{"rendered":"http:\/\/www.adfactory.nl\/redafact-server\/"},"modified":"2020-03-25T18:57:26","modified_gmt":"2020-03-25T17:57:26","slug":"redafact-server","status":"publish","type":"page","link":"https:\/\/www.adfactory.nl\/nl\/products\/editorial-software\/redafact-server\/","title":{"rendered":"RedaFact server"},"content":{"rendered":"<p><div id=\"thz-section-holder-sd93a2836\" class=\"thz-section-holder section-notcontained none\" data-view-brightness=\"none\">\r\n\t<section class=\"thz-section\">\r\n\t\t<div class=\"thz-section-in\">\r\n\t\t\t\t\t<div class=\"thz-container content-contained thz-site-width\">\r\n\t\t\t\t<div class=\"thz-row\">\r\n\t<div id=\"thz-column-cb685bb59\" class=\"thz-column thz-col-1 fstart\">\r\n\t<div class=\"thz-column-container\">\r\n        <div class=\"thz-column-in\">\r\n                        <div class=\"thz-column-shortcodes\">\t\r\n                <div id=\"thz-breadcrumbs-b2bd4d54\" class=\"thz-shc thz-breadcrumbs\">\r\n<\/div>            <\/div>\r\n                                            <\/div>\r\n    <\/div>\r\n<\/div><\/div>\t\t\t<\/div>\r\n\t\t\t\t<\/div>\r\n\t\t\t\t<\/section>\r\n<\/div>\r\n<div id=\"thz-section-holder-sf2ae78a9\" class=\"product-section thz-section-holder section-notcontained none\" data-view-brightness=\"none\">\r\n\t<section class=\"thz-section\">\r\n\t\t<div class=\"thz-section-in\">\r\n\t\t\t\t\t<div class=\"thz-container content-contained thz-site-width\">\r\n\t\t\t\t<div class=\"thz-row\">\r\n\t<div id=\"thz-column-c9b14a002\" class=\"thz-column thz-col-1-5 fstart thz-tablet-hidden thz-mobile-hidden\">\r\n\t<div class=\"thz-column-container\">\r\n        <div class=\"thz-column-in\">\r\n                        <div class=\"thz-column-shortcodes\">\t\r\n                <div id=\"thz-parse-shortcode-block-44103201\" class=\"thz-shc thz-parse-shortcode-block navmenu thz-tablet-hidden thz-mobile-hidden\"><div class=\"menu-editorial-software-menu-dutch-container\"><ul id=\"menu-editorial-software-menu-dutch\" class=\"menu\"><li class=\"lifirst\"><a title=\"RedaFact server\" href=\"https:\/\/www.adfactory.nl\/nl\/products\/editorial-software\/redafact-server\/\" itemprop=\"url\">RedaFact server<\/a><\/li>\n<li><a title=\"PDF block article module\" href=\"https:\/\/www.adfactory.nl\/nl\/products\/editorial-software\/pdf-block-article-module\/\" itemprop=\"url\">PDF blok-artikel module<\/a><\/li>\n<li><a title=\"RedaFlow\" href=\"https:\/\/www.adfactory.nl\/nl\/products\/editorial-software\/redaflow\/\" itemprop=\"url\">RedaFlow<\/a><\/li>\n<li><a title=\"Webtext module\" href=\"https:\/\/www.adfactory.nl\/nl\/products\/editorial-software\/webtext-module\/\" itemprop=\"url\">Webtext module<\/a><\/li>\n<li class=\"lilast\"><a title=\"Photo upload\" href=\"https:\/\/www.adfactory.nl\/nl\/products\/editorial-software\/photo-upload\/\" itemprop=\"url\">Foto upload<\/a><\/li>\n<\/ul><\/div><\/div>            <\/div>\r\n                                            <\/div>\r\n    <\/div>\r\n<\/div><div id=\"thz-column-cd4d266d9\" class=\"thz-column thz-col-2-5 fstart\">\r\n\t<div class=\"thz-column-container\">\r\n        <div class=\"thz-column-in\">\r\n                        <div class=\"thz-column-shortcodes\">\t\r\n                <div id=\"thz-sh-f49f38c6\" class=\"thz-shc thz-heading thz-sh-f49f38c6 thz-sh-plain thz-sh-pos-both\">\r\n\t<div class=\"thz-heading-holder\">\r\n\t\t\t\t<div class=\"thz-sh-sub\"><p>RedaFact is een compact, webbrowser gebaseerd redactioneel sofware-systeem, speciaal ontwikkeld voor kleine en middelgrote uitgevers van (week) kranten en tijdschriften. Het bestaat uit een database die toegankelijk is via een webportal en waarmee artikelen, afbeeldingen en extra plaatsingsvoorkeuren kunnen worden ingevoerd voor publicatie op papier en website.<\/p><\/div>\t\t\t<\/div>\r\n<\/div><div id=\"thz-text-block-31ab7f34\" class=\"thz-shc thz-text-block\"><p>Uiteraard kunnen bij het invoeren van de artikelteksten zaken als titelkop, intro, bodytekst etc. worden aangeven. Bij het opmaken van de pagina's wordt zodoende de juiste alineastijl direct overgenomen. Het webportaal dient bovendien als een persoonlijk archief per gebruiker (reporter \/ journalist). Alleen wanneer een artikel wordt vrijgegeven, wordt dit zichtbaar voor de hoofdredacteur. Deze kan dan ev. correcties uit voeren en het artikel klaar zetten voor publicatie in een of meer edities (print en\/of web). Daarnaast kan een hoofdredacteur een artikel delegeren aan een correspondent om een verhaal te schrijven (ev. met een maximum aan woorden). Artikelen kunnen titelonafhankelijk worden ge\u00fcpload, maar gebruikers kunnen ook hard worden gekoppeld aan \u00e9\u00e9n of meer publicaties.<\/p><\/div><div class=\"thz-btn-container thz-custom-btn-47916 ctm-btn thz-mt-70\"><a class=\"thz-button thz-radius-0 thz-btn-border-1 thz-align-center\" href=\"http:\/\/www.adfactory.nl\/about-us\/contact\/\"><span class=\"thz-btn-text thz-text-uppercase thz-vp-10 thz-hp-50 thz-fs-15 thz-fw-600\">Contact us<\/span><\/a><\/div>            <\/div>\r\n                                            <\/div>\r\n    <\/div>\r\n<\/div><div id=\"thz-column-cbad6b77c\" class=\"thz-column thz-col-2-5 fstart\">\r\n\t<div class=\"thz-column-container\">\r\n        <div class=\"thz-column-in\">\r\n                        <div class=\"thz-column-shortcodes\">\t\r\n                <div id=\"thz-media-image-6f98f600\" class=\"thz-shc thz-media-image-container thz-media-mode-none\"><div class=\"thz-media-item thz-media-item-image\"><img loading=\"lazy\" decoding=\"async\" width=\"570\" height=\"319\" src=\"https:\/\/www.adfactory.nl\/wp-content\/uploads\/2020\/01\/RedaFact-570x319.png\" class=\"\" alt=\"RedaFact\" srcset=\"https:\/\/www.adfactory.nl\/wp-content\/uploads\/2020\/01\/RedaFact-570x319.png 570w, https:\/\/www.adfactory.nl\/wp-content\/uploads\/2020\/01\/RedaFact-300x168.png 300w, https:\/\/www.adfactory.nl\/wp-content\/uploads\/2020\/01\/RedaFact-1024x574.png 1024w, https:\/\/www.adfactory.nl\/wp-content\/uploads\/2020\/01\/RedaFact-768x430.png 768w, https:\/\/www.adfactory.nl\/wp-content\/uploads\/2020\/01\/RedaFact-1200x672.png 1200w, https:\/\/www.adfactory.nl\/wp-content\/uploads\/2020\/01\/RedaFact-350x196.png 350w, https:\/\/www.adfactory.nl\/wp-content\/uploads\/2020\/01\/RedaFact-570x319.png 1294w\" sizes=\"auto, (max-width: 570px) 100vw, 570px\" \/><a class=\"thz-hover-link thz-lightbox mfp-image\" href=\"#\" data-bg=\"mfp-dark\" data-opacity=\"mfp-opacity-08\" data-effect=\"mfp-zoom-in\" data-mfp-src=\"\/\/www.adfactory.nl\/wp-content\/uploads\/2020\/01\/RedaFact.png\" data-mfp-title=\"RedaFact\"><\/a><\/div><\/div>            <\/div>\r\n                                            <\/div>\r\n    <\/div>\r\n<\/div><\/div>\t\t\t<\/div>\r\n\t\t\t\t<\/div>\r\n\t\t\t\t<\/section>\r\n<\/div>\r\n<\/p>\n","protected":false},"excerpt":{"rendered":"<p>RedaFact server PDF blok-artikel module RedaFlow Webtext module Foto upload RedaFact is een compact, webbrowser gebaseerd redactioneel sofware-systeem, speciaal ontwikkeld voor kleine en middelgrote uitgevers van (week) kranten en tijdschriften. Het bestaat uit een database die toegankelijk is via een webportal en waarmee artikelen, afbeeldingen en extra plaatsingsvoorkeuren kunnen worden ingevoerd voor publicatie op papier en website. Uiteraard kunnen bij het invoeren van de artikelteksten zaken als titelkop, intro, bodytekst etc. worden aangeven. Bij het opmaken van de pagina&#8217;s wordt zodoende de juiste alineastijl direct overgenomen. Het webportaal dient bovendien als een persoonlijk archief per gebruiker (reporter \/ journalist). Alleen wanneer een artikel wordt vrijgegeven, wordt dit zichtbaar voor de hoofdredacteur. Deze kan dan ev. correcties uit voeren en het artikel klaar zetten voor publicatie in een of meer edities (print en\/of web). Daarnaast kan een hoofdredacteur een artikel delegeren aan een correspondent om een verhaal te schrijven (ev. met een maximum aan woorden). Artikelen kunnen titelonafhankelijk worden ge\u00fcpload, maar gebruikers kunnen ook hard worden gekoppeld aan \u00e9\u00e9n of meer publicaties.Contact us<\/p>\n","protected":false},"author":1,"featured_media":0,"parent":1334,"menu_order":0,"comment_status":"closed","ping_status":"closed","template":"template-parts\/page-builder.php","meta":{"footnotes":""},"tags":[],"class_list":["post-1290","page","type-page","status-publish","hentry"],"_links":{"self":[{"href":"https:\/\/www.adfactory.nl\/nl\/wp-json\/wp\/v2\/pages\/1290","targetHints":{"allow":["GET"]}}],"collection":[{"href":"https:\/\/www.adfactory.nl\/nl\/wp-json\/wp\/v2\/pages"}],"about":[{"href":"https:\/\/www.adfactory.nl\/nl\/wp-json\/wp\/v2\/types\/page"}],"author":[{"embeddable":true,"href":"https:\/\/www.adfactory.nl\/nl\/wp-json\/wp\/v2\/users\/1"}],"replies":[{"embeddable":true,"href":"https:\/\/www.adfactory.nl\/nl\/wp-json\/wp\/v2\/comments?post=1290"}],"version-history":[{"count":4,"href":"https:\/\/www.adfactory.nl\/nl\/wp-json\/wp\/v2\/pages\/1290\/revisions"}],"predecessor-version":[{"id":2277,"href":"https:\/\/www.adfactory.nl\/nl\/wp-json\/wp\/v2\/pages\/1290\/revisions\/2277"}],"up":[{"embeddable":true,"href":"https:\/\/www.adfactory.nl\/nl\/wp-json\/wp\/v2\/pages\/1334"}],"wp:attachment":[{"href":"https:\/\/www.adfactory.nl\/nl\/wp-json\/wp\/v2\/media?parent=1290"}],"wp:term":[{"taxonomy":"post_tag","embeddable":true,"href":"https:\/\/www.adfactory.nl\/nl\/wp-json\/wp\/v2\/tags?post=1290"}],"curies":[{"name":"wp","href":"https:\/\/api.w.org\/{rel}","templated":true}]}}