{"id":1278,"date":"2020-01-10T15:45:35","date_gmt":"2020-01-10T14:45:35","guid":{"rendered":"http:\/\/www.adfactory.nl\/real-estate-module\/"},"modified":"2020-03-25T19:07:38","modified_gmt":"2020-03-25T18:07:38","slug":"real-estate-module","status":"publish","type":"page","link":"https:\/\/www.adfactory.nl\/nl\/products\/self-service\/real-estate-module\/","title":{"rendered":"Makelaars module"},"content":{"rendered":"<p><div id=\"thz-section-holder-sd93a2836\" class=\"thz-section-holder section-notcontained none\" data-view-brightness=\"none\">\r\n\t<section class=\"thz-section\">\r\n\t\t<div class=\"thz-section-in\">\r\n\t\t\t\t\t<div class=\"thz-container content-contained thz-site-width\">\r\n\t\t\t\t<div class=\"thz-row\">\r\n\t<div id=\"thz-column-c0e941373\" class=\"thz-column thz-col-1 fstart\">\r\n\t<div class=\"thz-column-container\">\r\n        <div class=\"thz-column-in\">\r\n                        <div class=\"thz-column-shortcodes\">\t\r\n                <div id=\"thz-breadcrumbs-b2bd4d54\" class=\"thz-shc thz-breadcrumbs\">\r\n<\/div>            <\/div>\r\n                                            <\/div>\r\n    <\/div>\r\n<\/div><\/div>\t\t\t<\/div>\r\n\t\t\t\t<\/div>\r\n\t\t\t\t<\/section>\r\n<\/div>\r\n<div id=\"thz-section-holder-sf2ae78a9\" class=\"product-section thz-section-holder section-notcontained none\" data-view-brightness=\"none\">\r\n\t<section class=\"thz-section\">\r\n\t\t<div class=\"thz-section-in\">\r\n\t\t\t\t\t<div class=\"thz-container content-contained thz-site-width\">\r\n\t\t\t\t<div class=\"thz-row\">\r\n\t<div id=\"thz-column-c9b14a002\" class=\"thz-column thz-col-1-5 fstart thz-tablet-hidden thz-mobile-hidden\">\r\n\t<div class=\"thz-column-container\">\r\n        <div class=\"thz-column-in\">\r\n                        <div class=\"thz-column-shortcodes\">\t\r\n                <div id=\"thz-parse-shortcode-block-44103201\" class=\"thz-shc thz-parse-shortcode-block navmenu thz-tablet-hidden thz-mobile-hidden\"><div class=\"menu-self-service-menu-dutch-container\"><ul id=\"menu-self-service-menu-dutch\" class=\"menu\"><li class=\"lifirst\"><a href=\"https:\/\/www.adfactory.nl\/nl\/products\/self-service\/adonline\/\" itemprop=\"url\">AdOnline<\/a><\/li>\n<li><a href=\"https:\/\/www.adfactory.nl\/nl\/products\/self-service\/real-estate-module\/\" itemprop=\"url\">Makelaars module<\/a><\/li>\n<li class=\"lilast\"><a href=\"https:\/\/www.adfactory.nl\/nl\/products\/self-service\/news-website\/\" itemprop=\"url\">Nieuws Website<\/a><\/li>\n<\/ul><\/div><\/div>            <\/div>\r\n                                            <\/div>\r\n    <\/div>\r\n<\/div><div id=\"thz-column-cd4d266d9\" class=\"thz-column thz-col-2-5 fstart\">\r\n\t<div class=\"thz-column-container\">\r\n        <div class=\"thz-column-in\">\r\n                        <div class=\"thz-column-shortcodes\">\t\r\n                <div id=\"thz-sh-f49f38c6\" class=\"thz-shc thz-heading thz-sh-f49f38c6 thz-sh-plain thz-sh-pos-both\">\r\n\t<div class=\"thz-heading-holder\">\r\n\t\t\t\t<div class=\"thz-sh-sub\"><p>Met deze module kunnen makelaars online zelf huisadvertenties online boeken en cre\u00ebren. De door sjablonen gestuurde geautomatiseerde advertentie-opmaak kan zelfs advertenties met meerdere huizenfoto's genereren tot wel 'double page spreads' grootte.<\/p><\/div>\t\t\t<\/div>\r\n<\/div><div id=\"thz-text-block-31ab7f34\" class=\"thz-shc thz-text-block\"><p>Optioneel kan de database van het makelaarskantoor, die alle huisgegevens bijhoudt, \u00a0worden gebruikt om de Real Estate-module van AdFactory te voeden, zodat deze maar \u00e9\u00e9n keer op \u00e9\u00e9n plaats hoeft te worden ingevuld. Natuurlijk kan deze informatie worden bewerkt, kunnen foto's worden gewijzigd \/ ge\u00fcpload etc.<\/p><p>Het makelaarskantoor selecteert de huizen voor de advertentie, bepaalt de volgorde waarin de huizen worden gepositioneerd en past eventueel de teksten aan. Eventueel kan ook tekst over de foto's worden geplaatst voor speciale aankondigingen voor een huis (zoals VERKOCHT of OPEN HUIS, enz.). Vervolgend kan dan een voorvertoning worden opgevraagd, zodat men zelf kan zien hoe de advertentie er uit komt te zien. Hierdoor is het heen en weer sturen van proef advertenties niet meer nodig!<\/p><p>Omdat hierdoor de advertentie-deadline ook later gezet kan worden, kunnen deze advertenties beschikken over de meest actuele informatie.<\/p><\/div><div class=\"thz-btn-container thz-custom-btn-47916 ctm-btn thz-mt-70\"><a class=\"thz-button thz-radius-0 thz-btn-border-1 thz-align-center\" href=\"http:\/\/www.adfactory.nl\/about-us\/contact\/\"><span class=\"thz-btn-text thz-text-uppercase thz-vp-10 thz-hp-50 thz-fs-15 thz-fw-600\">Contact us<\/span><\/a><\/div>            <\/div>\r\n                                            <\/div>\r\n    <\/div>\r\n<\/div><div id=\"thz-column-cbad6b77c\" class=\"thz-column thz-col-2-5 fstart\">\r\n\t<div class=\"thz-column-container\">\r\n        <div class=\"thz-column-in\">\r\n                        <div class=\"thz-column-shortcodes\">\t\r\n                <div id=\"thz-media-image-6f98f600\" class=\"thz-shc thz-media-image-container thz-media-mode-none\"><div class=\"thz-media-item thz-media-item-image\"><img loading=\"lazy\" decoding=\"async\" width=\"570\" height=\"545\" src=\"https:\/\/www.adfactory.nl\/wp-content\/uploads\/2020\/01\/Realestate--570x545.png\" class=\"\" alt=\"Realestate\" srcset=\"https:\/\/www.adfactory.nl\/wp-content\/uploads\/2020\/01\/Realestate--570x545.png 570w, https:\/\/www.adfactory.nl\/wp-content\/uploads\/2020\/01\/Realestate--300x287.png 300w, https:\/\/www.adfactory.nl\/wp-content\/uploads\/2020\/01\/Realestate--768x734.png 768w, https:\/\/www.adfactory.nl\/wp-content\/uploads\/2020\/01\/Realestate--350x334.png 350w, https:\/\/www.adfactory.nl\/wp-content\/uploads\/2020\/01\/Realestate--570x545.png 812w\" sizes=\"auto, (max-width: 570px) 100vw, 570px\" \/><a class=\"thz-hover-link thz-lightbox mfp-image\" href=\"#\" data-bg=\"mfp-dark\" data-opacity=\"mfp-opacity-08\" data-effect=\"mfp-zoom-in\" data-mfp-src=\"\/\/www.adfactory.nl\/wp-content\/uploads\/2020\/01\/Realestate-.png\" data-mfp-title=\"Realestate\"><\/a><\/div><\/div>            <\/div>\r\n                                            <\/div>\r\n    <\/div>\r\n<\/div><\/div>\t\t\t<\/div>\r\n\t\t\t\t<\/div>\r\n\t\t\t\t<\/section>\r\n<\/div>\r\n<\/p>\n","protected":false},"excerpt":{"rendered":"<p>AdOnline Makelaars module Nieuws Website Met deze module kunnen makelaars online zelf huisadvertenties online boeken en cre\u00ebren. De door sjablonen gestuurde geautomatiseerde advertentie-opmaak kan zelfs advertenties met meerdere huizenfoto&#8217;s genereren tot wel &#8216;double page spreads&#8217; grootte. Optioneel kan de database van het makelaarskantoor, die alle huisgegevens bijhoudt, \u00a0worden gebruikt om de Real Estate-module van AdFactory te voeden, zodat deze maar \u00e9\u00e9n keer op \u00e9\u00e9n plaats hoeft te worden ingevuld. Natuurlijk kan deze informatie worden bewerkt, kunnen foto&#8217;s worden gewijzigd \/ ge\u00fcpload etc.Het makelaarskantoor selecteert de huizen voor de advertentie, bepaalt de volgorde waarin de huizen worden gepositioneerd en past eventueel de teksten aan. Eventueel kan ook tekst over de foto&#8217;s worden geplaatst voor speciale aankondigingen voor een huis (zoals VERKOCHT of OPEN HUIS, enz.). Vervolgend kan dan een voorvertoning worden opgevraagd, zodat men zelf kan zien hoe de advertentie er uit komt te zien. Hierdoor is het heen en weer sturen van proef advertenties niet meer nodig!Omdat hierdoor de advertentie-deadline ook later gezet kan worden, kunnen deze advertenties beschikken over de meest actuele informatie.Contact us<\/p>\n","protected":false},"author":1,"featured_media":0,"parent":1333,"menu_order":0,"comment_status":"closed","ping_status":"closed","template":"template-parts\/page-builder.php","meta":{"footnotes":""},"tags":[],"class_list":["post-1278","page","type-page","status-publish","hentry"],"_links":{"self":[{"href":"https:\/\/www.adfactory.nl\/nl\/wp-json\/wp\/v2\/pages\/1278","targetHints":{"allow":["GET"]}}],"collection":[{"href":"https:\/\/www.adfactory.nl\/nl\/wp-json\/wp\/v2\/pages"}],"about":[{"href":"https:\/\/www.adfactory.nl\/nl\/wp-json\/wp\/v2\/types\/page"}],"author":[{"embeddable":true,"href":"https:\/\/www.adfactory.nl\/nl\/wp-json\/wp\/v2\/users\/1"}],"replies":[{"embeddable":true,"href":"https:\/\/www.adfactory.nl\/nl\/wp-json\/wp\/v2\/comments?post=1278"}],"version-history":[{"count":4,"href":"https:\/\/www.adfactory.nl\/nl\/wp-json\/wp\/v2\/pages\/1278\/revisions"}],"predecessor-version":[{"id":2292,"href":"https:\/\/www.adfactory.nl\/nl\/wp-json\/wp\/v2\/pages\/1278\/revisions\/2292"}],"up":[{"embeddable":true,"href":"https:\/\/www.adfactory.nl\/nl\/wp-json\/wp\/v2\/pages\/1333"}],"wp:attachment":[{"href":"https:\/\/www.adfactory.nl\/nl\/wp-json\/wp\/v2\/media?parent=1278"}],"wp:term":[{"taxonomy":"post_tag","embeddable":true,"href":"https:\/\/www.adfactory.nl\/nl\/wp-json\/wp\/v2\/tags?post=1278"}],"curies":[{"name":"wp","href":"https:\/\/api.w.org\/{rel}","templated":true}]}}