{"id":1349,"date":"2020-01-10T10:19:31","date_gmt":"2020-01-10T09:19:31","guid":{"rendered":"http:\/\/www.adfactory.nl\/solutions\/ad-salesbooking\/"},"modified":"2020-03-26T10:29:05","modified_gmt":"2020-03-26T09:29:05","slug":"ad-salesbooking","status":"publish","type":"page","link":"https:\/\/www.adfactory.nl\/de\/solutions\/ad-salesbooking\/","title":{"rendered":"Anzeigen"},"content":{"rendered":"<p><div id=\"thz-section-holder-s7165b1e6\" class=\"thz-section-holder section-notcontained none\" data-view-brightness=\"none\">\r\n\t<section class=\"thz-section\">\r\n\t\t<div class=\"thz-section-in\">\r\n\t\t\t\t\t<div class=\"thz-container content-contained thz-site-width\">\r\n\t\t\t\t<div class=\"thz-row\">\r\n\t<div id=\"thz-column-ce2f0bfda\" class=\"thz-column thz-col-1 fstart\">\r\n\t<div class=\"thz-column-container\">\r\n        <div class=\"thz-column-in\">\r\n                        <div class=\"thz-column-shortcodes\">\t\r\n                <div id=\"thz-breadcrumbs-6565ee7e\" class=\"thz-shc thz-breadcrumbs\">\r\n<\/div><div id=\"thz-sh-2cdacf9b\" class=\"thz-shc thz-heading thz-sh-2cdacf9b thz-sh-plain thz-sh-pos-both\">\r\n\t<div class=\"thz-heading-holder\">\r\n\t\t\t\t<h1 class=\"thz-heading-title\">Anzeigen Buchung&amp;Verkauf<\/h1><div class=\"thz-sh-sub\"><p>Weil Anzeigen ein wichtiges Einkommen sind f\u00fcr Zeitungs- und Magazinverlage muss der interne Anzeigenworkflow gut organisiert und \u00fcberwacht werden.\u00a0Eben so wichtig sind Werkzeuge wie ein CRM System, die das Verkaufsprozess unterst\u00fctzen.<\/p><\/div>\t\t\t<\/div>\r\n<\/div><div id=\"thz-text-block-ffe4b4b6\" class=\"thz-shc thz-text-block\"><p>Um aktiv Anzeigen zu verkaufen sind \u00dcbersichte wie Buchungs-Geschichte und Kunden-Kommunikation sehr wichtig. Am besten sind diese Infos einfach und \u00fcberall verf\u00fcgbar. Themen wie Buchungsfehler, falsche (zu niedrige) Preise, usw. die zu manuellen Eingreifen f\u00fchren, d\u00fcrfen nicht passieren. Das Buchen einer Anzeige soll schnell, einfach und problemlos erfolgen !<\/p><p>Das Web-Browser basierendes\u00a0<a href=\"\/de\/products\/advertising-software\/adfactory-server\/\">AdFactory Anzeigen System<\/a>\u00a0<span id=\"result_box\" lang=\"de\"><span class=\"hps\">bietet all das<\/span>\u00a0<span class=\"hps\">und vieles mehr<\/span>.\u00a0<span class=\"hps\">So erhalten Sie Ihre<\/span>\u00a0<span class=\"hps\">Anzeigen<\/span>\u00a0<span class=\"hps\">organisiert<\/span>,\u00a0und haben Sie st\u00e4ndig\u00a0<span class=\"hps\">einen aktuellen<\/span>\u00a0Stand der\u00a0<span class=\"hps\">Gesch\u00e4fts- und<\/span>\u00a0<span class=\"hps\">Produktionsstatus<\/span>\u00a0von wo\u00a0<span class=\"hps\">immer Sie sind<\/span>,\u00a0<span class=\"hps\">um<\/span>\u00a0<span class=\"hps\">Ihren Arbeitsablauf<\/span>\u00a0<span class=\"hps\">immer optimal<\/span>\u00a0<span class=\"hps\">zu steuern.<\/span><\/span><\/p><\/div>            <\/div>\r\n                                            <\/div>\r\n    <\/div>\r\n<\/div><\/div>\t\t\t<\/div>\r\n\t\t\t\t<\/div>\r\n\t\t\t\t<\/section>\r\n<\/div>\r\n<div id=\"thz-section-holder-s38da107b\" class=\"solutions-blocks thz-section-holder section-notcontained none\" data-view-brightness=\"none\">\r\n\t<section class=\"thz-section\">\r\n\t\t<div class=\"thz-section-in\">\r\n\t\t\t\t\t<div class=\"thz-container content-contained thz-site-width\">\r\n\t\t\t\t<div class=\"thz-row\">\r\n\t<div id=\"thz-column-c52a8e40d\" class=\"thz-column thz-col-1-4 fstart\">\r\n\t<div class=\"thz-column-container\">\r\n        <div class=\"thz-column-in\">\r\n                        <div class=\"thz-column-shortcodes\">\t\r\n                <div id=\"thz-sh-92ebdb3c\" class=\"thz-shc thz-heading thz-sh-92ebdb3c thz-sh-plain thz-sh-pos-both\">\r\n\t<div class=\"thz-heading-holder\">\r\n\t\t\t\t<h3 class=\"thz-heading-title\">Self-service<\/h3>\t\t\t<\/div>\r\n<\/div><div id=\"thz-media-image-83d39947\" class=\"thz-shc thz-media-image-container thz-media-mode-none\"><div class=\"thz-media-item thz-media-item-image\"><img loading=\"lazy\" decoding=\"async\" width=\"226\" height=\"223\" src=\"https:\/\/www.adfactory.nl\/wp-content\/uploads\/2020\/01\/90433.jpg\" class=\"\" alt=\"90433\" \/><a class=\"thz-hover-link\" href=\"http:\/\/www.adfactory.nl\/solutions\/ad-salesbooking\/\" target=\"_self\"><\/a><\/div><\/div><div id=\"thz-text-block-aca2c5eb\" class=\"thz-shc thz-text-block\"><p>Immer mehr Leuten bevorzugen die online Aufgabe von Kleinanzeigen und Familien-Anzeigen. Diese Art Anzeigen haben meistens ein einfaches Layout und folglich<\/p><\/div><div class=\"thz-btn-container thz-custom-btn-47916 ctm-btn thz-mt-10 thz-float-right\"><a class=\"thz-button thz-radius-0 thz-align-center\" href=\"\/de\/solutions\/ad-salesbooking\/\"><span class=\"thz-btn-text thz-vp-10 thz-hp-20 thz-fs-13 thz-fw-400\">Read more<\/span><\/a><\/div>            <\/div>\r\n                                            <\/div>\r\n    <\/div>\r\n<\/div><div id=\"thz-column-c512c51df\" class=\"thz-column thz-col-1-4 fstart\">\r\n\t<div class=\"thz-column-container\">\r\n        <div class=\"thz-column-in\">\r\n                        <div class=\"thz-column-shortcodes\">\t\r\n                <div id=\"thz-sh-ba8a77cb\" class=\"thz-shc thz-heading thz-sh-ba8a77cb thz-sh-plain thz-sh-pos-both\">\r\n\t<div class=\"thz-heading-holder\">\r\n\t\t\t\t<h3 class=\"thz-heading-title\">Produktion<\/h3>\t\t\t<\/div>\r\n<\/div><div id=\"thz-media-image-ee113234\" class=\"thz-shc thz-media-image-container thz-media-mode-none\"><div class=\"thz-media-item thz-media-item-image\"><img loading=\"lazy\" decoding=\"async\" width=\"380\" height=\"243\" src=\"https:\/\/www.adfactory.nl\/wp-content\/uploads\/2020\/01\/90435.jpg\" class=\"\" alt=\"Graphic design studio\" srcset=\"https:\/\/www.adfactory.nl\/wp-content\/uploads\/2020\/01\/90435.jpg 380w, https:\/\/www.adfactory.nl\/wp-content\/uploads\/2020\/01\/90435-300x192.jpg 300w, https:\/\/www.adfactory.nl\/wp-content\/uploads\/2020\/01\/90435-350x224.jpg 350w\" sizes=\"auto, (max-width: 380px) 100vw, 380px\" \/><a class=\"thz-hover-link\" href=\"http:\/\/www.adfactory.nl\/solutions\/production\/\" target=\"_self\"><\/a><\/div><\/div><div id=\"thz-text-block-53c3811f\" class=\"thz-shc thz-text-block\"><p>Bei der Gestaltung der Anzeigen und Artikel muss nat\u00fcrlich das letze neue Material verwendet werden und die Planung immer up-to-date sein. Eine Echt-Zeit Verbindung<\/p><\/div><div class=\"thz-btn-container thz-custom-btn-47916 ctm-btn thz-mt-10 thz-float-right\"><a class=\"thz-button thz-radius-0 thz-align-center\" href=\"\/de\/solutions\/production\/\"><span class=\"thz-btn-text thz-vp-10 thz-hp-20 thz-fs-13 thz-fw-400\">Read more<\/span><\/a><\/div>            <\/div>\r\n                                            <\/div>\r\n    <\/div>\r\n<\/div><div id=\"thz-column-c888a036c\" class=\"thz-column thz-col-1-4 fstart\">\r\n\t<div class=\"thz-column-container\">\r\n        <div class=\"thz-column-in\">\r\n                        <div class=\"thz-column-shortcodes\">\t\r\n                <div id=\"thz-sh-6b94e0d6\" class=\"thz-shc thz-heading thz-sh-6b94e0d6 thz-sh-plain thz-sh-pos-both\">\r\n\t<div class=\"thz-heading-holder\">\r\n\t\t\t\t<h3 class=\"thz-heading-title\">Management Information<\/h3>\t\t\t<\/div>\r\n<\/div><div id=\"thz-media-image-cac8dd1c\" class=\"thz-shc thz-media-image-container thz-media-mode-none\"><div class=\"thz-media-item thz-media-item-image\"><img loading=\"lazy\" decoding=\"async\" width=\"440\" height=\"309\" src=\"https:\/\/www.adfactory.nl\/wp-content\/uploads\/2020\/01\/90436.jpg\" class=\"\" alt=\"90436\" srcset=\"https:\/\/www.adfactory.nl\/wp-content\/uploads\/2020\/01\/90436.jpg 440w, https:\/\/www.adfactory.nl\/wp-content\/uploads\/2020\/01\/90436-300x211.jpg 300w, https:\/\/www.adfactory.nl\/wp-content\/uploads\/2020\/01\/90436-350x246.jpg 350w\" sizes=\"auto, (max-width: 440px) 100vw, 440px\" \/><a class=\"thz-hover-link\" href=\"http:\/\/www.adfactory.nl\/solutions\/management-information\/\" target=\"_self\"><\/a><\/div><\/div><div id=\"thz-text-block-016e277d\" class=\"thz-shc thz-text-block\"><p>Eine up-to-date Status-\u00dcberblick \u00fcber Ihre Ausgabe gibt eine beruhigende Gef\u00fchl. Zu wissen, wie viele Anzeigen gebucht wurden, in der Produktion sind, oder in Korrektur<\/p><\/div><div class=\"thz-btn-container thz-custom-btn-47916 ctm-btn thz-mt-10 thz-float-right\"><a class=\"thz-button thz-radius-0 thz-align-center\" href=\"\/de\/solutions\/management-information\/\"><span class=\"thz-btn-text thz-vp-10 thz-hp-20 thz-fs-13 thz-fw-400\">Read more<\/span><\/a><\/div>            <\/div>\r\n                                            <\/div>\r\n    <\/div>\r\n<\/div><div id=\"thz-column-c96d5ea27\" class=\"thz-column thz-col-1-4 fstart\">\r\n\t<div class=\"thz-column-container\">\r\n        <div class=\"thz-column-in\">\r\n                        <div class=\"thz-column-shortcodes\">\t\r\n                <div id=\"thz-sh-c1260c2a\" class=\"thz-shc thz-heading thz-sh-c1260c2a thz-sh-plain thz-sh-pos-both\">\r\n\t<div class=\"thz-heading-holder\">\r\n\t\t\t\t<h3 class=\"thz-heading-title\">Redaktion<\/h3>\t\t\t<\/div>\r\n<\/div><div id=\"thz-media-image-9ee8ceec\" class=\"thz-shc thz-media-image-container thz-media-mode-none\"><div class=\"thz-media-item thz-media-item-image\"><img loading=\"lazy\" decoding=\"async\" width=\"570\" height=\"398\" src=\"https:\/\/www.adfactory.nl\/wp-content\/uploads\/2020\/01\/90434-570x398.jpg\" class=\"\" alt=\"90434\" srcset=\"https:\/\/www.adfactory.nl\/wp-content\/uploads\/2020\/01\/90434-570x398.jpg 570w, https:\/\/www.adfactory.nl\/wp-content\/uploads\/2020\/01\/90434-300x209.jpg 300w, https:\/\/www.adfactory.nl\/wp-content\/uploads\/2020\/01\/90434-1024x715.jpg 1024w, https:\/\/www.adfactory.nl\/wp-content\/uploads\/2020\/01\/90434-768x536.jpg 768w, https:\/\/www.adfactory.nl\/wp-content\/uploads\/2020\/01\/90434-1200x838.jpg 1200w, https:\/\/www.adfactory.nl\/wp-content\/uploads\/2020\/01\/90434-350x244.jpg 350w, https:\/\/www.adfactory.nl\/wp-content\/uploads\/2020\/01\/90434-570x398.jpg 1511w\" sizes=\"auto, (max-width: 570px) 100vw, 570px\" \/><a class=\"thz-hover-link\" href=\"http:\/\/www.adfactory.nl\/solutions\/editorial\/\" target=\"_self\"><\/a><\/div><\/div><div id=\"thz-text-block-292e4a42\" class=\"thz-shc thz-text-block\"><p>F\u00fcr Tageszeitungen gibt es eine gro\u00dfe Auswahl an Redaktions-Systeme. Aber f\u00fcr Wochenzeitungen und Magazine sind diese L\u00f6sungen oft zu gro\u00df, zu komplex, zu<\/p><\/div><div class=\"thz-btn-container thz-custom-btn-47916 ctm-btn thz-mt-10 thz-float-right\"><a class=\"thz-button thz-radius-0 thz-align-center\" href=\"\/de\/solutions\/editorial\/\"><span class=\"thz-btn-text thz-vp-10 thz-hp-20 thz-fs-13 thz-fw-400\">Read more<\/span><\/a><\/div>            <\/div>\r\n                                            <\/div>\r\n    <\/div>\r\n<\/div><\/div>\t\t\t<\/div>\r\n\t\t\t\t<\/div>\r\n\t\t\t\t<\/section>\r\n<\/div>\r\n<\/p>\n","protected":false},"excerpt":{"rendered":"<p>Anzeigen Buchung&amp;VerkaufWeil Anzeigen ein wichtiges Einkommen sind f\u00fcr Zeitungs- und Magazinverlage muss der interne Anzeigenworkflow gut organisiert und \u00fcberwacht werden.\u00a0Eben so wichtig sind Werkzeuge wie ein CRM System, die das Verkaufsprozess unterst\u00fctzen. Um aktiv Anzeigen zu verkaufen sind \u00dcbersichte wie Buchungs-Geschichte und Kunden-Kommunikation sehr wichtig. Am besten sind diese Infos einfach und \u00fcberall verf\u00fcgbar. Themen wie Buchungsfehler, falsche (zu niedrige) Preise, usw. die zu manuellen Eingreifen f\u00fchren, d\u00fcrfen nicht passieren. Das Buchen einer Anzeige soll schnell, einfach und problemlos erfolgen !Das Web-Browser basierendes\u00a0AdFactory Anzeigen System\u00a0bietet all das\u00a0und vieles mehr.\u00a0So erhalten Sie Ihre\u00a0Anzeigen\u00a0organisiert,\u00a0und haben Sie st\u00e4ndig\u00a0einen aktuellen\u00a0Stand der\u00a0Gesch\u00e4fts- und\u00a0Produktionsstatus\u00a0von wo\u00a0immer Sie sind,\u00a0um\u00a0Ihren Arbeitsablauf\u00a0immer optimal\u00a0zu steuern. Self-service Immer mehr Leuten bevorzugen die online Aufgabe von Kleinanzeigen und Familien-Anzeigen. Diese Art Anzeigen haben meistens ein einfaches Layout und folglichRead more Produktion Bei der Gestaltung der Anzeigen und Artikel muss nat\u00fcrlich das letze neue Material verwendet werden und die Planung immer up-to-date sein. Eine Echt-Zeit VerbindungRead more Management Information Eine up-to-date Status-\u00dcberblick \u00fcber Ihre Ausgabe gibt eine beruhigende Gef\u00fchl. Zu wissen, wie viele Anzeigen gebucht wurden, in der Produktion sind, oder in KorrekturRead more Redaktion F\u00fcr Tageszeitungen gibt es eine gro\u00dfe Auswahl an Redaktions-Systeme. Aber f\u00fcr Wochenzeitungen und Magazine sind diese L\u00f6sungen oft zu [&hellip;]<\/p>\n","protected":false},"author":1,"featured_media":0,"parent":1320,"menu_order":0,"comment_status":"closed","ping_status":"closed","template":"template-parts\/page-builder.php","meta":{"footnotes":""},"tags":[],"class_list":["post-1349","page","type-page","status-publish","hentry"],"_links":{"self":[{"href":"https:\/\/www.adfactory.nl\/de\/wp-json\/wp\/v2\/pages\/1349","targetHints":{"allow":["GET"]}}],"collection":[{"href":"https:\/\/www.adfactory.nl\/de\/wp-json\/wp\/v2\/pages"}],"about":[{"href":"https:\/\/www.adfactory.nl\/de\/wp-json\/wp\/v2\/types\/page"}],"author":[{"embeddable":true,"href":"https:\/\/www.adfactory.nl\/de\/wp-json\/wp\/v2\/users\/1"}],"replies":[{"embeddable":true,"href":"https:\/\/www.adfactory.nl\/de\/wp-json\/wp\/v2\/comments?post=1349"}],"version-history":[{"count":5,"href":"https:\/\/www.adfactory.nl\/de\/wp-json\/wp\/v2\/pages\/1349\/revisions"}],"predecessor-version":[{"id":2298,"href":"https:\/\/www.adfactory.nl\/de\/wp-json\/wp\/v2\/pages\/1349\/revisions\/2298"}],"up":[{"embeddable":true,"href":"https:\/\/www.adfactory.nl\/de\/wp-json\/wp\/v2\/pages\/1320"}],"wp:attachment":[{"href":"https:\/\/www.adfactory.nl\/de\/wp-json\/wp\/v2\/media?parent=1349"}],"wp:term":[{"taxonomy":"post_tag","embeddable":true,"href":"https:\/\/www.adfactory.nl\/de\/wp-json\/wp\/v2\/tags?post=1349"}],"curies":[{"name":"wp","href":"https:\/\/api.w.org\/{rel}","templated":true}]}}