{"id":1344,"date":"2020-01-10T10:19:59","date_gmt":"2020-01-10T09:19:59","guid":{"rendered":"http:\/\/www.adfactory.nl\/solutions\/production\/"},"modified":"2020-03-26T10:30:55","modified_gmt":"2020-03-26T09:30:55","slug":"production","status":"publish","type":"page","link":"https:\/\/www.adfactory.nl\/de\/solutions\/production\/","title":{"rendered":"Produktion"},"content":{"rendered":"<p><div id=\"thz-section-holder-s7165b1e6\" class=\"thz-section-holder section-notcontained none\" data-view-brightness=\"none\">\r\n\t<section class=\"thz-section\">\r\n\t\t<div class=\"thz-section-in\">\r\n\t\t\t\t\t<div class=\"thz-container content-contained thz-site-width\">\r\n\t\t\t\t<div class=\"thz-row\">\r\n\t<div id=\"thz-column-c04198365\" class=\"thz-column thz-col-1 fstart\">\r\n\t<div class=\"thz-column-container\">\r\n        <div class=\"thz-column-in\">\r\n                        <div class=\"thz-column-shortcodes\">\t\r\n                <div id=\"thz-breadcrumbs-6565ee7e\" class=\"thz-shc thz-breadcrumbs\">\r\n<\/div><div id=\"thz-sh-2cdacf9b\" class=\"thz-shc thz-heading thz-sh-2cdacf9b thz-sh-plain thz-sh-pos-both\">\r\n\t<div class=\"thz-heading-holder\">\r\n\t\t\t\t<div class=\"thz-sh-sub\"><p>Bei der Gestaltung der Anzeigen und Artikel muss nat\u00fcrlich das letze neue Material verwendet werden und die Planung immer up-to-date sein. Eine Echt-Zeit Verbindung zwischen Produktion und Annahme\/Eingabe ist dazu unerl\u00e4sslich.\u00a0 Au\u00dferdem<span id=\"result_box\" lang=\"de\"><span class=\"hps\">\u00a0spart<\/span>\u00a0es\u00a0<span class=\"hps\">viel Zeit<\/span>\u00a0<span class=\"hps\">w\u00e4hrend der Anzeigenproduktion\u00a0wenn die Suche nach<\/span>\u00a0<span class=\"hps atn\">Kunden-<\/span>Material<span class=\"hps\">\u00a0nicht n\u00f6tig ist<\/span>,\u00a0<span class=\"hps\">und wenn<\/span>\u00a0Korrekturabz\u00fcge\u00a0<\/span><span lang=\"de\"><span class=\"hps\">automatisch ausgesendet<\/span>\u00a0werden.<\/span><\/p><\/div>\t\t\t<\/div>\r\n<\/div><div id=\"thz-text-block-ffe4b4b6\" class=\"thz-shc thz-text-block\"><p>Die Produktionsmodule\u00a0<a href=\"\/de\/products\/advertising-software\/adflow-production\/\">AdFlow<\/a>\u00a0(f\u00fcr Anzeigen) und\u00a0<a href=\"http:\/\/www.adfactory.nl\/redaflow_de\">RedaFlow<\/a>\u00a0(f\u00fcr Artikel)\u00a0<span id=\"result_box\" lang=\"de\"><span class=\"hps\">wurden entwickelt, um<\/span>\u00a0<span class=\"hps\">dies zu tun.<\/span>\u00a0<span class=\"hps\">Mit einer<\/span>\u00a0<span class=\"hps\">Kopplung an den<\/span>\u00a0<span class=\"hps\">Anzeigen-<\/span>\u00a0<span class=\"hps\">und Artikel<\/span><span class=\"atn\">-<\/span>Datenbank und\u00a0an\u00a0<span class=\"hps\">InDesign<\/span>\u00a0wird\u00a0<span class=\"hps\">eine sehr schnelle und<\/span>\u00a0<span class=\"hps\">fehlerfreie<\/span>\u00a0<span class=\"hps\">Produktion von<\/span>\u00a0<span class=\"hps\">Anzeigen<\/span>\u00a0<span class=\"hps\">und Artikel<\/span>\u00a0<span class=\"hps\">realisiert<\/span>.\u00a0<span class=\"hps\">Sowohl<\/span>\u00a0existierendes\u00a0<span class=\"hps\">wie auch<\/span>\u00a0<span class=\"hps\">neues Material ist<\/span>\u00a0n\u00e4mlich<span class=\"hps\">\u00a0sofort zur Verf\u00fcgung<\/span>,\u00a0<span class=\"hps\">und Inserenten<\/span>\u00a0<span class=\"hps\">k\u00f6nnen einen Korrekturabzug<\/span>\u00a0<span class=\"hps\">\u00a0ihrer<\/span>\u00a0<span class=\"hps\">Anzeige f\u00fcr<\/span>\u00a0<span class=\"hps atn\">Online-<\/span>Genehmigung\u00a0 bekommen:\u00a0<span class=\"hps\">weniger Fehler<\/span>,\u00a0<span class=\"hps\">und sehr<\/span>\u00a0<span class=\"hps\">zeitsparend<\/span>!<\/span><\/p><\/div>            <\/div>\r\n                                            <\/div>\r\n    <\/div>\r\n<\/div><\/div>\t\t\t<\/div>\r\n\t\t\t\t<\/div>\r\n\t\t\t\t<\/section>\r\n<\/div>\r\n<div id=\"thz-section-holder-s38da107b\" class=\"solutions-blocks thz-section-holder section-notcontained none\" data-view-brightness=\"none\">\r\n\t<section class=\"thz-section\">\r\n\t\t<div class=\"thz-section-in\">\r\n\t\t\t\t\t<div class=\"thz-container content-contained thz-site-width\">\r\n\t\t\t\t<div class=\"thz-row\">\r\n\t<div id=\"thz-column-c96d5ea27\" class=\"thz-column thz-col-1-4 fstart\">\r\n\t<div class=\"thz-column-container\">\r\n        <div class=\"thz-column-in\">\r\n                        <div class=\"thz-column-shortcodes\">\t\r\n                <div id=\"thz-sh-c1260c2a\" class=\"thz-shc thz-heading thz-sh-c1260c2a thz-sh-plain thz-sh-pos-both\">\r\n\t<div class=\"thz-heading-holder\">\r\n\t\t\t\t<h3 class=\"thz-heading-title\">Anzeigen Verkauf&amp;Buchen<\/h3>\t\t\t<\/div>\r\n<\/div><div id=\"thz-media-image-9ee8ceec\" class=\"thz-shc thz-media-image-container thz-media-mode-none\"><div class=\"thz-media-item thz-media-item-image\"><img loading=\"lazy\" decoding=\"async\" width=\"570\" height=\"406\" src=\"https:\/\/www.adfactory.nl\/wp-content\/uploads\/2020\/01\/90432-570x406.png\" class=\"\" alt=\"90432\" srcset=\"https:\/\/www.adfactory.nl\/wp-content\/uploads\/2020\/01\/90432-570x406.png 570w, https:\/\/www.adfactory.nl\/wp-content\/uploads\/2020\/01\/90432-300x214.png 300w, https:\/\/www.adfactory.nl\/wp-content\/uploads\/2020\/01\/90432-350x249.png 350w, https:\/\/www.adfactory.nl\/wp-content\/uploads\/2020\/01\/90432-570x406.png 731w\" sizes=\"auto, (max-width: 570px) 100vw, 570px\" \/><a class=\"thz-hover-link\" href=\"http:\/\/www.adfactory.nl\/solutions\/ad-salesbooking\/\" target=\"_self\"><\/a><\/div><\/div><div id=\"thz-text-block-292e4a42\" class=\"thz-shc thz-text-block\"><p>Weil Anzeigen ein wichtiges Einkommen sind f\u00fcr Zeitungs- und Magazinverlage muss der interne Anzeigenworkflow gut organisiert und \u00fcberwacht werden. Eben so<\/p><\/div><div class=\"thz-btn-container thz-custom-btn-47916 ctm-btn thz-mt-10 thz-float-right\"><a class=\"thz-button thz-radius-0 thz-align-center\" href=\"\/de\/solutions\/ad-salesbooking\/\"><span class=\"thz-btn-text thz-vp-10 thz-hp-20 thz-fs-13 thz-fw-400\">Read more<\/span><\/a><\/div>            <\/div>\r\n                                            <\/div>\r\n    <\/div>\r\n<\/div><div id=\"thz-column-c52a8e40d\" class=\"thz-column thz-col-1-4 fstart\">\r\n\t<div class=\"thz-column-container\">\r\n        <div class=\"thz-column-in\">\r\n                        <div class=\"thz-column-shortcodes\">\t\r\n                <div id=\"thz-sh-92ebdb3c\" class=\"thz-shc thz-heading thz-sh-92ebdb3c thz-sh-plain thz-sh-pos-both\">\r\n\t<div class=\"thz-heading-holder\">\r\n\t\t\t\t<h3 class=\"thz-heading-title\">Self-service<\/h3>\t\t\t<\/div>\r\n<\/div><div id=\"thz-media-image-83d39947\" class=\"thz-shc thz-media-image-container thz-media-mode-none\"><div class=\"thz-media-item thz-media-item-image\"><img loading=\"lazy\" decoding=\"async\" width=\"226\" height=\"223\" src=\"https:\/\/www.adfactory.nl\/wp-content\/uploads\/2020\/01\/90433.jpg\" class=\"\" alt=\"90433\" \/><a class=\"thz-hover-link\" href=\"http:\/\/www.adfactory.nl\/solutions\/website-self-service\/\" target=\"_self\"><\/a><\/div><\/div><div id=\"thz-text-block-aca2c5eb\" class=\"thz-shc thz-text-block\"><p>Immer mehr Leuten bevorzugen die online Aufgabe von Kleinanzeigen und Familien-Anzeigen. Diese Art Anzeigen haben meistens ein einfaches Layout und folglich<\/p><\/div><div class=\"thz-btn-container thz-custom-btn-47916 ctm-btn thz-mt-10 thz-float-right\"><a class=\"thz-button thz-radius-0 thz-align-center\" href=\"\/de\/solutions\/website-self-service\/\"><span class=\"thz-btn-text thz-vp-10 thz-hp-20 thz-fs-13 thz-fw-400\">Read more<\/span><\/a><\/div>            <\/div>\r\n                                            <\/div>\r\n    <\/div>\r\n<\/div><div id=\"thz-column-c888a036c\" class=\"thz-column thz-col-1-4 fstart\">\r\n\t<div class=\"thz-column-container\">\r\n        <div class=\"thz-column-in\">\r\n                        <div class=\"thz-column-shortcodes\">\t\r\n                <div id=\"thz-sh-6b94e0d6\" class=\"thz-shc thz-heading thz-sh-6b94e0d6 thz-sh-plain thz-sh-pos-both\">\r\n\t<div class=\"thz-heading-holder\">\r\n\t\t\t\t<h3 class=\"thz-heading-title\">Management Information<\/h3>\t\t\t<\/div>\r\n<\/div><div id=\"thz-media-image-cac8dd1c\" class=\"thz-shc thz-media-image-container thz-media-mode-none\"><div class=\"thz-media-item thz-media-item-image\"><img loading=\"lazy\" decoding=\"async\" width=\"440\" height=\"309\" src=\"https:\/\/www.adfactory.nl\/wp-content\/uploads\/2020\/01\/90436.jpg\" class=\"\" alt=\"90436\" srcset=\"https:\/\/www.adfactory.nl\/wp-content\/uploads\/2020\/01\/90436.jpg 440w, https:\/\/www.adfactory.nl\/wp-content\/uploads\/2020\/01\/90436-300x211.jpg 300w, https:\/\/www.adfactory.nl\/wp-content\/uploads\/2020\/01\/90436-350x246.jpg 350w\" sizes=\"auto, (max-width: 440px) 100vw, 440px\" \/><a class=\"thz-hover-link\" href=\"http:\/\/www.adfactory.nl\/solutions\/management-information\/\" target=\"_self\"><\/a><\/div><\/div><div id=\"thz-text-block-016e277d\" class=\"thz-shc thz-text-block\"><p>Eine up-to-date Status-\u00dcberblick \u00fcber Ihre Ausgabe gibt eine beruhigende Gef\u00fchl. Zu wissen, wie viele Anzeigen gebucht wurden, in der Produktion sind, oder in Korrektur<\/p><\/div><div class=\"thz-btn-container thz-custom-btn-47916 ctm-btn thz-mt-10 thz-float-right\"><a class=\"thz-button thz-radius-0 thz-align-center\" href=\"\/de\/solutions\/management-information\/\"><span class=\"thz-btn-text thz-vp-10 thz-hp-20 thz-fs-13 thz-fw-400\">Read more<\/span><\/a><\/div>            <\/div>\r\n                                            <\/div>\r\n    <\/div>\r\n<\/div><div id=\"thz-column-c8bf0acb9\" class=\"thz-column thz-col-1-4 fstart\">\r\n\t<div class=\"thz-column-container\">\r\n        <div class=\"thz-column-in\">\r\n                        <div class=\"thz-column-shortcodes\">\t\r\n                <div id=\"thz-sh-38a2268c\" class=\"thz-shc thz-heading thz-sh-38a2268c thz-sh-plain thz-sh-pos-both\">\r\n\t<div class=\"thz-heading-holder\">\r\n\t\t\t\t<h3 class=\"thz-heading-title\">Redaktion<\/h3>\t\t\t<\/div>\r\n<\/div><div id=\"thz-media-image-32089482\" class=\"thz-shc thz-media-image-container thz-media-mode-none\"><div class=\"thz-media-item thz-media-item-image\"><img loading=\"lazy\" decoding=\"async\" width=\"570\" height=\"398\" src=\"https:\/\/www.adfactory.nl\/wp-content\/uploads\/2020\/01\/90434-570x398.jpg\" class=\"\" alt=\"90434\" srcset=\"https:\/\/www.adfactory.nl\/wp-content\/uploads\/2020\/01\/90434-570x398.jpg 570w, https:\/\/www.adfactory.nl\/wp-content\/uploads\/2020\/01\/90434-300x209.jpg 300w, https:\/\/www.adfactory.nl\/wp-content\/uploads\/2020\/01\/90434-1024x715.jpg 1024w, https:\/\/www.adfactory.nl\/wp-content\/uploads\/2020\/01\/90434-768x536.jpg 768w, https:\/\/www.adfactory.nl\/wp-content\/uploads\/2020\/01\/90434-1200x838.jpg 1200w, https:\/\/www.adfactory.nl\/wp-content\/uploads\/2020\/01\/90434-350x244.jpg 350w, https:\/\/www.adfactory.nl\/wp-content\/uploads\/2020\/01\/90434-570x398.jpg 1511w\" sizes=\"auto, (max-width: 570px) 100vw, 570px\" \/><a class=\"thz-hover-link\" href=\"http:\/\/www.adfactory.nl\/solutions\/editorial\/\" target=\"_self\"><\/a><\/div><\/div><div id=\"thz-text-block-c46eae68\" class=\"thz-shc thz-text-block\"><p>F\u00fcr Tageszeitungen gibt es eine gro\u00dfe Auswahl an Redaktions-Systeme. Aber f\u00fcr Wochenzeitungen und Magazine sind diese L\u00f6sungen oft zu gro\u00df, zu komplex, zu<\/p><\/div><div class=\"thz-btn-container thz-custom-btn-47916 ctm-btn thz-mt-10 thz-float-right\"><a class=\"thz-button thz-radius-0 thz-align-center\" href=\"\/de\/solutions\/editorial\/\"><span class=\"thz-btn-text thz-vp-10 thz-hp-20 thz-fs-13 thz-fw-400\">Read more<\/span><\/a><\/div>            <\/div>\r\n                                            <\/div>\r\n    <\/div>\r\n<\/div><\/div>\t\t\t<\/div>\r\n\t\t\t\t<\/div>\r\n\t\t\t\t<\/section>\r\n<\/div>\r\n<\/p>\n","protected":false},"excerpt":{"rendered":"<p>Bei der Gestaltung der Anzeigen und Artikel muss nat\u00fcrlich das letze neue Material verwendet werden und die Planung immer up-to-date sein. Eine Echt-Zeit Verbindung zwischen Produktion und Annahme\/Eingabe ist dazu unerl\u00e4sslich.\u00a0 Au\u00dferdem\u00a0spart\u00a0es\u00a0viel Zeit\u00a0w\u00e4hrend der Anzeigenproduktion\u00a0wenn die Suche nach\u00a0Kunden-Material\u00a0nicht n\u00f6tig ist,\u00a0und wenn\u00a0Korrekturabz\u00fcge\u00a0automatisch ausgesendet\u00a0werden. Die Produktionsmodule\u00a0AdFlow\u00a0(f\u00fcr Anzeigen) und\u00a0RedaFlow\u00a0(f\u00fcr Artikel)\u00a0wurden entwickelt, um\u00a0dies zu tun.\u00a0Mit einer\u00a0Kopplung an den\u00a0Anzeigen-\u00a0und Artikel-Datenbank und\u00a0an\u00a0InDesign\u00a0wird\u00a0eine sehr schnelle und\u00a0fehlerfreie\u00a0Produktion von\u00a0Anzeigen\u00a0und Artikel\u00a0realisiert.\u00a0Sowohl\u00a0existierendes\u00a0wie auch\u00a0neues Material ist\u00a0n\u00e4mlich\u00a0sofort zur Verf\u00fcgung,\u00a0und Inserenten\u00a0k\u00f6nnen einen Korrekturabzug\u00a0\u00a0ihrer\u00a0Anzeige f\u00fcr\u00a0Online-Genehmigung\u00a0 bekommen:\u00a0weniger Fehler,\u00a0und sehr\u00a0zeitsparend! Anzeigen Verkauf&amp;Buchen Weil Anzeigen ein wichtiges Einkommen sind f\u00fcr Zeitungs- und Magazinverlage muss der interne Anzeigenworkflow gut organisiert und \u00fcberwacht werden. Eben soRead more Self-service Immer mehr Leuten bevorzugen die online Aufgabe von Kleinanzeigen und Familien-Anzeigen. Diese Art Anzeigen haben meistens ein einfaches Layout und folglichRead more Management Information Eine up-to-date Status-\u00dcberblick \u00fcber Ihre Ausgabe gibt eine beruhigende Gef\u00fchl. Zu wissen, wie viele Anzeigen gebucht wurden, in der Produktion sind, oder in KorrekturRead more Redaktion F\u00fcr Tageszeitungen gibt es eine gro\u00dfe Auswahl an Redaktions-Systeme. Aber f\u00fcr Wochenzeitungen und Magazine sind diese L\u00f6sungen oft zu gro\u00df, zu komplex, zuRead more<\/p>\n","protected":false},"author":1,"featured_media":0,"parent":1320,"menu_order":0,"comment_status":"closed","ping_status":"closed","template":"template-parts\/page-builder.php","meta":{"footnotes":""},"tags":[],"class_list":["post-1344","page","type-page","status-publish","hentry"],"_links":{"self":[{"href":"https:\/\/www.adfactory.nl\/de\/wp-json\/wp\/v2\/pages\/1344","targetHints":{"allow":["GET"]}}],"collection":[{"href":"https:\/\/www.adfactory.nl\/de\/wp-json\/wp\/v2\/pages"}],"about":[{"href":"https:\/\/www.adfactory.nl\/de\/wp-json\/wp\/v2\/types\/page"}],"author":[{"embeddable":true,"href":"https:\/\/www.adfactory.nl\/de\/wp-json\/wp\/v2\/users\/1"}],"replies":[{"embeddable":true,"href":"https:\/\/www.adfactory.nl\/de\/wp-json\/wp\/v2\/comments?post=1344"}],"version-history":[{"count":5,"href":"https:\/\/www.adfactory.nl\/de\/wp-json\/wp\/v2\/pages\/1344\/revisions"}],"predecessor-version":[{"id":2299,"href":"https:\/\/www.adfactory.nl\/de\/wp-json\/wp\/v2\/pages\/1344\/revisions\/2299"}],"up":[{"embeddable":true,"href":"https:\/\/www.adfactory.nl\/de\/wp-json\/wp\/v2\/pages\/1320"}],"wp:attachment":[{"href":"https:\/\/www.adfactory.nl\/de\/wp-json\/wp\/v2\/media?parent=1344"}],"wp:term":[{"taxonomy":"post_tag","embeddable":true,"href":"https:\/\/www.adfactory.nl\/de\/wp-json\/wp\/v2\/tags?post=1344"}],"curies":[{"name":"wp","href":"https:\/\/api.w.org\/{rel}","templated":true}]}}