{"id":1342,"date":"2020-01-10T10:20:32","date_gmt":"2020-01-10T09:20:32","guid":{"rendered":"http:\/\/www.adfactory.nl\/solutions\/website-self-service\/"},"modified":"2020-03-26T10:31:44","modified_gmt":"2020-03-26T09:31:44","slug":"website-self-service","status":"publish","type":"page","link":"https:\/\/www.adfactory.nl\/de\/solutions\/website-self-service\/","title":{"rendered":"Self-Service"},"content":{"rendered":"<p><div id=\"thz-section-holder-s7165b1e6\" class=\"thz-section-holder section-notcontained none\" data-view-brightness=\"none\">\r\n\t<section class=\"thz-section\">\r\n\t\t<div class=\"thz-section-in\">\r\n\t\t\t\t\t<div class=\"thz-container content-contained thz-site-width\">\r\n\t\t\t\t<div class=\"thz-row\">\r\n\t<div id=\"thz-column-c8acf4cb8\" class=\"thz-column thz-col-1 fstart\">\r\n\t<div class=\"thz-column-container\">\r\n        <div class=\"thz-column-in\">\r\n                        <div class=\"thz-column-shortcodes\">\t\r\n                <div id=\"thz-breadcrumbs-6565ee7e\" class=\"thz-shc thz-breadcrumbs\">\r\n<\/div><div id=\"thz-sh-2cdacf9b\" class=\"thz-shc thz-heading thz-sh-2cdacf9b thz-sh-plain thz-sh-pos-both\">\r\n\t<div class=\"thz-heading-holder\">\r\n\t\t\t\t<div class=\"thz-sh-sub\"><p>Immer mehr Leuten bevorzugen die online Aufgabe von Kleinanzeigen und Familien-Anzeigen. Diese Art Anzeigen haben meistens ein einfaches Layout und folglich einen relativ niedrigen Preis.<\/p><\/div>\t\t\t<\/div>\r\n<\/div><div id=\"thz-text-block-ffe4b4b6\" class=\"thz-shc thz-text-block\"><p>Trotzdem kostet es manchmal eigentlich zu viel Zeit diese zu gestalten, ganz zu schweigen von die Anzahl Rechnungen mit kleine Betr\u00e4ge und Bezahlungs Follow-up. Ein Self-Service Portal zum Buchen und Gestalten von Anzeigen, wie\u00a0<a href=\"\/de\/products\/self-service\/adonline\/\">AdOnline<\/a>, nimmt diese Probleme Weg. Verlage k\u00f6nnen Schablone solcher Anzeige auf Ihrer Website platzieren und Inserenten brauchen nur Text und Bilder ein zu geben, die gew\u00fcnschte Ausgabe zu w\u00e4hlen und online zu bezahlen.\u00a0<span id=\"result_box\" lang=\"de\"><span class=\"hps\">Spart Zeit<\/span>\u00a0<span class=\"hps\">in Ihrer<\/span>\u00a0<span class=\"hps\">Produktions-<\/span>\u00a0<span class=\"hps\">und<\/span>\u00a0<span class=\"hps\">Buchhaltung<\/span>\u00a0<span class=\"hps\">-Abteilungen<\/span>!<\/span><\/p><\/div>            <\/div>\r\n                                            <\/div>\r\n    <\/div>\r\n<\/div><\/div>\t\t\t<\/div>\r\n\t\t\t\t<\/div>\r\n\t\t\t\t<\/section>\r\n<\/div>\r\n<div id=\"thz-section-holder-s38da107b\" class=\"solutions-blocks thz-section-holder section-notcontained none\" data-view-brightness=\"none\">\r\n\t<section class=\"thz-section\">\r\n\t\t<div class=\"thz-section-in\">\r\n\t\t\t\t\t<div class=\"thz-container content-contained thz-site-width\">\r\n\t\t\t\t<div class=\"thz-row\">\r\n\t<div id=\"thz-column-c96d5ea27\" class=\"thz-column thz-col-1-4 fstart\">\r\n\t<div class=\"thz-column-container\">\r\n        <div class=\"thz-column-in\">\r\n                        <div class=\"thz-column-shortcodes\">\t\r\n                <div id=\"thz-sh-c1260c2a\" class=\"thz-shc thz-heading thz-sh-c1260c2a thz-sh-plain thz-sh-pos-both\">\r\n\t<div class=\"thz-heading-holder\">\r\n\t\t\t\t<h3 class=\"thz-heading-title\">Anzeigen Verkauf&amp;Buchen<\/h3>\t\t\t<\/div>\r\n<\/div><div id=\"thz-media-image-9ee8ceec\" class=\"thz-shc thz-media-image-container thz-media-mode-none\"><div class=\"thz-media-item thz-media-item-image\"><img loading=\"lazy\" decoding=\"async\" width=\"570\" height=\"406\" src=\"https:\/\/www.adfactory.nl\/wp-content\/uploads\/2020\/01\/90432-570x406.png\" class=\"\" alt=\"90432\" srcset=\"https:\/\/www.adfactory.nl\/wp-content\/uploads\/2020\/01\/90432-570x406.png 570w, https:\/\/www.adfactory.nl\/wp-content\/uploads\/2020\/01\/90432-300x214.png 300w, https:\/\/www.adfactory.nl\/wp-content\/uploads\/2020\/01\/90432-350x249.png 350w, https:\/\/www.adfactory.nl\/wp-content\/uploads\/2020\/01\/90432-570x406.png 731w\" sizes=\"auto, (max-width: 570px) 100vw, 570px\" \/><a class=\"thz-hover-link\" href=\"http:\/\/www.adfactory.nl\/solutions\/ad-salesbooking\/\" target=\"_self\"><\/a><\/div><\/div><div id=\"thz-text-block-292e4a42\" class=\"thz-shc thz-text-block\"><p>Weil Anzeigen ein wichtiges Einkommen sind f\u00fcr Zeitungs- und Magazinverlage muss der interne Anzeigenworkflow gut organisiert und \u00fcberwacht werden. Eben so<\/p><\/div><div class=\"thz-btn-container thz-custom-btn-47916 ctm-btn thz-mt-10 thz-float-right\"><a class=\"thz-button thz-radius-0 thz-align-center\" href=\"\/de\/solutions\/ad-salesbooking\/\"><span class=\"thz-btn-text thz-vp-10 thz-hp-20 thz-fs-13 thz-fw-400\">Read more<\/span><\/a><\/div>            <\/div>\r\n                                            <\/div>\r\n    <\/div>\r\n<\/div><div id=\"thz-column-c512c51df\" class=\"thz-column thz-col-1-4 fstart\">\r\n\t<div class=\"thz-column-container\">\r\n        <div class=\"thz-column-in\">\r\n                        <div class=\"thz-column-shortcodes\">\t\r\n                <div id=\"thz-sh-ba8a77cb\" class=\"thz-shc thz-heading thz-sh-ba8a77cb thz-sh-plain thz-sh-pos-both\">\r\n\t<div class=\"thz-heading-holder\">\r\n\t\t\t\t<h3 class=\"thz-heading-title\">Produktion<\/h3>\t\t\t<\/div>\r\n<\/div><div id=\"thz-media-image-ee113234\" class=\"thz-shc thz-media-image-container thz-media-mode-none\"><div class=\"thz-media-item thz-media-item-image\"><img loading=\"lazy\" decoding=\"async\" width=\"380\" height=\"243\" src=\"https:\/\/www.adfactory.nl\/wp-content\/uploads\/2020\/01\/90435.jpg\" class=\"\" alt=\"Graphic design studio\" srcset=\"https:\/\/www.adfactory.nl\/wp-content\/uploads\/2020\/01\/90435.jpg 380w, https:\/\/www.adfactory.nl\/wp-content\/uploads\/2020\/01\/90435-300x192.jpg 300w, https:\/\/www.adfactory.nl\/wp-content\/uploads\/2020\/01\/90435-350x224.jpg 350w\" sizes=\"auto, (max-width: 380px) 100vw, 380px\" \/><a class=\"thz-hover-link\" href=\"http:\/\/www.adfactory.nl\/solutions\/production\/\" target=\"_self\"><\/a><\/div><\/div><div id=\"thz-text-block-53c3811f\" class=\"thz-shc thz-text-block\"><p>Bei der Gestaltung der Anzeigen und Artikel muss nat\u00fcrlich das letze neue Material verwendet werden und die Planung immer up-to-date sein. Eine Echt-Zeit Verbindung<\/p><\/div><div class=\"thz-btn-container thz-custom-btn-47916 ctm-btn thz-mt-10 thz-float-right\"><a class=\"thz-button thz-radius-0 thz-align-center\" href=\"\/de\/solutions\/production\/\"><span class=\"thz-btn-text thz-vp-10 thz-hp-20 thz-fs-13 thz-fw-400\">Read more<\/span><\/a><\/div>            <\/div>\r\n                                            <\/div>\r\n    <\/div>\r\n<\/div><div id=\"thz-column-c888a036c\" class=\"thz-column thz-col-1-4 fstart\">\r\n\t<div class=\"thz-column-container\">\r\n        <div class=\"thz-column-in\">\r\n                        <div class=\"thz-column-shortcodes\">\t\r\n                <div id=\"thz-sh-6b94e0d6\" class=\"thz-shc thz-heading thz-sh-6b94e0d6 thz-sh-plain thz-sh-pos-both\">\r\n\t<div class=\"thz-heading-holder\">\r\n\t\t\t\t<h3 class=\"thz-heading-title\">Management Information<\/h3>\t\t\t<\/div>\r\n<\/div><div id=\"thz-media-image-cac8dd1c\" class=\"thz-shc thz-media-image-container thz-media-mode-none\"><div class=\"thz-media-item thz-media-item-image\"><img loading=\"lazy\" decoding=\"async\" width=\"440\" height=\"309\" src=\"https:\/\/www.adfactory.nl\/wp-content\/uploads\/2020\/01\/90436.jpg\" class=\"\" alt=\"90436\" srcset=\"https:\/\/www.adfactory.nl\/wp-content\/uploads\/2020\/01\/90436.jpg 440w, https:\/\/www.adfactory.nl\/wp-content\/uploads\/2020\/01\/90436-300x211.jpg 300w, https:\/\/www.adfactory.nl\/wp-content\/uploads\/2020\/01\/90436-350x246.jpg 350w\" sizes=\"auto, (max-width: 440px) 100vw, 440px\" \/><a class=\"thz-hover-link\" href=\"http:\/\/www.adfactory.nl\/solutions\/management-information\/\" target=\"_self\"><\/a><\/div><\/div><div id=\"thz-text-block-016e277d\" class=\"thz-shc thz-text-block\"><p>Eine up-to-date Status-\u00dcberblick \u00fcber Ihre Ausgabe gibt eine beruhigende Gef\u00fchl. Zu wissen, wie viele Anzeigen gebucht wurden, in der Produktion sind, oder in Korrektur<\/p><\/div><div class=\"thz-btn-container thz-custom-btn-47916 ctm-btn thz-mt-10 thz-float-right\"><a class=\"thz-button thz-radius-0 thz-align-center\" href=\"\/de\/solutions\/management-information\/\"><span class=\"thz-btn-text thz-vp-10 thz-hp-20 thz-fs-13 thz-fw-400\">Read more<\/span><\/a><\/div>            <\/div>\r\n                                            <\/div>\r\n    <\/div>\r\n<\/div><div id=\"thz-column-c8bf0acb9\" class=\"thz-column thz-col-1-4 fstart\">\r\n\t<div class=\"thz-column-container\">\r\n        <div class=\"thz-column-in\">\r\n                        <div class=\"thz-column-shortcodes\">\t\r\n                <div id=\"thz-sh-38a2268c\" class=\"thz-shc thz-heading thz-sh-38a2268c thz-sh-plain thz-sh-pos-both\">\r\n\t<div class=\"thz-heading-holder\">\r\n\t\t\t\t<h3 class=\"thz-heading-title\">Redaktion<\/h3>\t\t\t<\/div>\r\n<\/div><div id=\"thz-media-image-32089482\" class=\"thz-shc thz-media-image-container thz-media-mode-none\"><div class=\"thz-media-item thz-media-item-image\"><img loading=\"lazy\" decoding=\"async\" width=\"570\" height=\"398\" src=\"https:\/\/www.adfactory.nl\/wp-content\/uploads\/2020\/01\/90434-570x398.jpg\" class=\"\" alt=\"90434\" srcset=\"https:\/\/www.adfactory.nl\/wp-content\/uploads\/2020\/01\/90434-570x398.jpg 570w, https:\/\/www.adfactory.nl\/wp-content\/uploads\/2020\/01\/90434-300x209.jpg 300w, https:\/\/www.adfactory.nl\/wp-content\/uploads\/2020\/01\/90434-1024x715.jpg 1024w, https:\/\/www.adfactory.nl\/wp-content\/uploads\/2020\/01\/90434-768x536.jpg 768w, https:\/\/www.adfactory.nl\/wp-content\/uploads\/2020\/01\/90434-1200x838.jpg 1200w, https:\/\/www.adfactory.nl\/wp-content\/uploads\/2020\/01\/90434-350x244.jpg 350w, https:\/\/www.adfactory.nl\/wp-content\/uploads\/2020\/01\/90434-570x398.jpg 1511w\" sizes=\"auto, (max-width: 570px) 100vw, 570px\" \/><a class=\"thz-hover-link\" href=\"http:\/\/www.adfactory.nl\/solutions\/editorial\/\" target=\"_self\"><\/a><\/div><\/div><div id=\"thz-text-block-c46eae68\" class=\"thz-shc thz-text-block\"><p>F\u00fcr Tageszeitungen gibt es eine gro\u00dfe Auswahl an Redaktions-Systeme. Aber f\u00fcr Wochenzeitungen und Magazine sind diese L\u00f6sungen oft zu gro\u00df, zu komplex, zu<\/p><\/div><div class=\"thz-btn-container thz-custom-btn-47916 ctm-btn thz-mt-10 thz-float-right\"><a class=\"thz-button thz-radius-0 thz-align-center\" href=\"\/de\/solutions\/editorial\/\"><span class=\"thz-btn-text thz-vp-10 thz-hp-20 thz-fs-13 thz-fw-400\">Read more<\/span><\/a><\/div>            <\/div>\r\n                                            <\/div>\r\n    <\/div>\r\n<\/div><\/div>\t\t\t<\/div>\r\n\t\t\t\t<\/div>\r\n\t\t\t\t<\/section>\r\n<\/div>\r\n<\/p>\n","protected":false},"excerpt":{"rendered":"<p>Immer mehr Leuten bevorzugen die online Aufgabe von Kleinanzeigen und Familien-Anzeigen. Diese Art Anzeigen haben meistens ein einfaches Layout und folglich einen relativ niedrigen Preis. Trotzdem kostet es manchmal eigentlich zu viel Zeit diese zu gestalten, ganz zu schweigen von die Anzahl Rechnungen mit kleine Betr\u00e4ge und Bezahlungs Follow-up. Ein Self-Service Portal zum Buchen und Gestalten von Anzeigen, wie\u00a0AdOnline, nimmt diese Probleme Weg. Verlage k\u00f6nnen Schablone solcher Anzeige auf Ihrer Website platzieren und Inserenten brauchen nur Text und Bilder ein zu geben, die gew\u00fcnschte Ausgabe zu w\u00e4hlen und online zu bezahlen.\u00a0Spart Zeit\u00a0in Ihrer\u00a0Produktions-\u00a0und\u00a0Buchhaltung\u00a0-Abteilungen! Anzeigen Verkauf&amp;Buchen Weil Anzeigen ein wichtiges Einkommen sind f\u00fcr Zeitungs- und Magazinverlage muss der interne Anzeigenworkflow gut organisiert und \u00fcberwacht werden. Eben soRead more Produktion Bei der Gestaltung der Anzeigen und Artikel muss nat\u00fcrlich das letze neue Material verwendet werden und die Planung immer up-to-date sein. Eine Echt-Zeit VerbindungRead more Management Information Eine up-to-date Status-\u00dcberblick \u00fcber Ihre Ausgabe gibt eine beruhigende Gef\u00fchl. Zu wissen, wie viele Anzeigen gebucht wurden, in der Produktion sind, oder in KorrekturRead more Redaktion F\u00fcr Tageszeitungen gibt es eine gro\u00dfe Auswahl an Redaktions-Systeme. Aber f\u00fcr Wochenzeitungen und Magazine sind diese L\u00f6sungen oft zu gro\u00df, zu komplex, zuRead more<\/p>\n","protected":false},"author":1,"featured_media":0,"parent":1320,"menu_order":0,"comment_status":"closed","ping_status":"closed","template":"template-parts\/page-builder.php","meta":{"footnotes":""},"tags":[],"class_list":["post-1342","page","type-page","status-publish","hentry"],"_links":{"self":[{"href":"https:\/\/www.adfactory.nl\/de\/wp-json\/wp\/v2\/pages\/1342","targetHints":{"allow":["GET"]}}],"collection":[{"href":"https:\/\/www.adfactory.nl\/de\/wp-json\/wp\/v2\/pages"}],"about":[{"href":"https:\/\/www.adfactory.nl\/de\/wp-json\/wp\/v2\/types\/page"}],"author":[{"embeddable":true,"href":"https:\/\/www.adfactory.nl\/de\/wp-json\/wp\/v2\/users\/1"}],"replies":[{"embeddable":true,"href":"https:\/\/www.adfactory.nl\/de\/wp-json\/wp\/v2\/comments?post=1342"}],"version-history":[{"count":5,"href":"https:\/\/www.adfactory.nl\/de\/wp-json\/wp\/v2\/pages\/1342\/revisions"}],"predecessor-version":[{"id":2300,"href":"https:\/\/www.adfactory.nl\/de\/wp-json\/wp\/v2\/pages\/1342\/revisions\/2300"}],"up":[{"embeddable":true,"href":"https:\/\/www.adfactory.nl\/de\/wp-json\/wp\/v2\/pages\/1320"}],"wp:attachment":[{"href":"https:\/\/www.adfactory.nl\/de\/wp-json\/wp\/v2\/media?parent=1342"}],"wp:term":[{"taxonomy":"post_tag","embeddable":true,"href":"https:\/\/www.adfactory.nl\/de\/wp-json\/wp\/v2\/tags?post=1342"}],"curies":[{"name":"wp","href":"https:\/\/api.w.org\/{rel}","templated":true}]}}