{"id":1339,"date":"2020-01-10T10:20:49","date_gmt":"2020-01-10T09:20:49","guid":{"rendered":"http:\/\/www.adfactory.nl\/solutions\/management-information\/"},"modified":"2020-03-26T10:32:20","modified_gmt":"2020-03-26T09:32:20","slug":"management-information","status":"publish","type":"page","link":"https:\/\/www.adfactory.nl\/de\/solutions\/management-information\/","title":{"rendered":"Management Information"},"content":{"rendered":"<p><div id=\"thz-section-holder-s7165b1e6\" class=\"thz-section-holder section-notcontained none\" data-view-brightness=\"none\">\r\n\t<section class=\"thz-section\">\r\n\t\t<div class=\"thz-section-in\">\r\n\t\t\t\t\t<div class=\"thz-container content-contained thz-site-width\">\r\n\t\t\t\t<div class=\"thz-row\">\r\n\t<div id=\"thz-column-c3b176711\" class=\"thz-column thz-col-1 fstart\">\r\n\t<div class=\"thz-column-container\">\r\n        <div class=\"thz-column-in\">\r\n                        <div class=\"thz-column-shortcodes\">\t\r\n                <div id=\"thz-breadcrumbs-6565ee7e\" class=\"thz-shc thz-breadcrumbs\">\r\n<\/div><div id=\"thz-sh-2cdacf9b\" class=\"thz-shc thz-heading thz-sh-2cdacf9b thz-sh-plain thz-sh-pos-both\">\r\n\t<div class=\"thz-heading-holder\">\r\n\t\t\t\t<div class=\"thz-sh-sub\"><p><span class=\"hps\">Eine\u00a0<\/span><span class=\"hps\">up<\/span>-to-date\u00a0Status-<span class=\"hps\">\u00dcberblick \u00fcber Ihre<\/span>\u00a0Ausgabe<span class=\"hps\">\u00a0gibt<\/span>\u00a0<span class=\"hps alt-edited\">eine beruhigende Gef\u00fchl<\/span>.\u00a0<span class=\"hps\">Zu wissen,<\/span>\u00a0<span class=\"hps\">wie viele Anzeigen<\/span>\u00a0<span class=\"hps\">gebucht wurden<\/span>,\u00a0<span class=\"hps\">in der Produktion sind,<\/span>\u00a0<span class=\"hps\">oder in<\/span>\u00a0<span class=\"hps\">Korrektur oder<\/span>\u00a0<span class=\"hps\">platziert sind<\/span>,\u00a0<span class=\"hps\">erm\u00f6glicht<\/span>\u00a0gute<span class=\"hps\">\u00a0Ansteuerung<\/span>\u00a0des Workflows.\u00a0<span class=\"hps\">Dar\u00fcber hinaus, die M\u00f6glichkeit<\/span>\u00a0um die kommerzielle\u00a0<span class=\"hps\">Aktivit\u00e4ten\u00a0<span id=\"result_box\" lang=\"de\">st\u00e4ndig<\/span>\u00a0zu monitoren<\/span>\u00a0erlaubt\u00a0<span class=\"hps\">wichtiges Feedback<\/span>\u00a0<span class=\"hps\">beim Verkaufsprozess<\/span>.<\/p><\/div>\t\t\t<\/div>\r\n<\/div><div id=\"thz-text-block-ffe4b4b6\" class=\"thz-shc thz-text-block\"><p><span class=\"hps\">AdFactory<\/span>&nbsp;<span class=\"hps\">bietet alle Arten von<\/span>&nbsp;<a href=\"\/de\/products\/advertising-software\/reporting\/\"><span class=\"hps\">Berichten<\/span>&nbsp;<span class=\"hps\">und Exporte<\/span><\/a>&nbsp;<span class=\"hps\">mit detaillierten<\/span>&nbsp;<span class=\"hps\">Managementinformationen.<\/span>&nbsp;<span class=\"hps\">Von<\/span>&nbsp;<span class=\"hps\">der Analyse<\/span>&nbsp;<span class=\"hps\">von Rabatte<\/span>&nbsp;<span class=\"hps\">oder<\/span>&nbsp;<span class=\"hps\">Buchungen pro<\/span>&nbsp;<span class=\"hps\">Branche,<\/span>&nbsp;<span class=\"hps\">bis zu Umsatz<\/span>&nbsp;<span class=\"hps\">pro Titel<\/span>, team,&nbsp;<span class=\"hps\">Accountmanager<\/span>,&nbsp;<span class=\"hps\">Kunden<\/span>&nbsp;<span class=\"hps\">etc. Und<\/span>&nbsp;<span class=\"hps\">sollte<\/span>&nbsp;<span class=\"hps\">Ihre erforderliche<\/span>&nbsp;<span class=\"hps\">\u00dcbersicht<\/span>&nbsp;<span class=\"hps\">nicht enthalten sein<\/span>, es ist&nbsp;<span class=\"hps\">einfach zu erstellen<\/span>!<\/p><\/div>            <\/div>\r\n                                            <\/div>\r\n    <\/div>\r\n<\/div><\/div>\t\t\t<\/div>\r\n\t\t\t\t<\/div>\r\n\t\t\t\t<\/section>\r\n<\/div>\r\n<div id=\"thz-section-holder-s38da107b\" class=\"solutions-blocks thz-section-holder section-notcontained none\" data-view-brightness=\"none\">\r\n\t<section class=\"thz-section\">\r\n\t\t<div class=\"thz-section-in\">\r\n\t\t\t\t\t<div class=\"thz-container content-contained thz-site-width\">\r\n\t\t\t\t<div class=\"thz-row\">\r\n\t<div id=\"thz-column-c96d5ea27\" class=\"thz-column thz-col-1-4 fstart\">\r\n\t<div class=\"thz-column-container\">\r\n        <div class=\"thz-column-in\">\r\n                        <div class=\"thz-column-shortcodes\">\t\r\n                <div id=\"thz-sh-c1260c2a\" class=\"thz-shc thz-heading thz-sh-c1260c2a thz-sh-plain thz-sh-pos-both\">\r\n\t<div class=\"thz-heading-holder\">\r\n\t\t\t\t<h3 class=\"thz-heading-title\">Anzeigen Verkauf&amp;Buchen<\/h3>\t\t\t<\/div>\r\n<\/div><div id=\"thz-media-image-9ee8ceec\" class=\"thz-shc thz-media-image-container thz-media-mode-none\"><div class=\"thz-media-item thz-media-item-image\"><img loading=\"lazy\" decoding=\"async\" width=\"570\" height=\"406\" src=\"https:\/\/www.adfactory.nl\/wp-content\/uploads\/2020\/01\/90432-570x406.png\" class=\"\" alt=\"90432\" srcset=\"https:\/\/www.adfactory.nl\/wp-content\/uploads\/2020\/01\/90432-570x406.png 570w, https:\/\/www.adfactory.nl\/wp-content\/uploads\/2020\/01\/90432-300x214.png 300w, https:\/\/www.adfactory.nl\/wp-content\/uploads\/2020\/01\/90432-350x249.png 350w, https:\/\/www.adfactory.nl\/wp-content\/uploads\/2020\/01\/90432-570x406.png 731w\" sizes=\"auto, (max-width: 570px) 100vw, 570px\" \/><a class=\"thz-hover-link\" href=\"http:\/\/www.adfactory.nl\/solutions\/ad-salesbooking\/\" target=\"_self\"><\/a><\/div><\/div><div id=\"thz-text-block-292e4a42\" class=\"thz-shc thz-text-block\"><p>Weil Anzeigen ein wichtiges Einkommen sind f\u00fcr Zeitungs- und Magazinverlage muss der interne Anzeigenworkflow gut organisiert und \u00fcberwacht werden. Eben so<\/p><\/div><div class=\"thz-btn-container thz-custom-btn-47916 ctm-btn thz-mt-10 thz-float-right\"><a class=\"thz-button thz-radius-0 thz-align-center\" href=\"\/de\/solutions\/ad-salesbooking\/\"><span class=\"thz-btn-text thz-vp-10 thz-hp-20 thz-fs-13 thz-fw-400\">Read more<\/span><\/a><\/div>            <\/div>\r\n                                            <\/div>\r\n    <\/div>\r\n<\/div><div id=\"thz-column-c52a8e40d\" class=\"thz-column thz-col-1-4 fstart\">\r\n\t<div class=\"thz-column-container\">\r\n        <div class=\"thz-column-in\">\r\n                        <div class=\"thz-column-shortcodes\">\t\r\n                <div id=\"thz-sh-92ebdb3c\" class=\"thz-shc thz-heading thz-sh-92ebdb3c thz-sh-plain thz-sh-pos-both\">\r\n\t<div class=\"thz-heading-holder\">\r\n\t\t\t\t<h3 class=\"thz-heading-title\">Self-service<\/h3>\t\t\t<\/div>\r\n<\/div><div id=\"thz-media-image-83d39947\" class=\"thz-shc thz-media-image-container thz-media-mode-none\"><div class=\"thz-media-item thz-media-item-image\"><img loading=\"lazy\" decoding=\"async\" width=\"226\" height=\"223\" src=\"https:\/\/www.adfactory.nl\/wp-content\/uploads\/2020\/01\/90433.jpg\" class=\"\" alt=\"90433\" \/><a class=\"thz-hover-link\" href=\"http:\/\/www.adfactory.nl\/solutions\/website-self-service\/\" target=\"_self\"><\/a><\/div><\/div><div id=\"thz-text-block-aca2c5eb\" class=\"thz-shc thz-text-block\"><p>Immer mehr Leuten bevorzugen die online Aufgabe von Kleinanzeigen und Familien-Anzeigen. Diese Art Anzeigen haben meistens ein einfaches Layout und folglich<\/p><\/div><div class=\"thz-btn-container thz-custom-btn-47916 ctm-btn thz-mt-10 thz-float-right\"><a class=\"thz-button thz-radius-0 thz-align-center\" href=\"\/de\/solutions\/website-self-service\/\"><span class=\"thz-btn-text thz-vp-10 thz-hp-20 thz-fs-13 thz-fw-400\">Read more<\/span><\/a><\/div>            <\/div>\r\n                                            <\/div>\r\n    <\/div>\r\n<\/div><div id=\"thz-column-c512c51df\" class=\"thz-column thz-col-1-4 fstart\">\r\n\t<div class=\"thz-column-container\">\r\n        <div class=\"thz-column-in\">\r\n                        <div class=\"thz-column-shortcodes\">\t\r\n                <div id=\"thz-sh-ba8a77cb\" class=\"thz-shc thz-heading thz-sh-ba8a77cb thz-sh-plain thz-sh-pos-both\">\r\n\t<div class=\"thz-heading-holder\">\r\n\t\t\t\t<h3 class=\"thz-heading-title\">Produktion<\/h3>\t\t\t<\/div>\r\n<\/div><div id=\"thz-media-image-ee113234\" class=\"thz-shc thz-media-image-container thz-media-mode-none\"><div class=\"thz-media-item thz-media-item-image\"><img loading=\"lazy\" decoding=\"async\" width=\"380\" height=\"243\" src=\"https:\/\/www.adfactory.nl\/wp-content\/uploads\/2020\/01\/90435.jpg\" class=\"\" alt=\"Graphic design studio\" srcset=\"https:\/\/www.adfactory.nl\/wp-content\/uploads\/2020\/01\/90435.jpg 380w, https:\/\/www.adfactory.nl\/wp-content\/uploads\/2020\/01\/90435-300x192.jpg 300w, https:\/\/www.adfactory.nl\/wp-content\/uploads\/2020\/01\/90435-350x224.jpg 350w\" sizes=\"auto, (max-width: 380px) 100vw, 380px\" \/><a class=\"thz-hover-link\" href=\"http:\/\/www.adfactory.nl\/solutions\/production\/\" target=\"_self\"><\/a><\/div><\/div><div id=\"thz-text-block-53c3811f\" class=\"thz-shc thz-text-block\"><p>Bei der Gestaltung der Anzeigen und Artikel muss nat\u00fcrlich das letze neue Material verwendet werden und die Planung immer up-to-date sein. Eine Echt-Zeit Verbindung<\/p><\/div><div class=\"thz-btn-container thz-custom-btn-47916 ctm-btn thz-mt-10 thz-float-right\"><a class=\"thz-button thz-radius-0 thz-align-center\" href=\"\/de\/solutions\/production\/\"><span class=\"thz-btn-text thz-vp-10 thz-hp-20 thz-fs-13 thz-fw-400\">Read more<\/span><\/a><\/div>            <\/div>\r\n                                            <\/div>\r\n    <\/div>\r\n<\/div><div id=\"thz-column-ca8a144ac\" class=\"thz-column thz-col-1-4 fstart\">\r\n\t<div class=\"thz-column-container\">\r\n        <div class=\"thz-column-in\">\r\n                        <div class=\"thz-column-shortcodes\">\t\r\n                <div id=\"thz-sh-8c2f1404\" class=\"thz-shc thz-heading thz-sh-8c2f1404 thz-sh-plain thz-sh-pos-both\">\r\n\t<div class=\"thz-heading-holder\">\r\n\t\t\t\t<h3 class=\"thz-heading-title\">Redaktion<\/h3>\t\t\t<\/div>\r\n<\/div><div id=\"thz-media-image-632e86e8\" class=\"thz-shc thz-media-image-container thz-media-mode-none\"><div class=\"thz-media-item thz-media-item-image\"><img loading=\"lazy\" decoding=\"async\" width=\"570\" height=\"398\" src=\"https:\/\/www.adfactory.nl\/wp-content\/uploads\/2020\/01\/90434-570x398.jpg\" class=\"\" alt=\"90434\" srcset=\"https:\/\/www.adfactory.nl\/wp-content\/uploads\/2020\/01\/90434-570x398.jpg 570w, https:\/\/www.adfactory.nl\/wp-content\/uploads\/2020\/01\/90434-300x209.jpg 300w, https:\/\/www.adfactory.nl\/wp-content\/uploads\/2020\/01\/90434-1024x715.jpg 1024w, https:\/\/www.adfactory.nl\/wp-content\/uploads\/2020\/01\/90434-768x536.jpg 768w, https:\/\/www.adfactory.nl\/wp-content\/uploads\/2020\/01\/90434-1200x838.jpg 1200w, https:\/\/www.adfactory.nl\/wp-content\/uploads\/2020\/01\/90434-350x244.jpg 350w, https:\/\/www.adfactory.nl\/wp-content\/uploads\/2020\/01\/90434-570x398.jpg 1511w\" sizes=\"auto, (max-width: 570px) 100vw, 570px\" \/><a class=\"thz-hover-link\" href=\"http:\/\/www.adfactory.nl\/solutions\/editorial\/\" target=\"_self\"><\/a><\/div><\/div><div id=\"thz-text-block-91c7ffa2\" class=\"thz-shc thz-text-block\"><p>F\u00fcr Tageszeitungen gibt es eine gro\u00dfe Auswahl an Redaktions-Systeme. Aber f\u00fcr Wochenzeitungen und Magazine sind diese L\u00f6sungen oft zu gro\u00df, zu komplex, zu<\/p><\/div><div class=\"thz-btn-container thz-custom-btn-47916 ctm-btn thz-mt-10 thz-float-right\"><a class=\"thz-button thz-radius-0 thz-align-center\" href=\"\/de\/solutions\/editorial\/\"><span class=\"thz-btn-text thz-vp-10 thz-hp-20 thz-fs-13 thz-fw-400\">Read more<\/span><\/a><\/div>            <\/div>\r\n                                            <\/div>\r\n    <\/div>\r\n<\/div><\/div>\t\t\t<\/div>\r\n\t\t\t\t<\/div>\r\n\t\t\t\t<\/section>\r\n<\/div>\r\n<\/p>\n","protected":false},"excerpt":{"rendered":"<p>Eine\u00a0up-to-date\u00a0Status-\u00dcberblick \u00fcber Ihre\u00a0Ausgabe\u00a0gibt\u00a0eine beruhigende Gef\u00fchl.\u00a0Zu wissen,\u00a0wie viele Anzeigen\u00a0gebucht wurden,\u00a0in der Produktion sind,\u00a0oder in\u00a0Korrektur oder\u00a0platziert sind,\u00a0erm\u00f6glicht\u00a0gute\u00a0Ansteuerung\u00a0des Workflows.\u00a0Dar\u00fcber hinaus, die M\u00f6glichkeit\u00a0um die kommerzielle\u00a0Aktivit\u00e4ten\u00a0st\u00e4ndig\u00a0zu monitoren\u00a0erlaubt\u00a0wichtiges Feedback\u00a0beim Verkaufsprozess. AdFactory&nbsp;bietet alle Arten von&nbsp;Berichten&nbsp;und Exporte&nbsp;mit detaillierten&nbsp;Managementinformationen.&nbsp;Von&nbsp;der Analyse&nbsp;von Rabatte&nbsp;oder&nbsp;Buchungen pro&nbsp;Branche,&nbsp;bis zu Umsatz&nbsp;pro Titel, team,&nbsp;Accountmanager,&nbsp;Kunden&nbsp;etc. Und&nbsp;sollte&nbsp;Ihre erforderliche&nbsp;\u00dcbersicht&nbsp;nicht enthalten sein, es ist&nbsp;einfach zu erstellen! Anzeigen Verkauf&amp;Buchen Weil Anzeigen ein wichtiges Einkommen sind f\u00fcr Zeitungs- und Magazinverlage muss der interne Anzeigenworkflow gut organisiert und \u00fcberwacht werden. Eben soRead more Self-service Immer mehr Leuten bevorzugen die online Aufgabe von Kleinanzeigen und Familien-Anzeigen. Diese Art Anzeigen haben meistens ein einfaches Layout und folglichRead more Produktion Bei der Gestaltung der Anzeigen und Artikel muss nat\u00fcrlich das letze neue Material verwendet werden und die Planung immer up-to-date sein. Eine Echt-Zeit VerbindungRead more Redaktion F\u00fcr Tageszeitungen gibt es eine gro\u00dfe Auswahl an Redaktions-Systeme. Aber f\u00fcr Wochenzeitungen und Magazine sind diese L\u00f6sungen oft zu gro\u00df, zu komplex, zuRead more<\/p>\n","protected":false},"author":1,"featured_media":0,"parent":1320,"menu_order":0,"comment_status":"closed","ping_status":"closed","template":"template-parts\/page-builder.php","meta":{"footnotes":""},"tags":[],"class_list":["post-1339","page","type-page","status-publish","hentry"],"_links":{"self":[{"href":"https:\/\/www.adfactory.nl\/de\/wp-json\/wp\/v2\/pages\/1339","targetHints":{"allow":["GET"]}}],"collection":[{"href":"https:\/\/www.adfactory.nl\/de\/wp-json\/wp\/v2\/pages"}],"about":[{"href":"https:\/\/www.adfactory.nl\/de\/wp-json\/wp\/v2\/types\/page"}],"author":[{"embeddable":true,"href":"https:\/\/www.adfactory.nl\/de\/wp-json\/wp\/v2\/users\/1"}],"replies":[{"embeddable":true,"href":"https:\/\/www.adfactory.nl\/de\/wp-json\/wp\/v2\/comments?post=1339"}],"version-history":[{"count":5,"href":"https:\/\/www.adfactory.nl\/de\/wp-json\/wp\/v2\/pages\/1339\/revisions"}],"predecessor-version":[{"id":2301,"href":"https:\/\/www.adfactory.nl\/de\/wp-json\/wp\/v2\/pages\/1339\/revisions\/2301"}],"up":[{"embeddable":true,"href":"https:\/\/www.adfactory.nl\/de\/wp-json\/wp\/v2\/pages\/1320"}],"wp:attachment":[{"href":"https:\/\/www.adfactory.nl\/de\/wp-json\/wp\/v2\/media?parent=1339"}],"wp:term":[{"taxonomy":"post_tag","embeddable":true,"href":"https:\/\/www.adfactory.nl\/de\/wp-json\/wp\/v2\/tags?post=1339"}],"curies":[{"name":"wp","href":"https:\/\/api.w.org\/{rel}","templated":true}]}}