{"id":1335,"date":"2020-01-10T10:21:37","date_gmt":"2020-01-10T09:21:37","guid":{"rendered":"http:\/\/www.adfactory.nl\/products\/editorial-software\/"},"modified":"2020-02-10T11:45:19","modified_gmt":"2020-02-10T10:45:19","slug":"editorial-software","status":"publish","type":"page","link":"https:\/\/www.adfactory.nl\/de\/products\/editorial-software\/","title":{"rendered":"Redaktions Software"},"content":{"rendered":"<p><div id=\"thz-section-holder-sd93a2836\" class=\"thz-section-holder section-notcontained none\" data-view-brightness=\"none\">\r\n\t<section class=\"thz-section\">\r\n\t\t<div class=\"thz-section-in\">\r\n\t\t\t\t\t<div class=\"thz-container content-contained thz-site-width\">\r\n\t\t\t\t<div class=\"thz-row\">\r\n\t<div id=\"thz-column-c9795ae46\" class=\"thz-column thz-col-1 fstart\">\r\n\t<div class=\"thz-column-container\">\r\n        <div class=\"thz-column-in\">\r\n                        <div class=\"thz-column-shortcodes\">\t\r\n                <div id=\"thz-breadcrumbs-b2bd4d54\" class=\"thz-shc thz-breadcrumbs\">\r\n<\/div>            <\/div>\r\n                                            <\/div>\r\n    <\/div>\r\n<\/div><\/div>\t\t\t<\/div>\r\n\t\t\t\t<\/div>\r\n\t\t\t\t<\/section>\r\n<\/div>\r\n<div id=\"thz-section-holder-sf2ae78a9\" class=\"thz-section-holder section-notcontained none\" data-view-brightness=\"none\">\r\n\t<section class=\"thz-section\">\r\n\t\t<div class=\"thz-section-in\">\r\n\t\t\t\t\t<div class=\"thz-container content-contained thz-site-width\">\r\n\t\t\t\t<div class=\"thz-row\">\r\n\t<div id=\"thz-column-c9b14a002\" class=\"thz-column thz-col-1-5 fstart thz-tablet-hidden thz-mobile-hidden\">\r\n\t<div class=\"thz-column-container\">\r\n        <div class=\"thz-column-in\">\r\n                        <div class=\"thz-column-shortcodes\">\t\r\n                <div id=\"thz-parse-shortcode-block-44103201\" class=\"thz-shc thz-parse-shortcode-block navmenu thz-tablet-hidden thz-mobile-hidden\"><div class=\"menu-editorial-software-menu-german-container\"><ul id=\"menu-editorial-software-menu-german\" class=\"menu\"><li class=\"lifirst\"><a title=\"RedaFact server\" href=\"https:\/\/www.adfactory.nl\/de\/products\/editorial-software\/redafact-server\/\" itemprop=\"url\">RedaFact Server<\/a><\/li>\n<li><a title=\"PDF block article module\" href=\"https:\/\/www.adfactory.nl\/de\/products\/editorial-software\/pdf-block-article-module\/\" itemprop=\"url\">PDF Block Artikel Modul<\/a><\/li>\n<li><a title=\"RedaFlow\" href=\"https:\/\/www.adfactory.nl\/de\/products\/editorial-software\/redaflow\/\" itemprop=\"url\">RedaFlow<\/a><\/li>\n<li><a title=\"Webtext module\" href=\"https:\/\/www.adfactory.nl\/de\/products\/editorial-software\/webtext-module\/\" itemprop=\"url\">Publish Online<\/a><\/li>\n<li class=\"lilast\"><a title=\"Photo upload\" href=\"https:\/\/www.adfactory.nl\/de\/products\/editorial-software\/photo-upload\/\" itemprop=\"url\">Bild Upload<\/a><\/li>\n<\/ul><\/div><\/div>            <\/div>\r\n                                            <\/div>\r\n    <\/div>\r\n<\/div><div id=\"thz-column-cd4d266d9\" class=\"thz-column thz-col-2-5 fstart\">\r\n\t<div class=\"thz-column-container\">\r\n        <div class=\"thz-column-in\">\r\n                        <div class=\"thz-column-shortcodes\">\t\r\n                <div id=\"thz-sh-f49f38c6\" class=\"thz-shc thz-heading thz-sh-f49f38c6 thz-sh-plain thz-sh-pos-both\">\r\n\t<div class=\"thz-heading-holder\">\r\n\t\t\t\t<h1 class=\"thz-heading-title\">RedaFact server<\/h1><div class=\"thz-sh-sub\"><p>RedaFact ist ein kompaktes, webbasiertes Redaktionssystem f\u00fcr Print und Online. RedaFact ist speziell f\u00fcr kleine und mittlere Verlage entwickelt. \u00dcber das Online-Portal von RedaFact laden Sie ganz einfach Texte und Bilder inklusive ihrer Platzierungsw\u00fcnsche und Priorit\u00e4ten hoch.<\/p><\/div>\t\t\t<\/div>\r\n<\/div><div id=\"thz-text-block-31ab7f34\" class=\"thz-shc thz-text-block\"><p>RedaFact ist hocheffizient, genial einfach und senkt schon nach k\u00fcrzester Zeit sp\u00fcrbar Ihre Kosten. Texte werden vom Redakteur online formatiert, so dass die Schriften automatisch richtig gesetzt werden, nat\u00fcrlich direkt ins Seiten-Layout. Jeder Texter bearbeitet seine eigenen Artikel und hat in Redafact ein pers\u00f6nliches Text-Archiv.<\/p><p>Nach Freigabe kann der Chef-Redakteur den Artikel sehen, redigieren und einer oder mehreren Ausgaben und Webseiten zuweisen.\u00a0 Er kann auch mit\u00a0 RedaFact einfach externe Korrespondenten einbinden, damit diese der Redaktion optimiert zuarbeiten.\u00a0 RedaFact erm\u00f6glicht die individuelle Zuweisung von Artikeln mit genauer Zeichenanzahl. Artikel k\u00f6nnen auch titelunabh\u00e4ngig hochgeladen werden.<\/p><\/div><div class=\"thz-btn-container thz-custom-btn-47916 ctm-btn thz-mt-70\"><a class=\"thz-button thz-radius-0 thz-btn-border-1 thz-align-center\" href=\"http:\/\/www.adfactory.nl\/about-us\/contact\/\"><span class=\"thz-btn-text thz-text-uppercase thz-vp-10 thz-hp-50 thz-fs-15 thz-fw-600\">Contact us<\/span><\/a><\/div>            <\/div>\r\n                                            <\/div>\r\n    <\/div>\r\n<\/div><div id=\"thz-column-cbad6b77c\" class=\"thz-column thz-col-2-5 fstart\">\r\n\t<div class=\"thz-column-container\">\r\n        <div class=\"thz-column-in\">\r\n                        <div class=\"thz-column-shortcodes\">\t\r\n                <div id=\"thz-media-image-6f98f600\" class=\"thz-shc thz-media-image-container thz-media-mode-none\"><div class=\"thz-media-item thz-media-item-image\"><img loading=\"lazy\" decoding=\"async\" width=\"570\" height=\"339\" src=\"https:\/\/www.adfactory.nl\/wp-content\/uploads\/2020\/01\/Screen-Shot-2017-03-10-at-17_09_--570x339.jpg\" class=\"\" alt=\"Screen Shot 2017-03-10 at 17_09_\" srcset=\"https:\/\/www.adfactory.nl\/wp-content\/uploads\/2020\/01\/Screen-Shot-2017-03-10-at-17_09_--570x339.jpg 570w, https:\/\/www.adfactory.nl\/wp-content\/uploads\/2020\/01\/Screen-Shot-2017-03-10-at-17_09_--300x178.jpg 300w, https:\/\/www.adfactory.nl\/wp-content\/uploads\/2020\/01\/Screen-Shot-2017-03-10-at-17_09_--1024x608.jpg 1024w, https:\/\/www.adfactory.nl\/wp-content\/uploads\/2020\/01\/Screen-Shot-2017-03-10-at-17_09_--768x456.jpg 768w, https:\/\/www.adfactory.nl\/wp-content\/uploads\/2020\/01\/Screen-Shot-2017-03-10-at-17_09_--1200x713.jpg 1200w, https:\/\/www.adfactory.nl\/wp-content\/uploads\/2020\/01\/Screen-Shot-2017-03-10-at-17_09_--350x208.jpg 350w, https:\/\/www.adfactory.nl\/wp-content\/uploads\/2020\/01\/Screen-Shot-2017-03-10-at-17_09_--570x339.jpg 1490w\" sizes=\"auto, (max-width: 570px) 100vw, 570px\" \/><a class=\"thz-hover-link thz-lightbox mfp-image\" href=\"#\" data-bg=\"mfp-dark\" data-opacity=\"mfp-opacity-08\" data-effect=\"mfp-zoom-in\" data-mfp-src=\"\/\/www.adfactory.nl\/wp-content\/uploads\/2020\/01\/Screen-Shot-2017-03-10-at-17_09_-.jpg\" data-mfp-title=\"Screen Shot 2017-03-10 at 17_09_\"><\/a><\/div><\/div><div id=\"thz-text-block-15c73db6\" class=\"thz-shc thz-text-block\"><p>RedaFact online Portal<\/p><\/div>            <\/div>\r\n                                            <\/div>\r\n    <\/div>\r\n<\/div><\/div>\t\t\t<\/div>\r\n\t\t\t\t<\/div>\r\n\t\t\t\t<\/section>\r\n<\/div>\r\n<\/p>\n","protected":false},"excerpt":{"rendered":"<p>RedaFact Server PDF Block Artikel Modul RedaFlow Publish Online Bild Upload RedaFact serverRedaFact ist ein kompaktes, webbasiertes Redaktionssystem f\u00fcr Print und Online. RedaFact ist speziell f\u00fcr kleine und mittlere Verlage entwickelt. \u00dcber das Online-Portal von RedaFact laden Sie ganz einfach Texte und Bilder inklusive ihrer Platzierungsw\u00fcnsche und Priorit\u00e4ten hoch. RedaFact ist hocheffizient, genial einfach und senkt schon nach k\u00fcrzester Zeit sp\u00fcrbar Ihre Kosten. Texte werden vom Redakteur online formatiert, so dass die Schriften automatisch richtig gesetzt werden, nat\u00fcrlich direkt ins Seiten-Layout. Jeder Texter bearbeitet seine eigenen Artikel und hat in Redafact ein pers\u00f6nliches Text-Archiv.Nach Freigabe kann der Chef-Redakteur den Artikel sehen, redigieren und einer oder mehreren Ausgaben und Webseiten zuweisen.\u00a0 Er kann auch mit\u00a0 RedaFact einfach externe Korrespondenten einbinden, damit diese der Redaktion optimiert zuarbeiten.\u00a0 RedaFact erm\u00f6glicht die individuelle Zuweisung von Artikeln mit genauer Zeichenanzahl. Artikel k\u00f6nnen auch titelunabh\u00e4ngig hochgeladen werden.Contact us RedaFact online Portal<\/p>\n","protected":false},"author":1,"featured_media":0,"parent":1318,"menu_order":0,"comment_status":"closed","ping_status":"closed","template":"template-parts\/page-builder.php","meta":{"footnotes":""},"tags":[],"class_list":["post-1335","page","type-page","status-publish","hentry"],"_links":{"self":[{"href":"https:\/\/www.adfactory.nl\/de\/wp-json\/wp\/v2\/pages\/1335","targetHints":{"allow":["GET"]}}],"collection":[{"href":"https:\/\/www.adfactory.nl\/de\/wp-json\/wp\/v2\/pages"}],"about":[{"href":"https:\/\/www.adfactory.nl\/de\/wp-json\/wp\/v2\/types\/page"}],"author":[{"embeddable":true,"href":"https:\/\/www.adfactory.nl\/de\/wp-json\/wp\/v2\/users\/1"}],"replies":[{"embeddable":true,"href":"https:\/\/www.adfactory.nl\/de\/wp-json\/wp\/v2\/comments?post=1335"}],"version-history":[{"count":5,"href":"https:\/\/www.adfactory.nl\/de\/wp-json\/wp\/v2\/pages\/1335\/revisions"}],"predecessor-version":[{"id":2118,"href":"https:\/\/www.adfactory.nl\/de\/wp-json\/wp\/v2\/pages\/1335\/revisions\/2118"}],"up":[{"embeddable":true,"href":"https:\/\/www.adfactory.nl\/de\/wp-json\/wp\/v2\/pages\/1318"}],"wp:attachment":[{"href":"https:\/\/www.adfactory.nl\/de\/wp-json\/wp\/v2\/media?parent=1335"}],"wp:term":[{"taxonomy":"post_tag","embeddable":true,"href":"https:\/\/www.adfactory.nl\/de\/wp-json\/wp\/v2\/tags?post=1335"}],"curies":[{"name":"wp","href":"https:\/\/api.w.org\/{rel}","templated":true}]}}