{"id":1332,"date":"2020-01-10T10:22:18","date_gmt":"2020-01-10T09:22:18","guid":{"rendered":"http:\/\/www.adfactory.nl\/products\/self-service\/"},"modified":"2020-02-10T11:49:33","modified_gmt":"2020-02-10T10:49:33","slug":"self-service","status":"publish","type":"page","link":"https:\/\/www.adfactory.nl\/de\/products\/self-service\/","title":{"rendered":"Self Service Portale"},"content":{"rendered":"<p><div id=\"thz-section-holder-sd93a2836\" class=\"thz-section-holder section-notcontained none\" data-view-brightness=\"none\">\r\n\t<section class=\"thz-section\">\r\n\t\t<div class=\"thz-section-in\">\r\n\t\t\t\t\t<div class=\"thz-container content-contained thz-site-width\">\r\n\t\t\t\t<div class=\"thz-row\">\r\n\t<div id=\"thz-column-cb9de9049\" class=\"thz-column thz-col-1 fstart\">\r\n\t<div class=\"thz-column-container\">\r\n        <div class=\"thz-column-in\">\r\n                        <div class=\"thz-column-shortcodes\">\t\r\n                <div id=\"thz-breadcrumbs-b2bd4d54\" class=\"thz-shc thz-breadcrumbs\">\r\n<\/div>            <\/div>\r\n                                            <\/div>\r\n    <\/div>\r\n<\/div><\/div>\t\t\t<\/div>\r\n\t\t\t\t<\/div>\r\n\t\t\t\t<\/section>\r\n<\/div>\r\n<div id=\"thz-section-holder-sf2ae78a9\" class=\"thz-section-holder section-notcontained none\" data-view-brightness=\"none\">\r\n\t<section class=\"thz-section\">\r\n\t\t<div class=\"thz-section-in\">\r\n\t\t\t\t\t<div class=\"thz-container content-contained thz-site-width\">\r\n\t\t\t\t<div class=\"thz-row\">\r\n\t<div id=\"thz-column-c9b14a002\" class=\"thz-column thz-col-1-5 fstart thz-tablet-hidden thz-mobile-hidden\">\r\n\t<div class=\"thz-column-container\">\r\n        <div class=\"thz-column-in\">\r\n                        <div class=\"thz-column-shortcodes\">\t\r\n                <div id=\"thz-parse-shortcode-block-44103201\" class=\"thz-shc thz-parse-shortcode-block navmenu thz-tablet-hidden thz-mobile-hidden\"><div class=\"menu-self-service-menu-german-container\"><ul id=\"menu-self-service-menu-german\" class=\"menu\"><li class=\"lifirst\"><a href=\"https:\/\/www.adfactory.nl\/de\/products\/self-service\/adonline\/\" itemprop=\"url\">AdOnline<\/a><\/li>\n<li><a href=\"https:\/\/www.adfactory.nl\/de\/products\/self-service\/real-estate-module\/\" itemprop=\"url\">Makler Modul<\/a><\/li>\n<li class=\"lilast\"><a href=\"https:\/\/www.adfactory.nl\/de\/products\/self-service\/news-website\/\" itemprop=\"url\">News-Website<\/a><\/li>\n<\/ul><\/div><\/div>            <\/div>\r\n                                            <\/div>\r\n    <\/div>\r\n<\/div><div id=\"thz-column-cd4d266d9\" class=\"thz-column thz-col-2-5 fstart\">\r\n\t<div class=\"thz-column-container\">\r\n        <div class=\"thz-column-in\">\r\n                        <div class=\"thz-column-shortcodes\">\t\r\n                <div id=\"thz-sh-f49f38c6\" class=\"thz-shc thz-heading thz-sh-f49f38c6 thz-sh-plain thz-sh-pos-both\">\r\n\t<div class=\"thz-heading-holder\">\r\n\t\t\t\t<h1 class=\"thz-heading-title\">AdOnline<\/h1><div class=\"thz-sh-sub\"><p>\u00dcber das in der Website integrierten Self-Service-Portal AdOnline, k\u00f6nnen Verlagskunden ihre eigenen Kleinanzeigen, Familienanzeigen und vieles mehr buchen und gestalten.\u00a0Und mit einer pers\u00f6nlichen Archivierung ist eine Wiederholungs-Buchung noch einfacher!<\/p><\/div>\t\t\t<\/div>\r\n<\/div><div id=\"thz-text-block-31ab7f34\" class=\"thz-shc thz-text-block\"><p>Das neue AdOnline hat ein \u201eresponsive\u201c Design, das hei\u00dft die Nutzer k\u00f6nnen sogar auf dem Smartphone Anzeigen buchen! So kann man von unterwegs einfach und schnell eine Gl\u00fcckwunsch-Anzeige aufgeben! Hochgeladene Bilder k\u00f6nnen zugeschnitten und damit passgenau in die Vorlage eingebunden werden.<\/p><p>Die Vorteile:<br \/>\u00bb Erh\u00f6hte Anzeigenverkauf durch Kompatibilit\u00e4t mit dem Smartphone<br \/>\u00bb Sp\u00e4tere Deadlines geben mehr Flexibilit\u00e4t und erm\u00f6glichen h\u00f6heren Umsatz<br \/>\u00bb Die Vorschau ist 100 Prozent identisch mit der endg\u00fcltigen Anzeige<br \/>\u00bb Personalisierte Vorlagen pro Kunde m\u00f6glich<br \/>\u00bb Online-Zahlung (nur bezahltes wird produziert \u2013 nie mehr mahnen)<br \/>\u00bb Spart Buchungs- Produktions-Zeit und Nerven<br \/>\u00bb Druckfertige PDFs k\u00f6nnen automatisch in den Workflow einflie\u00dfen<\/p><p>AdOnline kann als Stand-Alone-Modul arbeiten. Fertige PDFs k\u00f6nnen in AdFactory oder ein bereits existierendes Verlagssystem importiert werden. Auch eine E-Mail mit PDF-Beilage als Output ist m\u00f6glich.<br \/>\u00dcberzeugen Sie sich selbst wie einfach man via AdOnline sogar mit dem Smartphone eine Anzeige gestalten und schalten kann.<\/p><\/div><div class=\"thz-btn-container thz-custom-btn-47916 ctm-btn thz-mt-70\"><a class=\"thz-button thz-radius-0 thz-btn-border-1 thz-align-center\" href=\"http:\/\/www.adfactory.nl\/about-us\/contact\/\"><span class=\"thz-btn-text thz-text-uppercase thz-vp-10 thz-hp-50 thz-fs-15 thz-fw-600\">Contact us<\/span><\/a><\/div>            <\/div>\r\n                                            <\/div>\r\n    <\/div>\r\n<\/div><div id=\"thz-column-cbad6b77c\" class=\"thz-column thz-col-2-5 fstart\">\r\n\t<div class=\"thz-column-container\">\r\n        <div class=\"thz-column-in\">\r\n                        <div class=\"thz-column-shortcodes\">\t\r\n                <div id=\"thz-media-image-6f98f600\" class=\"thz-shc thz-media-image-container thz-media-mode-none\"><div class=\"thz-media-item thz-media-item-image\"><img loading=\"lazy\" decoding=\"async\" width=\"570\" height=\"401\" src=\"https:\/\/www.adfactory.nl\/wp-content\/uploads\/2020\/01\/AdOnline-570x401.png\" class=\"\" alt=\"AdOnline\" srcset=\"https:\/\/www.adfactory.nl\/wp-content\/uploads\/2020\/01\/AdOnline-570x401.png 570w, https:\/\/www.adfactory.nl\/wp-content\/uploads\/2020\/01\/AdOnline-300x211.png 300w, https:\/\/www.adfactory.nl\/wp-content\/uploads\/2020\/01\/AdOnline-768x540.png 768w, https:\/\/www.adfactory.nl\/wp-content\/uploads\/2020\/01\/AdOnline-350x246.png 350w, https:\/\/www.adfactory.nl\/wp-content\/uploads\/2020\/01\/AdOnline-570x401.png 804w\" sizes=\"auto, (max-width: 570px) 100vw, 570px\" \/><a class=\"thz-hover-link thz-lightbox mfp-image\" href=\"#\" data-bg=\"mfp-dark\" data-opacity=\"mfp-opacity-08\" data-effect=\"mfp-zoom-in\" data-mfp-src=\"\/\/www.adfactory.nl\/wp-content\/uploads\/2020\/01\/AdOnline.png\" data-mfp-title=\"AdOnline\"><\/a><\/div><\/div><div id=\"thz-media-image-c8ae784f\" class=\"thz-shc thz-media-image-container thz-media-mode-none\"><div class=\"thz-media-item thz-media-item-image\"><img loading=\"lazy\" decoding=\"async\" width=\"370\" height=\"236\" src=\"https:\/\/www.adfactory.nl\/wp-content\/uploads\/2020\/01\/adonline-responsive1-1.jpg\" class=\"\" alt=\"adonline-responsive(1) (1)\" srcset=\"https:\/\/www.adfactory.nl\/wp-content\/uploads\/2020\/01\/adonline-responsive1-1.jpg 370w, https:\/\/www.adfactory.nl\/wp-content\/uploads\/2020\/01\/adonline-responsive1-1-300x191.jpg 300w, https:\/\/www.adfactory.nl\/wp-content\/uploads\/2020\/01\/adonline-responsive1-1-350x223.jpg 350w\" sizes=\"auto, (max-width: 370px) 100vw, 370px\" \/><a class=\"thz-hover-link thz-lightbox mfp-image\" href=\"#\" data-bg=\"mfp-dark\" data-opacity=\"mfp-opacity-08\" data-effect=\"mfp-zoom-in\" data-mfp-src=\"\/\/www.adfactory.nl\/wp-content\/uploads\/2020\/01\/adonline-responsive1-1.jpg\" data-mfp-title=\"adonline-responsive(1) (1)\"><\/a><\/div><\/div>            <\/div>\r\n                                            <\/div>\r\n    <\/div>\r\n<\/div><\/div>\t\t\t<\/div>\r\n\t\t\t\t<\/div>\r\n\t\t\t\t<\/section>\r\n<\/div>\r\n<\/p>\n","protected":false},"excerpt":{"rendered":"<p>AdOnline Makler Modul News-Website AdOnline\u00dcber das in der Website integrierten Self-Service-Portal AdOnline, k\u00f6nnen Verlagskunden ihre eigenen Kleinanzeigen, Familienanzeigen und vieles mehr buchen und gestalten.\u00a0Und mit einer pers\u00f6nlichen Archivierung ist eine Wiederholungs-Buchung noch einfacher! Das neue AdOnline hat ein \u201eresponsive\u201c Design, das hei\u00dft die Nutzer k\u00f6nnen sogar auf dem Smartphone Anzeigen buchen! So kann man von unterwegs einfach und schnell eine Gl\u00fcckwunsch-Anzeige aufgeben! Hochgeladene Bilder k\u00f6nnen zugeschnitten und damit passgenau in die Vorlage eingebunden werden.Die Vorteile:\u00bb Erh\u00f6hte Anzeigenverkauf durch Kompatibilit\u00e4t mit dem Smartphone\u00bb Sp\u00e4tere Deadlines geben mehr Flexibilit\u00e4t und erm\u00f6glichen h\u00f6heren Umsatz\u00bb Die Vorschau ist 100 Prozent identisch mit der endg\u00fcltigen Anzeige\u00bb Personalisierte Vorlagen pro Kunde m\u00f6glich\u00bb Online-Zahlung (nur bezahltes wird produziert \u2013 nie mehr mahnen)\u00bb Spart Buchungs- Produktions-Zeit und Nerven\u00bb Druckfertige PDFs k\u00f6nnen automatisch in den Workflow einflie\u00dfenAdOnline kann als Stand-Alone-Modul arbeiten. Fertige PDFs k\u00f6nnen in AdFactory oder ein bereits existierendes Verlagssystem importiert werden. Auch eine E-Mail mit PDF-Beilage als Output ist m\u00f6glich.\u00dcberzeugen Sie sich selbst wie einfach man via AdOnline sogar mit dem Smartphone eine Anzeige gestalten und schalten kann.Contact us<\/p>\n","protected":false},"author":1,"featured_media":0,"parent":1318,"menu_order":0,"comment_status":"closed","ping_status":"closed","template":"template-parts\/page-builder.php","meta":{"footnotes":""},"tags":[],"class_list":["post-1332","page","type-page","status-publish","hentry"],"_links":{"self":[{"href":"https:\/\/www.adfactory.nl\/de\/wp-json\/wp\/v2\/pages\/1332","targetHints":{"allow":["GET"]}}],"collection":[{"href":"https:\/\/www.adfactory.nl\/de\/wp-json\/wp\/v2\/pages"}],"about":[{"href":"https:\/\/www.adfactory.nl\/de\/wp-json\/wp\/v2\/types\/page"}],"author":[{"embeddable":true,"href":"https:\/\/www.adfactory.nl\/de\/wp-json\/wp\/v2\/users\/1"}],"replies":[{"embeddable":true,"href":"https:\/\/www.adfactory.nl\/de\/wp-json\/wp\/v2\/comments?post=1332"}],"version-history":[{"count":4,"href":"https:\/\/www.adfactory.nl\/de\/wp-json\/wp\/v2\/pages\/1332\/revisions"}],"predecessor-version":[{"id":2124,"href":"https:\/\/www.adfactory.nl\/de\/wp-json\/wp\/v2\/pages\/1332\/revisions\/2124"}],"up":[{"embeddable":true,"href":"https:\/\/www.adfactory.nl\/de\/wp-json\/wp\/v2\/pages\/1318"}],"wp:attachment":[{"href":"https:\/\/www.adfactory.nl\/de\/wp-json\/wp\/v2\/media?parent=1332"}],"wp:term":[{"taxonomy":"post_tag","embeddable":true,"href":"https:\/\/www.adfactory.nl\/de\/wp-json\/wp\/v2\/tags?post=1332"}],"curies":[{"name":"wp","href":"https:\/\/api.w.org\/{rel}","templated":true}]}}