{"id":1330,"date":"2020-01-10T10:23:15","date_gmt":"2020-01-10T09:23:15","guid":{"rendered":"http:\/\/www.adfactory.nl\/about-us\/company\/"},"modified":"2020-03-25T17:23:27","modified_gmt":"2020-03-25T16:23:27","slug":"company","status":"publish","type":"page","link":"https:\/\/www.adfactory.nl\/de\/about-us\/company\/","title":{"rendered":"Company"},"content":{"rendered":"<p><div id=\"thz-section-holder-s33ada2a3\" class=\"thz-section-holder section-notcontained none\" data-view-brightness=\"none\">\r\n\t<section class=\"thz-section\">\r\n\t\t<div class=\"thz-section-in\">\r\n\t\t\t\t\t<div class=\"thz-container content-contained thz-site-width\">\r\n\t\t\t\t<div class=\"thz-row\">\r\n\t<div id=\"thz-column-ce8c553bf\" class=\"thz-column thz-col-1 fstart\">\r\n\t<div class=\"thz-column-container\">\r\n        <div class=\"thz-column-in\">\r\n                        <div class=\"thz-column-shortcodes\">\t\r\n                <div id=\"thz-breadcrumbs-bad9428c\" class=\"thz-shc thz-breadcrumbs\">\r\n<\/div>            <\/div>\r\n                                            <\/div>\r\n    <\/div>\r\n<\/div><\/div>\t\t\t<\/div>\r\n\t\t\t\t<\/div>\r\n\t\t\t\t<\/section>\r\n<\/div>\r\n<div id=\"thz-section-holder-sa6b5a8c0\" class=\"thz-section-holder section-notcontained none\" data-view-brightness=\"none\">\r\n\t<section class=\"thz-section\">\r\n\t\t<div class=\"thz-section-in\">\r\n\t\t\t\t\t<div class=\"thz-container content-contained thz-site-width\">\r\n\t\t\t\t<div id=\"thz-sh-eea1a7d6\" class=\"thz-shc thz-heading thz-sh-eea1a7d6 thz-sh-plain thz-sh-pos-both\">\r\n\t<div class=\"thz-heading-holder\">\r\n\t\t\t\t<h1 class=\"thz-heading-title\">\u00dcber\u00a0AdFactory-International<\/h1><div class=\"thz-sh-sub\"><p><span style=\"font-size: small;\">AdFactory-International entwickelt und vertreibt Webbrowserbasierte Workflow-Software f\u00fcr Zeitungs- und Magazinverlage. Im Augenblick produziert das AdFactory System rund 700 Ausgaben, von den Niederlanden \u00fcber Deutschland, England, Belgien<\/span><span style=\"font-size: small;\">&nbsp;bis hin zu Neuseeland.<\/span><\/p><\/div>\t\t\t<\/div>\r\n<\/div><div id=\"thz-text-block-9501b24a\" class=\"thz-shc thz-text-block\"><p>Die AdFactory Anzeigen Software wurde in der Basis von der Firma Jonge Helden entwickelt und in 2003 in den Niederlanden introduziert. In 2006 wurde AdFactory International als Spin-Off gegr\u00fcndet. (Die Jonge Helden bleiben unter dem Namen Editoo aktiv in Web to Print publishing Solutions f\u00fcr Vereins-Bl\u00e4tter). AdFactoryInternational entwickelte weitere Erg\u00e4nzungen am Anzeigen System wie z.B.\u00a0 Korrektur-Workflow, online Anzeigen-Material Upload, CRM-System u.s.w.<\/p><p>Weitere Online-Module f\u00fcr Verlage wurden von\u00a0AdFactory-International entwickelt , wie z. B.\u00a0<span class=\"bold-span\" style=\"color: #990000;\">Ad<\/span><em class=\"bold-span\">Online<\/em>, das Self-Service-Portal f\u00fcr Anzeigenbuchung und -Gestaltung.<\/p><p>In 2012 haben wir unser neues Redaktionssystem f\u00fcr Artikel und Bilder vorgestellt:\u00a0<span class=\"bold-span\" style=\"color: #990000;\">Reda<\/span><em class=\"bold-span\">Fact<\/em>\u00a0braucht nur einen Browser, ist sehr kompakt, einfach zu bedienen und publiziert nach Print und\/oder Online.<\/p><p>AdFactory-International arbeitet eng zusammen mit ClassWizard, der Blattplanungs-Software Firma aus Hamburg. Die Kupplung zwischen AdFactory\u2019s Anzeigenbuchung und ClassWizards elektronischem Dispo-Buch (Dispo Cloud) liefert ein hoch integriertes, komplett web-basierendes Anzeigen- und Blattplanungs-System das immer up-to-date ist!<br \/>F\u00fcr Verlage die eine einfachere (=kosteng\u00fcnstigere) Anzeigen-Platzierungs-L\u00f6sung suchen, integrieren wir auch mit Module von Managing Editor Inc.:\u00a0<span style=\"color: #cf293d;\"><a style=\"color: #cf293d;\" href=\"https:\/\/maned.com\/software\/page-director\/\">ALS<\/a><\/span>\u00a0oder\u00a0<span style=\"color: #cf293d;\"><a style=\"color: #cf293d;\" href=\"https:\/\/maned.com\/software\/adforce\/\">AdForce<\/a><\/span><\/p><p>Speziell f\u00fcr mittelgro\u00dfe und kleinere Verlage, bietet AdFactory-International Funktionalit\u00e4t, die vergleichbar ist mit gr\u00f6\u00dferen integrierten Verlagssystemen, aber zu einem viel attraktiveren Preis.<br \/>Und weil die AdFactory Software in der Basis schon Web-Basierend ist, kann sie auch sehr einfach gehosted werden; es sind keine lokalen Installationen n\u00f6tig \u2013 bei noch niedrigeren Investitionen!<\/p><\/div>\t\t\t<\/div>\r\n\t\t\t\t<\/div>\r\n\t\t\t\t<\/section>\r\n<\/div>\r\n<\/p>\n","protected":false},"excerpt":{"rendered":"<p>\u00dcber\u00a0AdFactory-InternationalAdFactory-International entwickelt und vertreibt Webbrowserbasierte Workflow-Software f\u00fcr Zeitungs- und Magazinverlage. Im Augenblick produziert das AdFactory System rund 700 Ausgaben, von den Niederlanden \u00fcber Deutschland, England, Belgien&nbsp;bis hin zu Neuseeland. Die AdFactory Anzeigen Software wurde in der Basis von der Firma Jonge Helden entwickelt und in 2003 in den Niederlanden introduziert. In 2006 wurde AdFactory International als Spin-Off gegr\u00fcndet. (Die Jonge Helden bleiben unter dem Namen Editoo aktiv in Web to Print publishing Solutions f\u00fcr Vereins-Bl\u00e4tter). AdFactoryInternational entwickelte weitere Erg\u00e4nzungen am Anzeigen System wie z.B.\u00a0 Korrektur-Workflow, online Anzeigen-Material Upload, CRM-System u.s.w.Weitere Online-Module f\u00fcr Verlage wurden von\u00a0AdFactory-International entwickelt , wie z. B.\u00a0AdOnline, das Self-Service-Portal f\u00fcr Anzeigenbuchung und -Gestaltung.In 2012 haben wir unser neues Redaktionssystem f\u00fcr Artikel und Bilder vorgestellt:\u00a0RedaFact\u00a0braucht nur einen Browser, ist sehr kompakt, einfach zu bedienen und publiziert nach Print und\/oder Online.AdFactory-International arbeitet eng zusammen mit ClassWizard, der Blattplanungs-Software Firma aus Hamburg. Die Kupplung zwischen AdFactory\u2019s Anzeigenbuchung und ClassWizards elektronischem Dispo-Buch (Dispo Cloud) liefert ein hoch integriertes, komplett web-basierendes Anzeigen- und Blattplanungs-System das immer up-to-date ist!F\u00fcr Verlage die eine einfachere (=kosteng\u00fcnstigere) Anzeigen-Platzierungs-L\u00f6sung suchen, integrieren wir auch mit Module von Managing Editor Inc.:\u00a0ALS\u00a0oder\u00a0AdForceSpeziell f\u00fcr mittelgro\u00dfe und kleinere Verlage, bietet AdFactory-International Funktionalit\u00e4t, die vergleichbar ist mit gr\u00f6\u00dferen integrierten Verlagssystemen, aber zu einem [&hellip;]<\/p>\n","protected":false},"author":1,"featured_media":0,"parent":1315,"menu_order":0,"comment_status":"closed","ping_status":"closed","template":"template-parts\/page-builder.php","meta":{"footnotes":""},"tags":[],"class_list":["post-1330","page","type-page","status-publish","hentry"],"_links":{"self":[{"href":"https:\/\/www.adfactory.nl\/de\/wp-json\/wp\/v2\/pages\/1330","targetHints":{"allow":["GET"]}}],"collection":[{"href":"https:\/\/www.adfactory.nl\/de\/wp-json\/wp\/v2\/pages"}],"about":[{"href":"https:\/\/www.adfactory.nl\/de\/wp-json\/wp\/v2\/types\/page"}],"author":[{"embeddable":true,"href":"https:\/\/www.adfactory.nl\/de\/wp-json\/wp\/v2\/users\/1"}],"replies":[{"embeddable":true,"href":"https:\/\/www.adfactory.nl\/de\/wp-json\/wp\/v2\/comments?post=1330"}],"version-history":[{"count":4,"href":"https:\/\/www.adfactory.nl\/de\/wp-json\/wp\/v2\/pages\/1330\/revisions"}],"predecessor-version":[{"id":2185,"href":"https:\/\/www.adfactory.nl\/de\/wp-json\/wp\/v2\/pages\/1330\/revisions\/2185"}],"up":[{"embeddable":true,"href":"https:\/\/www.adfactory.nl\/de\/wp-json\/wp\/v2\/pages\/1315"}],"wp:attachment":[{"href":"https:\/\/www.adfactory.nl\/de\/wp-json\/wp\/v2\/media?parent=1330"}],"wp:term":[{"taxonomy":"post_tag","embeddable":true,"href":"https:\/\/www.adfactory.nl\/de\/wp-json\/wp\/v2\/tags?post=1330"}],"curies":[{"name":"wp","href":"https:\/\/api.w.org\/{rel}","templated":true}]}}