{"id":1313,"date":"2020-01-10T14:05:38","date_gmt":"2020-01-10T13:05:38","guid":{"rendered":"http:\/\/www.adfactory.nl\/adfactory-server\/"},"modified":"2020-03-25T18:32:51","modified_gmt":"2020-03-25T17:32:51","slug":"adfactory-server","status":"publish","type":"page","link":"https:\/\/www.adfactory.nl\/de\/products\/advertising-software\/adfactory-server\/","title":{"rendered":"AdFactory Server"},"content":{"rendered":"<p><div id=\"thz-section-holder-sd93a2836\" class=\"thz-section-holder section-notcontained none\" data-view-brightness=\"none\">\r\n\t<section class=\"thz-section\">\r\n\t\t<div class=\"thz-section-in\">\r\n\t\t\t\t\t<div class=\"thz-container content-contained thz-site-width\">\r\n\t\t\t\t<div class=\"thz-row\">\r\n\t<div id=\"thz-column-c41125a3e\" class=\"thz-column thz-col-1 fstart\">\r\n\t<div class=\"thz-column-container\">\r\n        <div class=\"thz-column-in\">\r\n                        <div class=\"thz-column-shortcodes\">\t\r\n                <div id=\"thz-breadcrumbs-b2bd4d54\" class=\"thz-shc thz-breadcrumbs\">\r\n<\/div>            <\/div>\r\n                                            <\/div>\r\n    <\/div>\r\n<\/div><\/div>\t\t\t<\/div>\r\n\t\t\t\t<\/div>\r\n\t\t\t\t<\/section>\r\n<\/div>\r\n<div id=\"thz-section-holder-sf2ae78a9\" class=\"product-section thz-section-holder section-notcontained none\" data-view-brightness=\"none\">\r\n\t<section class=\"thz-section\">\r\n\t\t<div class=\"thz-section-in\">\r\n\t\t\t\t\t<div class=\"thz-container content-contained thz-site-width\">\r\n\t\t\t\t<div class=\"thz-row\">\r\n\t<div id=\"thz-column-c9b14a002\" class=\"thz-column thz-col-1-5 fstart thz-tablet-hidden thz-mobile-hidden\">\r\n\t<div class=\"thz-column-container\">\r\n        <div class=\"thz-column-in\">\r\n                        <div class=\"thz-column-shortcodes\">\t\r\n                <div id=\"thz-parse-shortcode-block-44103201\" class=\"thz-shc thz-parse-shortcode-block navmenu\"><div class=\"menu-advertising-software-menu-german-container\"><ul id=\"menu-advertising-software-menu-german\" class=\"menu\"><li class=\"lifirst\"><a title=\"AdFactory server\" href=\"https:\/\/www.adfactory.nl\/de\/products\/advertising-software\/adfactory-server\/\" itemprop=\"url\">AdFactory Server<\/a><\/li>\n<li><a title=\"Adorder\" href=\"https:\/\/www.adfactory.nl\/de\/products\/advertising-software\/adorder\/\" itemprop=\"url\">Adorder (Buchung)<\/a><\/li>\n<li><a title=\"Classifieds module\" href=\"https:\/\/www.adfactory.nl\/de\/products\/advertising-software\/classifieds-module\/\" itemprop=\"url\">Kleinanzeigen-modul<\/a><\/li>\n<li><a title=\"Banner book&#038;publish\" href=\"https:\/\/www.adfactory.nl\/de\/products\/advertising-software\/banner-bookpublish\/\" itemprop=\"url\">Banner Book&#038;Publish<\/a><\/li>\n<li><a title=\"CRM-e module\" href=\"https:\/\/www.adfactory.nl\/de\/products\/advertising-software\/crm-e-module\/\" itemprop=\"url\">CRM-e Modul<\/a><\/li>\n<li><a title=\"Invoicing\" href=\"https:\/\/www.adfactory.nl\/de\/products\/advertising-software\/invoicing\/\" itemprop=\"url\">Fakturierungsmodul<\/a><\/li>\n<li><a title=\"Reporting\" href=\"https:\/\/www.adfactory.nl\/de\/products\/advertising-software\/reporting\/\" itemprop=\"url\">Reporte<\/a><\/li>\n<li><a title=\"AdFlow (production)\" href=\"https:\/\/www.adfactory.nl\/de\/products\/advertising-software\/adflow-production\/\" itemprop=\"url\">AdFlow (produktion)<\/a><\/li>\n<li class=\"lilast\"><a title=\"AdProof\" href=\"https:\/\/www.adfactory.nl\/de\/products\/advertising-software\/adproof\/\" itemprop=\"url\">AdProof (Korrektur abzug)<\/a><\/li>\n<\/ul><\/div><\/div>            <\/div>\r\n                                            <\/div>\r\n    <\/div>\r\n<\/div><div id=\"thz-column-cd4d266d9\" class=\"thz-column thz-col-2-5 fstart\">\r\n\t<div class=\"thz-column-container\">\r\n        <div class=\"thz-column-in\">\r\n                        <div class=\"thz-column-shortcodes\">\t\r\n                <div id=\"thz-sh-f49f38c6\" class=\"thz-shc thz-heading thz-sh-f49f38c6 thz-sh-plain thz-sh-pos-both\">\r\n\t<div class=\"thz-heading-holder\">\r\n\t\t\t\t<div class=\"thz-sh-sub\"><p>AdFactory ist ein auf Webbrowser basierendes Anzeigen-System f\u00fcr kleine und mittelgro\u00dfe Zeitungs- und Magazin-Verlage. AdFactory automatisiert Arbeitsabl\u00e4ufe von den Buchungen, der Gestaltung bis zur Disposition der Anzeigen \u2013 sowohl f\u00fcr Print- als auch Onlineausgaben.<\/p><\/div>\t\t\t<\/div>\r\n<\/div><div id=\"thz-text-block-31ab7f34\" class=\"thz-shc thz-text-block\"><p>Das Herz des AdFactory-Systems besteht aus einer Datenbank, einem Fileserver und einem Webserver. Bei einer Hosting-L\u00f6sung wird zus\u00e4tzlich ein AdFactory \u201cConnection-box\u201d im Haus installiert \u2013 das dient Ihrer R\u00fcckversicherung. Sollte die Internetverbindung nicht stehen, sorgt Ihr AdFactory-Server f\u00fcr die Stressfreie Produktion.<br \/>\u2013 Die Datenbank enth\u00e4lt alle Kundenstamm- und Ausgabendaten, wie Preise, Anzeigenarten, Anzeigengr\u00f6\u00dfen und weitere.<br \/>\u2013 Der Fileserver speichert jede Art von Anzeigen-Material. AdFactory funktioniert hier wie ein Content Management System (CMS).<br \/>\u2013 Der Webserver liefert ein Userinterface f\u00fcr Anzeigen-Buchungen, Administration, Anzeigen-Verwaltung, Marketing und Verkauf.<\/p><p>Adfactory verwendet eine MySQL-Datenbank und Linux oder OSX als Betriebssystem.<br \/>Die Vorteile:<br \/>\u2013 hohe Stabilit\u00e4t<br \/>\u2013 gut skalierbar<br \/>\u2013 angemessen im Preis-Leistungs-Verh\u00e4ltnis<br \/>Alles einfach zu konfigurieren im Zusammenspiel mit Open-Source-Software wie PHP, Perl, JavaScript.<\/p><\/div><div class=\"thz-btn-container thz-custom-btn-47916 ctm-btn thz-mt-70\"><a class=\"thz-button thz-radius-0 thz-btn-border-1 thz-align-center\" href=\"http:\/\/www.adfactory.nl\/about-us\/contact\/\"><span class=\"thz-btn-text thz-text-uppercase thz-vp-10 thz-hp-50 thz-fs-15 thz-fw-600\">Contact us<\/span><\/a><\/div>            <\/div>\r\n                                            <\/div>\r\n    <\/div>\r\n<\/div><div id=\"thz-column-cbad6b77c\" class=\"thz-column thz-col-2-5 fstart\">\r\n\t<div class=\"thz-column-container\">\r\n        <div class=\"thz-column-in\">\r\n                        <div class=\"thz-column-shortcodes\">\t\r\n                <div id=\"thz-media-image-6f98f600\" class=\"thz-shc thz-media-image-container thz-media-mode-none\"><div class=\"thz-media-item thz-media-item-image\"><img loading=\"lazy\" decoding=\"async\" width=\"570\" height=\"749\" src=\"https:\/\/www.adfactory.nl\/wp-content\/uploads\/2020\/01\/AdF_flowchart-570x749.png\" class=\"\" alt=\"AdF_flowchart\" srcset=\"https:\/\/www.adfactory.nl\/wp-content\/uploads\/2020\/01\/AdF_flowchart-570x749.png 570w, https:\/\/www.adfactory.nl\/wp-content\/uploads\/2020\/01\/AdF_flowchart-228x300.png 228w, https:\/\/www.adfactory.nl\/wp-content\/uploads\/2020\/01\/AdF_flowchart-350x460.png 350w, https:\/\/www.adfactory.nl\/wp-content\/uploads\/2020\/01\/AdF_flowchart-570x749.png 607w\" sizes=\"auto, (max-width: 570px) 100vw, 570px\" \/><a class=\"thz-hover-link thz-lightbox mfp-image\" href=\"#\" data-bg=\"mfp-dark\" data-opacity=\"mfp-opacity-08\" data-effect=\"mfp-zoom-in\" data-mfp-src=\"\/\/www.adfactory.nl\/wp-content\/uploads\/2020\/01\/AdF_flowchart.png\" data-mfp-title=\"AdF_flowchart\"><\/a><\/div><\/div><div id=\"thz-text-block-4b0f067e\" class=\"thz-shc thz-text-block\"><p>Eine \u00dcbersicht der AdFactory Module f\u00fcr den gesamten Anzeigen\u00a0Workflow<\/p><\/div>            <\/div>\r\n                                            <\/div>\r\n    <\/div>\r\n<\/div><\/div>\t\t\t<\/div>\r\n\t\t\t\t<\/div>\r\n\t\t\t\t<\/section>\r\n<\/div>\r\n<\/p>\n","protected":false},"excerpt":{"rendered":"<p>AdFactory Server Adorder (Buchung) Kleinanzeigen-modul Banner Book&#038;Publish CRM-e Modul Fakturierungsmodul Reporte AdFlow (produktion) AdProof (Korrektur abzug) AdFactory ist ein auf Webbrowser basierendes Anzeigen-System f\u00fcr kleine und mittelgro\u00dfe Zeitungs- und Magazin-Verlage. AdFactory automatisiert Arbeitsabl\u00e4ufe von den Buchungen, der Gestaltung bis zur Disposition der Anzeigen \u2013 sowohl f\u00fcr Print- als auch Onlineausgaben. Das Herz des AdFactory-Systems besteht aus einer Datenbank, einem Fileserver und einem Webserver. Bei einer Hosting-L\u00f6sung wird zus\u00e4tzlich ein AdFactory \u201cConnection-box\u201d im Haus installiert \u2013 das dient Ihrer R\u00fcckversicherung. Sollte die Internetverbindung nicht stehen, sorgt Ihr AdFactory-Server f\u00fcr die Stressfreie Produktion.\u2013 Die Datenbank enth\u00e4lt alle Kundenstamm- und Ausgabendaten, wie Preise, Anzeigenarten, Anzeigengr\u00f6\u00dfen und weitere.\u2013 Der Fileserver speichert jede Art von Anzeigen-Material. AdFactory funktioniert hier wie ein Content Management System (CMS).\u2013 Der Webserver liefert ein Userinterface f\u00fcr Anzeigen-Buchungen, Administration, Anzeigen-Verwaltung, Marketing und Verkauf.Adfactory verwendet eine MySQL-Datenbank und Linux oder OSX als Betriebssystem.Die Vorteile:\u2013 hohe Stabilit\u00e4t\u2013 gut skalierbar\u2013 angemessen im Preis-Leistungs-Verh\u00e4ltnisAlles einfach zu konfigurieren im Zusammenspiel mit Open-Source-Software wie PHP, Perl, JavaScript.Contact us Eine \u00dcbersicht der AdFactory Module f\u00fcr den gesamten Anzeigen\u00a0Workflow<\/p>\n","protected":false},"author":1,"featured_media":0,"parent":1337,"menu_order":0,"comment_status":"closed","ping_status":"closed","template":"template-parts\/page-builder.php","meta":{"footnotes":""},"tags":[],"class_list":["post-1313","page","type-page","status-publish","hentry"],"_links":{"self":[{"href":"https:\/\/www.adfactory.nl\/de\/wp-json\/wp\/v2\/pages\/1313","targetHints":{"allow":["GET"]}}],"collection":[{"href":"https:\/\/www.adfactory.nl\/de\/wp-json\/wp\/v2\/pages"}],"about":[{"href":"https:\/\/www.adfactory.nl\/de\/wp-json\/wp\/v2\/types\/page"}],"author":[{"embeddable":true,"href":"https:\/\/www.adfactory.nl\/de\/wp-json\/wp\/v2\/users\/1"}],"replies":[{"embeddable":true,"href":"https:\/\/www.adfactory.nl\/de\/wp-json\/wp\/v2\/comments?post=1313"}],"version-history":[{"count":4,"href":"https:\/\/www.adfactory.nl\/de\/wp-json\/wp\/v2\/pages\/1313\/revisions"}],"predecessor-version":[{"id":2239,"href":"https:\/\/www.adfactory.nl\/de\/wp-json\/wp\/v2\/pages\/1313\/revisions\/2239"}],"up":[{"embeddable":true,"href":"https:\/\/www.adfactory.nl\/de\/wp-json\/wp\/v2\/pages\/1337"}],"wp:attachment":[{"href":"https:\/\/www.adfactory.nl\/de\/wp-json\/wp\/v2\/media?parent=1313"}],"wp:term":[{"taxonomy":"post_tag","embeddable":true,"href":"https:\/\/www.adfactory.nl\/de\/wp-json\/wp\/v2\/tags?post=1313"}],"curies":[{"name":"wp","href":"https:\/\/api.w.org\/{rel}","templated":true}]}}