{"id":1306,"date":"2020-01-10T14:06:43","date_gmt":"2020-01-10T13:06:43","guid":{"rendered":"http:\/\/www.adfactory.nl\/banner-bookpublish\/"},"modified":"2020-03-26T11:53:21","modified_gmt":"2020-03-26T10:53:21","slug":"banner-bookpublish","status":"publish","type":"page","link":"https:\/\/www.adfactory.nl\/de\/products\/advertising-software\/banner-bookpublish\/","title":{"rendered":"Banner Book&#038;Publish"},"content":{"rendered":"<p><div id=\"thz-section-holder-sd93a2836\" class=\"thz-section-holder section-notcontained none\" data-view-brightness=\"none\">\r\n\t<section class=\"thz-section\">\r\n\t\t<div class=\"thz-section-in\">\r\n\t\t\t\t\t<div class=\"thz-container content-contained thz-site-width\">\r\n\t\t\t\t<div class=\"thz-row\">\r\n\t<div id=\"thz-column-c5d9fcf05\" class=\"thz-column thz-col-1 fstart\">\r\n\t<div class=\"thz-column-container\">\r\n        <div class=\"thz-column-in\">\r\n                        <div class=\"thz-column-shortcodes\">\t\r\n                <div id=\"thz-breadcrumbs-b2bd4d54\" class=\"thz-shc thz-breadcrumbs\">\r\n<\/div>            <\/div>\r\n                                            <\/div>\r\n    <\/div>\r\n<\/div><\/div>\t\t\t<\/div>\r\n\t\t\t\t<\/div>\r\n\t\t\t\t<\/section>\r\n<\/div>\r\n<div id=\"thz-section-holder-sf2ae78a9\" class=\"product-section thz-section-holder section-notcontained none\" data-view-brightness=\"none\">\r\n\t<section class=\"thz-section\">\r\n\t\t<div class=\"thz-section-in\">\r\n\t\t\t\t\t<div class=\"thz-container content-contained thz-site-width\">\r\n\t\t\t\t<div class=\"thz-row\">\r\n\t<div id=\"thz-column-c9b14a002\" class=\"thz-column thz-col-1-5 fstart thz-tablet-hidden thz-mobile-hidden\">\r\n\t<div class=\"thz-column-container\">\r\n        <div class=\"thz-column-in\">\r\n                        <div class=\"thz-column-shortcodes\">\t\r\n                <div id=\"thz-parse-shortcode-block-44103201\" class=\"thz-shc thz-parse-shortcode-block navmenu\"><div class=\"menu-advertising-software-menu-german-container\"><ul id=\"menu-advertising-software-menu-german\" class=\"menu\"><li class=\"lifirst\"><a title=\"AdFactory server\" href=\"https:\/\/www.adfactory.nl\/de\/products\/advertising-software\/adfactory-server\/\" itemprop=\"url\">AdFactory Server<\/a><\/li>\n<li><a title=\"Adorder\" href=\"https:\/\/www.adfactory.nl\/de\/products\/advertising-software\/adorder\/\" itemprop=\"url\">Adorder (Buchung)<\/a><\/li>\n<li><a title=\"Classifieds module\" href=\"https:\/\/www.adfactory.nl\/de\/products\/advertising-software\/classifieds-module\/\" itemprop=\"url\">Kleinanzeigen-modul<\/a><\/li>\n<li><a title=\"Banner book&#038;publish\" href=\"https:\/\/www.adfactory.nl\/de\/products\/advertising-software\/banner-bookpublish\/\" itemprop=\"url\">Banner Book&#038;Publish<\/a><\/li>\n<li><a title=\"CRM-e module\" href=\"https:\/\/www.adfactory.nl\/de\/products\/advertising-software\/crm-e-module\/\" itemprop=\"url\">CRM-e Modul<\/a><\/li>\n<li><a title=\"Invoicing\" href=\"https:\/\/www.adfactory.nl\/de\/products\/advertising-software\/invoicing\/\" itemprop=\"url\">Fakturierungsmodul<\/a><\/li>\n<li><a title=\"Reporting\" href=\"https:\/\/www.adfactory.nl\/de\/products\/advertising-software\/reporting\/\" itemprop=\"url\">Reporte<\/a><\/li>\n<li><a title=\"AdFlow (production)\" href=\"https:\/\/www.adfactory.nl\/de\/products\/advertising-software\/adflow-production\/\" itemprop=\"url\">AdFlow (produktion)<\/a><\/li>\n<li class=\"lilast\"><a title=\"AdProof\" href=\"https:\/\/www.adfactory.nl\/de\/products\/advertising-software\/adproof\/\" itemprop=\"url\">AdProof (Korrektur abzug)<\/a><\/li>\n<\/ul><\/div><\/div>            <\/div>\r\n                                            <\/div>\r\n    <\/div>\r\n<\/div><div id=\"thz-column-cd4d266d9\" class=\"thz-column thz-col-2-5 fstart\">\r\n\t<div class=\"thz-column-container\">\r\n        <div class=\"thz-column-in\">\r\n                        <div class=\"thz-column-shortcodes\">\t\r\n                <div id=\"thz-sh-f49f38c6\" class=\"thz-shc thz-heading thz-sh-f49f38c6 thz-sh-plain thz-sh-pos-both\">\r\n\t<div class=\"thz-heading-holder\">\r\n\t\t\t\t<h1 class=\"thz-heading-title\">Banner Book&amp;Publish Modul<\/h1><div class=\"thz-sh-sub\"><p>F\u00fcr das Buchen von Bannern sind im Vergleich zu Print-Anzeigen andere Parameter n\u00f6tigt: Die Art der Rechnungsstellung kann verschieden sein (zum Beispiel CPM oder Upfront oder \u00e4hnliches),\u00a0 die gleiche Banner Position kann mehrfach verkauft werden,\u00a0 mehrere Banner k\u00f6nnen sich auf ihrer Position abwechseln, das grafische Material kann \u00fcber einen Link abgerufen werden, und vieles mehr.<\/p><\/div>\t\t\t<\/div>\r\n<\/div><div id=\"thz-text-block-31ab7f34\" class=\"thz-shc thz-text-block\"><p>Das Book&amp;Publish-Modul f\u00fcr Banner erm\u00f6glicht folgende Anforderungen:<br \/>\u2013\u00a0Buchen eines Banners f\u00fcr eine oder mehrere Webseiten.<br \/>\u2013 Vergabe des Start- und Stop-Datums.<br \/>\u2013 \u00dcberpr\u00fcfung der Verf\u00fcgbarkeit einzelner Positionen.<br \/>\u2013\u00a0Verkn\u00fcpfung des Bannermaterials (oder verlinken Sie eine URL).<br \/>So schnell sind Sie ready! Auf Wunsch kann sogar eingegeben werden, wie oft ein Banner dem gleichen Webseiten-Besucher angezeigt wird.<\/p><p>Wenn alles eingetragen ist, wird das Banner an die Webseite exportiert, inklusive der Platzierungs-Vorgaben wie:<br \/>\u2013 richtige Position;<br \/>\u2013 gebuchte Zeitr\u00e4ume;<br \/>\u2013 Rotations-Skripte f\u00fcr geplante Online-Ver\u00f6ffentlichungen.<\/p><\/div><div class=\"thz-btn-container thz-custom-btn-47916 ctm-btn thz-mt-60\"><a class=\"thz-button thz-radius-0 thz-btn-border-1 thz-align-center\" href=\"http:\/\/www.adfactory.nl\/about-us\/contact\/\"><span class=\"thz-btn-text thz-text-uppercase thz-vp-10 thz-hp-50 thz-fs-15 thz-fw-600\">Contact us<\/span><\/a><\/div>            <\/div>\r\n                                            <\/div>\r\n    <\/div>\r\n<\/div><div id=\"thz-column-cbad6b77c\" class=\"thz-column thz-col-2-5 fstart\">\r\n\t<div class=\"thz-column-container\">\r\n        <div class=\"thz-column-in\">\r\n                        <div class=\"thz-column-shortcodes\">\t\r\n                <div id=\"thz-media-image-6f98f600\" class=\"thz-shc thz-media-image-container thz-media-mode-none\"><div class=\"thz-media-item thz-media-item-image\"><img loading=\"lazy\" decoding=\"async\" width=\"570\" height=\"335\" src=\"https:\/\/www.adfactory.nl\/wp-content\/uploads\/2020\/01\/bannerbook-570x335.png\" class=\"\" alt=\"bannerbook\" srcset=\"https:\/\/www.adfactory.nl\/wp-content\/uploads\/2020\/01\/bannerbook-570x335.png 570w, https:\/\/www.adfactory.nl\/wp-content\/uploads\/2020\/01\/bannerbook-300x176.png 300w, https:\/\/www.adfactory.nl\/wp-content\/uploads\/2020\/01\/bannerbook-1024x602.png 1024w, https:\/\/www.adfactory.nl\/wp-content\/uploads\/2020\/01\/bannerbook-768x451.png 768w, https:\/\/www.adfactory.nl\/wp-content\/uploads\/2020\/01\/bannerbook-1200x705.png 1200w, https:\/\/www.adfactory.nl\/wp-content\/uploads\/2020\/01\/bannerbook-350x206.png 350w, https:\/\/www.adfactory.nl\/wp-content\/uploads\/2020\/01\/bannerbook-570x335.png 1220w\" sizes=\"auto, (max-width: 570px) 100vw, 570px\" \/><a class=\"thz-hover-link thz-lightbox mfp-image\" href=\"#\" data-bg=\"mfp-dark\" data-opacity=\"mfp-opacity-08\" data-effect=\"mfp-zoom-in\" data-mfp-src=\"\/\/www.adfactory.nl\/wp-content\/uploads\/2020\/01\/bannerbook.png\" data-mfp-title=\"bannerbook\"><\/a><\/div><\/div><div id=\"thz-text-block-4b0f067e\" class=\"thz-shc thz-text-block\"><p>Bannerbuchung:\u00a0 book interface<\/p><\/div>            <\/div>\r\n                                            <\/div>\r\n    <\/div>\r\n<\/div><\/div>\t\t\t<\/div>\r\n\t\t\t\t<\/div>\r\n\t\t\t\t<\/section>\r\n<\/div>\r\n<\/p>\n","protected":false},"excerpt":{"rendered":"<p>AdFactory Server Adorder (Buchung) Kleinanzeigen-modul Banner Book&#038;Publish CRM-e Modul Fakturierungsmodul Reporte AdFlow (produktion) AdProof (Korrektur abzug) Banner Book&amp;Publish ModulF\u00fcr das Buchen von Bannern sind im Vergleich zu Print-Anzeigen andere Parameter n\u00f6tigt: Die Art der Rechnungsstellung kann verschieden sein (zum Beispiel CPM oder Upfront oder \u00e4hnliches),\u00a0 die gleiche Banner Position kann mehrfach verkauft werden,\u00a0 mehrere Banner k\u00f6nnen sich auf ihrer Position abwechseln, das grafische Material kann \u00fcber einen Link abgerufen werden, und vieles mehr. Das Book&amp;Publish-Modul f\u00fcr Banner erm\u00f6glicht folgende Anforderungen:\u2013\u00a0Buchen eines Banners f\u00fcr eine oder mehrere Webseiten.\u2013 Vergabe des Start- und Stop-Datums.\u2013 \u00dcberpr\u00fcfung der Verf\u00fcgbarkeit einzelner Positionen.\u2013\u00a0Verkn\u00fcpfung des Bannermaterials (oder verlinken Sie eine URL).So schnell sind Sie ready! Auf Wunsch kann sogar eingegeben werden, wie oft ein Banner dem gleichen Webseiten-Besucher angezeigt wird.Wenn alles eingetragen ist, wird das Banner an die Webseite exportiert, inklusive der Platzierungs-Vorgaben wie:\u2013 richtige Position;\u2013 gebuchte Zeitr\u00e4ume;\u2013 Rotations-Skripte f\u00fcr geplante Online-Ver\u00f6ffentlichungen.Contact us Bannerbuchung:\u00a0 book interface<\/p>\n","protected":false},"author":1,"featured_media":0,"parent":1337,"menu_order":0,"comment_status":"closed","ping_status":"closed","template":"template-parts\/page-builder.php","meta":{"footnotes":""},"tags":[],"class_list":["post-1306","page","type-page","status-publish","hentry"],"_links":{"self":[{"href":"https:\/\/www.adfactory.nl\/de\/wp-json\/wp\/v2\/pages\/1306","targetHints":{"allow":["GET"]}}],"collection":[{"href":"https:\/\/www.adfactory.nl\/de\/wp-json\/wp\/v2\/pages"}],"about":[{"href":"https:\/\/www.adfactory.nl\/de\/wp-json\/wp\/v2\/types\/page"}],"author":[{"embeddable":true,"href":"https:\/\/www.adfactory.nl\/de\/wp-json\/wp\/v2\/users\/1"}],"replies":[{"embeddable":true,"href":"https:\/\/www.adfactory.nl\/de\/wp-json\/wp\/v2\/comments?post=1306"}],"version-history":[{"count":5,"href":"https:\/\/www.adfactory.nl\/de\/wp-json\/wp\/v2\/pages\/1306\/revisions"}],"predecessor-version":[{"id":2313,"href":"https:\/\/www.adfactory.nl\/de\/wp-json\/wp\/v2\/pages\/1306\/revisions\/2313"}],"up":[{"embeddable":true,"href":"https:\/\/www.adfactory.nl\/de\/wp-json\/wp\/v2\/pages\/1337"}],"wp:attachment":[{"href":"https:\/\/www.adfactory.nl\/de\/wp-json\/wp\/v2\/media?parent=1306"}],"wp:term":[{"taxonomy":"post_tag","embeddable":true,"href":"https:\/\/www.adfactory.nl\/de\/wp-json\/wp\/v2\/tags?post=1306"}],"curies":[{"name":"wp","href":"https:\/\/api.w.org\/{rel}","templated":true}]}}