{"id":1303,"date":"2020-01-10T14:06:59","date_gmt":"2020-01-10T13:06:59","guid":{"rendered":"http:\/\/www.adfactory.nl\/crm-e-module\/"},"modified":"2020-03-26T11:54:18","modified_gmt":"2020-03-26T10:54:18","slug":"crm-e-module","status":"publish","type":"page","link":"https:\/\/www.adfactory.nl\/de\/products\/advertising-software\/crm-e-module\/","title":{"rendered":"CRM-e Modul"},"content":{"rendered":"<p><div id=\"thz-section-holder-sd93a2836\" class=\"thz-section-holder section-notcontained none\" data-view-brightness=\"none\">\r\n\t<section class=\"thz-section\">\r\n\t\t<div class=\"thz-section-in\">\r\n\t\t\t\t\t<div class=\"thz-container content-contained thz-site-width\">\r\n\t\t\t\t<div class=\"thz-row\">\r\n\t<div id=\"thz-column-c721a8763\" class=\"thz-column thz-col-1 fstart\">\r\n\t<div class=\"thz-column-container\">\r\n        <div class=\"thz-column-in\">\r\n                        <div class=\"thz-column-shortcodes\">\t\r\n                <div id=\"thz-breadcrumbs-b2bd4d54\" class=\"thz-shc thz-breadcrumbs\">\r\n<\/div>            <\/div>\r\n                                            <\/div>\r\n    <\/div>\r\n<\/div><\/div>\t\t\t<\/div>\r\n\t\t\t\t<\/div>\r\n\t\t\t\t<\/section>\r\n<\/div>\r\n<div id=\"thz-section-holder-sf2ae78a9\" class=\"product-section thz-section-holder section-notcontained none\" data-view-brightness=\"none\">\r\n\t<section class=\"thz-section\">\r\n\t\t<div class=\"thz-section-in\">\r\n\t\t\t\t\t<div class=\"thz-container content-contained thz-site-width\">\r\n\t\t\t\t<div class=\"thz-row\">\r\n\t<div id=\"thz-column-c9b14a002\" class=\"thz-column thz-col-1-5 fstart thz-tablet-hidden thz-mobile-hidden\">\r\n\t<div class=\"thz-column-container\">\r\n        <div class=\"thz-column-in\">\r\n                        <div class=\"thz-column-shortcodes\">\t\r\n                <div id=\"thz-parse-shortcode-block-44103201\" class=\"thz-shc thz-parse-shortcode-block navmenu\"><div class=\"menu-advertising-software-menu-german-container\"><ul id=\"menu-advertising-software-menu-german\" class=\"menu\"><li class=\"lifirst\"><a title=\"AdFactory server\" href=\"https:\/\/www.adfactory.nl\/de\/products\/advertising-software\/adfactory-server\/\" itemprop=\"url\">AdFactory Server<\/a><\/li>\n<li><a title=\"Adorder\" href=\"https:\/\/www.adfactory.nl\/de\/products\/advertising-software\/adorder\/\" itemprop=\"url\">Adorder (Buchung)<\/a><\/li>\n<li><a title=\"Classifieds module\" href=\"https:\/\/www.adfactory.nl\/de\/products\/advertising-software\/classifieds-module\/\" itemprop=\"url\">Kleinanzeigen-modul<\/a><\/li>\n<li><a title=\"Banner book&#038;publish\" href=\"https:\/\/www.adfactory.nl\/de\/products\/advertising-software\/banner-bookpublish\/\" itemprop=\"url\">Banner Book&#038;Publish<\/a><\/li>\n<li><a title=\"CRM-e module\" href=\"https:\/\/www.adfactory.nl\/de\/products\/advertising-software\/crm-e-module\/\" itemprop=\"url\">CRM-e Modul<\/a><\/li>\n<li><a title=\"Invoicing\" href=\"https:\/\/www.adfactory.nl\/de\/products\/advertising-software\/invoicing\/\" itemprop=\"url\">Fakturierungsmodul<\/a><\/li>\n<li><a title=\"Reporting\" href=\"https:\/\/www.adfactory.nl\/de\/products\/advertising-software\/reporting\/\" itemprop=\"url\">Reporte<\/a><\/li>\n<li><a title=\"AdFlow (production)\" href=\"https:\/\/www.adfactory.nl\/de\/products\/advertising-software\/adflow-production\/\" itemprop=\"url\">AdFlow (produktion)<\/a><\/li>\n<li class=\"lilast\"><a title=\"AdProof\" href=\"https:\/\/www.adfactory.nl\/de\/products\/advertising-software\/adproof\/\" itemprop=\"url\">AdProof (Korrektur abzug)<\/a><\/li>\n<\/ul><\/div><\/div>            <\/div>\r\n                                            <\/div>\r\n    <\/div>\r\n<\/div><div id=\"thz-column-cd4d266d9\" class=\"thz-column thz-col-2-5 fstart\">\r\n\t<div class=\"thz-column-container\">\r\n        <div class=\"thz-column-in\">\r\n                        <div class=\"thz-column-shortcodes\">\t\r\n                <div id=\"thz-sh-f49f38c6\" class=\"thz-shc thz-heading thz-sh-f49f38c6 thz-sh-plain thz-sh-pos-both\">\r\n\t<div class=\"thz-heading-holder\">\r\n\t\t\t\t<h1 class=\"thz-heading-title\">CRM(-E) Modul<\/h1><div class=\"thz-sh-sub\"><p>Das CRM-Modul verwaltet, neben Telefonnotizen, interne Nachrichten, T\u00e4tigkeiten, und eventuell weitere Kunden-Vereinbarungen. Es ist f\u00fcr jeden angemeldeten AdOrder-Nutzer m\u00f6glich all diese Informationen pro Kunde zu betrachten. E-Mails die vom AdFactory-System an den Kunden geschickt werden (Buchungsbest\u00e4tigungen, Probeabz\u00fcge), sind in dieser \u00dcbersicht zu sehen.<\/p><\/div>\t\t\t<\/div>\r\n<\/div><div id=\"thz-text-block-31ab7f34\" class=\"thz-shc thz-text-block\"><p>Das CRM-E-Modul verwaltet zus\u00e4tzlich die pers\u00f6nliche E-Mail-Kommunikation mit dem Kunden. Es verkn\u00fcpft nicht nur ausgehende E-Mails von AdFactory-Nutzern, sondern verkn\u00fcpft ebenso die eingehenden E-Mails automatisch mit den Kundendaten.<br \/>Nat\u00fcrlich k\u00f6nnen E-Mail-Anh\u00e4nge ebenfalls verarbeitet werden. Zum Beispiel k\u00f6nnte das CRM-System einem Kunden mitteilen, dass ein spezielles Angebot jetzt verf\u00fcgbar ist. Auch wenn der Kunde Anzeigen-Material per E-Mail sendet, kann es mit der Buchung logisch verkn\u00fcpft und an die Gestaltung weitergeleitet werden.<br \/>Die verwendete Hochleistungsdatenbank AdFactory erm\u00f6glicht blitzschnelle Stichwort- und Ergebnisssuche im CRM(-E)-Modul. Das CRM(-E)-Modul von AdFactory gibt einen schnellen und klaren \u00dcberblick \u00fcber die gesamte Kommunikation und das Kundengenau. Jeder Anzeigen-Erfolg basiert letztendlich auf aktueller und guter Kunden-Informationen.<\/p><\/div><div class=\"thz-btn-container thz-custom-btn-47916 ctm-btn thz-mt-70\"><a class=\"thz-button thz-radius-0 thz-btn-border-1 thz-align-center\" href=\"http:\/\/www.adfactory.nl\/about-us\/contact\/\"><span class=\"thz-btn-text thz-text-uppercase thz-vp-10 thz-hp-50 thz-fs-15 thz-fw-600\">Contact us<\/span><\/a><\/div>            <\/div>\r\n                                            <\/div>\r\n    <\/div>\r\n<\/div><div id=\"thz-column-cbad6b77c\" class=\"thz-column thz-col-2-5 fstart\">\r\n\t<div class=\"thz-column-container\">\r\n        <div class=\"thz-column-in\">\r\n                        <div class=\"thz-column-shortcodes\">\t\r\n                <div id=\"thz-media-image-6f98f600\" class=\"thz-shc thz-media-image-container thz-media-mode-none\"><div class=\"thz-media-item thz-media-item-image\"><img loading=\"lazy\" decoding=\"async\" width=\"570\" height=\"415\" src=\"https:\/\/www.adfactory.nl\/wp-content\/uploads\/2020\/01\/CRMmodule-570x415.png\" class=\"\" alt=\"CRMmodule\" srcset=\"https:\/\/www.adfactory.nl\/wp-content\/uploads\/2020\/01\/CRMmodule-570x415.png 570w, https:\/\/www.adfactory.nl\/wp-content\/uploads\/2020\/01\/CRMmodule-300x218.png 300w, https:\/\/www.adfactory.nl\/wp-content\/uploads\/2020\/01\/CRMmodule-768x559.png 768w, https:\/\/www.adfactory.nl\/wp-content\/uploads\/2020\/01\/CRMmodule-350x255.png 350w, https:\/\/www.adfactory.nl\/wp-content\/uploads\/2020\/01\/CRMmodule-570x415.png 1017w\" sizes=\"auto, (max-width: 570px) 100vw, 570px\" \/><a class=\"thz-hover-link thz-lightbox mfp-image\" href=\"#\" data-bg=\"mfp-dark\" data-opacity=\"mfp-opacity-08\" data-effect=\"mfp-zoom-in\" data-mfp-src=\"\/\/www.adfactory.nl\/wp-content\/uploads\/2020\/01\/CRMmodule.png\" data-mfp-title=\"CRMmodule\"><\/a><\/div><\/div><div id=\"thz-media-image-2fbe481f\" class=\"thz-shc thz-media-image-container thz-media-mode-none\"><div class=\"thz-media-item thz-media-item-image\"><img loading=\"lazy\" decoding=\"async\" width=\"570\" height=\"489\" src=\"https:\/\/www.adfactory.nl\/wp-content\/uploads\/2020\/01\/CRM-e-notes-570x489.png\" class=\"\" alt=\"CRM-e notes\" srcset=\"https:\/\/www.adfactory.nl\/wp-content\/uploads\/2020\/01\/CRM-e-notes-570x489.png 570w, https:\/\/www.adfactory.nl\/wp-content\/uploads\/2020\/01\/CRM-e-notes-300x257.png 300w, https:\/\/www.adfactory.nl\/wp-content\/uploads\/2020\/01\/CRM-e-notes-350x300.png 350w, https:\/\/www.adfactory.nl\/wp-content\/uploads\/2020\/01\/CRM-e-notes-570x489.png 646w\" sizes=\"auto, (max-width: 570px) 100vw, 570px\" \/><a class=\"thz-hover-link thz-lightbox mfp-image\" href=\"#\" data-bg=\"mfp-dark\" data-opacity=\"mfp-opacity-08\" data-effect=\"mfp-zoom-in\" data-mfp-src=\"\/\/www.adfactory.nl\/wp-content\/uploads\/2020\/01\/CRM-e-notes.png\" data-mfp-title=\"CRM-e notes\"><\/a><\/div><\/div>            <\/div>\r\n                                            <\/div>\r\n    <\/div>\r\n<\/div><\/div>\t\t\t<\/div>\r\n\t\t\t\t<\/div>\r\n\t\t\t\t<\/section>\r\n<\/div>\r\n<\/p>\n","protected":false},"excerpt":{"rendered":"<p>AdFactory Server Adorder (Buchung) Kleinanzeigen-modul Banner Book&#038;Publish CRM-e Modul Fakturierungsmodul Reporte AdFlow (produktion) AdProof (Korrektur abzug) CRM(-E) ModulDas CRM-Modul verwaltet, neben Telefonnotizen, interne Nachrichten, T\u00e4tigkeiten, und eventuell weitere Kunden-Vereinbarungen. Es ist f\u00fcr jeden angemeldeten AdOrder-Nutzer m\u00f6glich all diese Informationen pro Kunde zu betrachten. E-Mails die vom AdFactory-System an den Kunden geschickt werden (Buchungsbest\u00e4tigungen, Probeabz\u00fcge), sind in dieser \u00dcbersicht zu sehen. Das CRM-E-Modul verwaltet zus\u00e4tzlich die pers\u00f6nliche E-Mail-Kommunikation mit dem Kunden. Es verkn\u00fcpft nicht nur ausgehende E-Mails von AdFactory-Nutzern, sondern verkn\u00fcpft ebenso die eingehenden E-Mails automatisch mit den Kundendaten.Nat\u00fcrlich k\u00f6nnen E-Mail-Anh\u00e4nge ebenfalls verarbeitet werden. Zum Beispiel k\u00f6nnte das CRM-System einem Kunden mitteilen, dass ein spezielles Angebot jetzt verf\u00fcgbar ist. Auch wenn der Kunde Anzeigen-Material per E-Mail sendet, kann es mit der Buchung logisch verkn\u00fcpft und an die Gestaltung weitergeleitet werden.Die verwendete Hochleistungsdatenbank AdFactory erm\u00f6glicht blitzschnelle Stichwort- und Ergebnisssuche im CRM(-E)-Modul. Das CRM(-E)-Modul von AdFactory gibt einen schnellen und klaren \u00dcberblick \u00fcber die gesamte Kommunikation und das Kundengenau. Jeder Anzeigen-Erfolg basiert letztendlich auf aktueller und guter Kunden-Informationen.Contact us<\/p>\n","protected":false},"author":1,"featured_media":0,"parent":1337,"menu_order":0,"comment_status":"closed","ping_status":"closed","template":"template-parts\/page-builder.php","meta":{"footnotes":""},"tags":[],"class_list":["post-1303","page","type-page","status-publish","hentry"],"_links":{"self":[{"href":"https:\/\/www.adfactory.nl\/de\/wp-json\/wp\/v2\/pages\/1303","targetHints":{"allow":["GET"]}}],"collection":[{"href":"https:\/\/www.adfactory.nl\/de\/wp-json\/wp\/v2\/pages"}],"about":[{"href":"https:\/\/www.adfactory.nl\/de\/wp-json\/wp\/v2\/types\/page"}],"author":[{"embeddable":true,"href":"https:\/\/www.adfactory.nl\/de\/wp-json\/wp\/v2\/users\/1"}],"replies":[{"embeddable":true,"href":"https:\/\/www.adfactory.nl\/de\/wp-json\/wp\/v2\/comments?post=1303"}],"version-history":[{"count":5,"href":"https:\/\/www.adfactory.nl\/de\/wp-json\/wp\/v2\/pages\/1303\/revisions"}],"predecessor-version":[{"id":2315,"href":"https:\/\/www.adfactory.nl\/de\/wp-json\/wp\/v2\/pages\/1303\/revisions\/2315"}],"up":[{"embeddable":true,"href":"https:\/\/www.adfactory.nl\/de\/wp-json\/wp\/v2\/pages\/1337"}],"wp:attachment":[{"href":"https:\/\/www.adfactory.nl\/de\/wp-json\/wp\/v2\/media?parent=1303"}],"wp:term":[{"taxonomy":"post_tag","embeddable":true,"href":"https:\/\/www.adfactory.nl\/de\/wp-json\/wp\/v2\/tags?post=1303"}],"curies":[{"name":"wp","href":"https:\/\/api.w.org\/{rel}","templated":true}]}}