{"id":1301,"date":"2020-01-10T14:07:18","date_gmt":"2020-01-10T13:07:18","guid":{"rendered":"http:\/\/www.adfactory.nl\/invoicing\/"},"modified":"2020-03-25T18:49:23","modified_gmt":"2020-03-25T17:49:23","slug":"invoicing","status":"publish","type":"page","link":"https:\/\/www.adfactory.nl\/de\/products\/advertising-software\/invoicing\/","title":{"rendered":"Fakturierungsmodul"},"content":{"rendered":"<p><div id=\"thz-section-holder-sd93a2836\" class=\"thz-section-holder section-notcontained none\" data-view-brightness=\"none\">\r\n\t<section class=\"thz-section\">\r\n\t\t<div class=\"thz-section-in\">\r\n\t\t\t\t\t<div class=\"thz-container content-contained thz-site-width\">\r\n\t\t\t\t<div class=\"thz-row\">\r\n\t<div id=\"thz-column-c37fdf656\" class=\"thz-column thz-col-1 fstart\">\r\n\t<div class=\"thz-column-container\">\r\n        <div class=\"thz-column-in\">\r\n                        <div class=\"thz-column-shortcodes\">\t\r\n                <div id=\"thz-breadcrumbs-b2bd4d54\" class=\"thz-shc thz-breadcrumbs\">\r\n<\/div>            <\/div>\r\n                                            <\/div>\r\n    <\/div>\r\n<\/div><\/div>\t\t\t<\/div>\r\n\t\t\t\t<\/div>\r\n\t\t\t\t<\/section>\r\n<\/div>\r\n<div id=\"thz-section-holder-sf2ae78a9\" class=\"product-section thz-section-holder section-notcontained none\" data-view-brightness=\"none\">\r\n\t<section class=\"thz-section\">\r\n\t\t<div class=\"thz-section-in\">\r\n\t\t\t\t\t<div class=\"thz-container content-contained thz-site-width\">\r\n\t\t\t\t<div class=\"thz-row\">\r\n\t<div id=\"thz-column-c9b14a002\" class=\"thz-column thz-col-1-5 fstart thz-tablet-hidden thz-mobile-hidden\">\r\n\t<div class=\"thz-column-container\">\r\n        <div class=\"thz-column-in\">\r\n                        <div class=\"thz-column-shortcodes\">\t\r\n                <div id=\"thz-parse-shortcode-block-44103201\" class=\"thz-shc thz-parse-shortcode-block navmenu\"><div class=\"menu-advertising-software-menu-german-container\"><ul id=\"menu-advertising-software-menu-german\" class=\"menu\"><li class=\"lifirst\"><a title=\"AdFactory server\" href=\"https:\/\/www.adfactory.nl\/de\/products\/advertising-software\/adfactory-server\/\" itemprop=\"url\">AdFactory Server<\/a><\/li>\n<li><a title=\"Adorder\" href=\"https:\/\/www.adfactory.nl\/de\/products\/advertising-software\/adorder\/\" itemprop=\"url\">Adorder (Buchung)<\/a><\/li>\n<li><a title=\"Classifieds module\" href=\"https:\/\/www.adfactory.nl\/de\/products\/advertising-software\/classifieds-module\/\" itemprop=\"url\">Kleinanzeigen-modul<\/a><\/li>\n<li><a title=\"Banner book&#038;publish\" href=\"https:\/\/www.adfactory.nl\/de\/products\/advertising-software\/banner-bookpublish\/\" itemprop=\"url\">Banner Book&#038;Publish<\/a><\/li>\n<li><a title=\"CRM-e module\" href=\"https:\/\/www.adfactory.nl\/de\/products\/advertising-software\/crm-e-module\/\" itemprop=\"url\">CRM-e Modul<\/a><\/li>\n<li><a title=\"Invoicing\" href=\"https:\/\/www.adfactory.nl\/de\/products\/advertising-software\/invoicing\/\" itemprop=\"url\">Fakturierungsmodul<\/a><\/li>\n<li><a title=\"Reporting\" href=\"https:\/\/www.adfactory.nl\/de\/products\/advertising-software\/reporting\/\" itemprop=\"url\">Reporte<\/a><\/li>\n<li><a title=\"AdFlow (production)\" href=\"https:\/\/www.adfactory.nl\/de\/products\/advertising-software\/adflow-production\/\" itemprop=\"url\">AdFlow (produktion)<\/a><\/li>\n<li class=\"lilast\"><a title=\"AdProof\" href=\"https:\/\/www.adfactory.nl\/de\/products\/advertising-software\/adproof\/\" itemprop=\"url\">AdProof (Korrektur abzug)<\/a><\/li>\n<\/ul><\/div><\/div>            <\/div>\r\n                                            <\/div>\r\n    <\/div>\r\n<\/div><div id=\"thz-column-cd4d266d9\" class=\"thz-column thz-col-2-5 fstart\">\r\n\t<div class=\"thz-column-container\">\r\n        <div class=\"thz-column-in\">\r\n                        <div class=\"thz-column-shortcodes\">\t\r\n                <div id=\"thz-sh-f49f38c6\" class=\"thz-shc thz-heading thz-sh-f49f38c6 thz-sh-plain thz-sh-pos-both\">\r\n\t<div class=\"thz-heading-holder\">\r\n\t\t\t\t<h1 class=\"thz-heading-title\">Fakturierungs Modul<\/h1><div class=\"thz-sh-sub\"><p>Mit dem Fakturierungs-Modul k\u00f6nnen Rechnungen direkt aus dem AdFactory-System erzeugt werden. Diese Rechnungen werden basierend auf den gespeicherten Preis- und Buchungsdaten in der AdFactory-Datenbank, als PDF erstellt.<\/p><\/div>\t\t\t<\/div>\r\n<\/div><div id=\"thz-text-block-31ab7f34\" class=\"thz-shc thz-text-block\"><p>Nat\u00fcrlich ist es m\u00f6glich, das Rechnungs-PDF per E-Mail \u00fcber das AdFactory-System versenden zu lassen. Jedem Kunden l\u00e4sst sich zuweisen, ob eine gedruckte oder E-Mail-Rechnung gesendet werden soll. Das PDF kann Hintergrundbilder und Texte enthalten, so dass ein vorgedrucktes Briefpapier nicht erforderlich ist.<\/p><p>Gutschriften und manuelle Rechnungen k\u00f6nnen weiterhin erzeugt werden, zum Beispiel f\u00fcr andere Produkte und Dienstleistungen.<\/p><p>AdFactory liefert Schnittstellen f\u00fcr die meisten Buchhaltungssysteme, zur \u00dcbergabe von Kundendaten, allgemeine Finanzinformationen, Rechnungsdaten, Steuernummern und weiteres.<br \/>\u00dcber diese Schnittstellen kann auch der Zahlungsstatus eines Kunden zu AdFactory importiert werden. Diese Information kann im Falle der \u00dcberschreitung des Kreditlimits automatisch die Buchung neuer Anzeigen unterbinden. AdFactory's Export- und Import-Funktionen sind meist kundenspezifisch im Verlag hinterlegt.<\/p><\/div><div class=\"thz-btn-container thz-custom-btn-47916 ctm-btn thz-mt-70\"><a class=\"thz-button thz-radius-0 thz-btn-border-1 thz-align-center\" href=\"http:\/\/www.adfactory.nl\/about-us\/contact\/\"><span class=\"thz-btn-text thz-text-uppercase thz-vp-10 thz-hp-50 thz-fs-15 thz-fw-600\">Contact us<\/span><\/a><\/div>            <\/div>\r\n                                            <\/div>\r\n    <\/div>\r\n<\/div><div id=\"thz-column-cbad6b77c\" class=\"thz-column thz-col-2-5 fstart\">\r\n\t<div class=\"thz-column-container\">\r\n        <div class=\"thz-column-in\">\r\n                        <div class=\"thz-column-shortcodes\">\t\r\n                <div id=\"thz-media-image-6f98f600\" class=\"thz-shc thz-media-image-container thz-media-mode-none\"><div class=\"thz-media-item thz-media-item-image\"><img loading=\"lazy\" decoding=\"async\" width=\"570\" height=\"272\" src=\"https:\/\/www.adfactory.nl\/wp-content\/uploads\/2020\/01\/Screen-Shot-invoicing--570x272.png\" class=\"\" alt=\"Screen Shot invoicing\" srcset=\"https:\/\/www.adfactory.nl\/wp-content\/uploads\/2020\/01\/Screen-Shot-invoicing--570x272.png 570w, https:\/\/www.adfactory.nl\/wp-content\/uploads\/2020\/01\/Screen-Shot-invoicing--300x143.png 300w, https:\/\/www.adfactory.nl\/wp-content\/uploads\/2020\/01\/Screen-Shot-invoicing--1024x489.png 1024w, https:\/\/www.adfactory.nl\/wp-content\/uploads\/2020\/01\/Screen-Shot-invoicing--768x367.png 768w, https:\/\/www.adfactory.nl\/wp-content\/uploads\/2020\/01\/Screen-Shot-invoicing--1200x573.png 1200w, https:\/\/www.adfactory.nl\/wp-content\/uploads\/2020\/01\/Screen-Shot-invoicing--350x167.png 350w, https:\/\/www.adfactory.nl\/wp-content\/uploads\/2020\/01\/Screen-Shot-invoicing--570x272.png 1223w\" sizes=\"auto, (max-width: 570px) 100vw, 570px\" \/><a class=\"thz-hover-link thz-lightbox mfp-image\" href=\"#\" data-bg=\"mfp-dark\" data-opacity=\"mfp-opacity-08\" data-effect=\"mfp-zoom-in\" data-mfp-src=\"\/\/www.adfactory.nl\/wp-content\/uploads\/2020\/01\/Screen-Shot-invoicing-.png\" data-mfp-title=\"Screen Shot invoicing\"><\/a><\/div><\/div><div id=\"thz-text-block-4b0f067e\" class=\"thz-shc thz-text-block\"><p>Fakturierungs Fenster<\/p><\/div>            <\/div>\r\n                                            <\/div>\r\n    <\/div>\r\n<\/div><\/div>\t\t\t<\/div>\r\n\t\t\t\t<\/div>\r\n\t\t\t\t<\/section>\r\n<\/div>\r\n<\/p>\n","protected":false},"excerpt":{"rendered":"<p>AdFactory Server Adorder (Buchung) Kleinanzeigen-modul Banner Book&#038;Publish CRM-e Modul Fakturierungsmodul Reporte AdFlow (produktion) AdProof (Korrektur abzug) Fakturierungs ModulMit dem Fakturierungs-Modul k\u00f6nnen Rechnungen direkt aus dem AdFactory-System erzeugt werden. Diese Rechnungen werden basierend auf den gespeicherten Preis- und Buchungsdaten in der AdFactory-Datenbank, als PDF erstellt. Nat\u00fcrlich ist es m\u00f6glich, das Rechnungs-PDF per E-Mail \u00fcber das AdFactory-System versenden zu lassen. Jedem Kunden l\u00e4sst sich zuweisen, ob eine gedruckte oder E-Mail-Rechnung gesendet werden soll. Das PDF kann Hintergrundbilder und Texte enthalten, so dass ein vorgedrucktes Briefpapier nicht erforderlich ist.Gutschriften und manuelle Rechnungen k\u00f6nnen weiterhin erzeugt werden, zum Beispiel f\u00fcr andere Produkte und Dienstleistungen.AdFactory liefert Schnittstellen f\u00fcr die meisten Buchhaltungssysteme, zur \u00dcbergabe von Kundendaten, allgemeine Finanzinformationen, Rechnungsdaten, Steuernummern und weiteres.\u00dcber diese Schnittstellen kann auch der Zahlungsstatus eines Kunden zu AdFactory importiert werden. Diese Information kann im Falle der \u00dcberschreitung des Kreditlimits automatisch die Buchung neuer Anzeigen unterbinden. AdFactory&#8217;s Export- und Import-Funktionen sind meist kundenspezifisch im Verlag hinterlegt.Contact us Fakturierungs Fenster<\/p>\n","protected":false},"author":1,"featured_media":0,"parent":1337,"menu_order":0,"comment_status":"closed","ping_status":"closed","template":"template-parts\/page-builder.php","meta":{"footnotes":""},"tags":[],"class_list":["post-1301","page","type-page","status-publish","hentry"],"_links":{"self":[{"href":"https:\/\/www.adfactory.nl\/de\/wp-json\/wp\/v2\/pages\/1301","targetHints":{"allow":["GET"]}}],"collection":[{"href":"https:\/\/www.adfactory.nl\/de\/wp-json\/wp\/v2\/pages"}],"about":[{"href":"https:\/\/www.adfactory.nl\/de\/wp-json\/wp\/v2\/types\/page"}],"author":[{"embeddable":true,"href":"https:\/\/www.adfactory.nl\/de\/wp-json\/wp\/v2\/users\/1"}],"replies":[{"embeddable":true,"href":"https:\/\/www.adfactory.nl\/de\/wp-json\/wp\/v2\/comments?post=1301"}],"version-history":[{"count":5,"href":"https:\/\/www.adfactory.nl\/de\/wp-json\/wp\/v2\/pages\/1301\/revisions"}],"predecessor-version":[{"id":2265,"href":"https:\/\/www.adfactory.nl\/de\/wp-json\/wp\/v2\/pages\/1301\/revisions\/2265"}],"up":[{"embeddable":true,"href":"https:\/\/www.adfactory.nl\/de\/wp-json\/wp\/v2\/pages\/1337"}],"wp:attachment":[{"href":"https:\/\/www.adfactory.nl\/de\/wp-json\/wp\/v2\/media?parent=1301"}],"wp:term":[{"taxonomy":"post_tag","embeddable":true,"href":"https:\/\/www.adfactory.nl\/de\/wp-json\/wp\/v2\/tags?post=1301"}],"curies":[{"name":"wp","href":"https:\/\/api.w.org\/{rel}","templated":true}]}}