{"id":1299,"date":"2020-01-10T14:07:39","date_gmt":"2020-01-10T13:07:39","guid":{"rendered":"http:\/\/www.adfactory.nl\/reporting\/"},"modified":"2020-03-25T18:51:28","modified_gmt":"2020-03-25T17:51:28","slug":"reporting","status":"publish","type":"page","link":"https:\/\/www.adfactory.nl\/de\/products\/advertising-software\/reporting\/","title":{"rendered":"Reporte"},"content":{"rendered":"<p><div id=\"thz-section-holder-sd93a2836\" class=\"thz-section-holder section-notcontained none\" data-view-brightness=\"none\">\r\n\t<section class=\"thz-section\">\r\n\t\t<div class=\"thz-section-in\">\r\n\t\t\t\t\t<div class=\"thz-container content-contained thz-site-width\">\r\n\t\t\t\t<div class=\"thz-row\">\r\n\t<div id=\"thz-column-cd4a19c66\" class=\"thz-column thz-col-1 fstart\">\r\n\t<div class=\"thz-column-container\">\r\n        <div class=\"thz-column-in\">\r\n                        <div class=\"thz-column-shortcodes\">\t\r\n                <div id=\"thz-breadcrumbs-b2bd4d54\" class=\"thz-shc thz-breadcrumbs\">\r\n<\/div>            <\/div>\r\n                                            <\/div>\r\n    <\/div>\r\n<\/div><\/div>\t\t\t<\/div>\r\n\t\t\t\t<\/div>\r\n\t\t\t\t<\/section>\r\n<\/div>\r\n<div id=\"thz-section-holder-sf2ae78a9\" class=\"product-section thz-section-holder section-notcontained none\" data-view-brightness=\"none\">\r\n\t<section class=\"thz-section\">\r\n\t\t<div class=\"thz-section-in\">\r\n\t\t\t\t\t<div class=\"thz-container content-contained thz-site-width\">\r\n\t\t\t\t<div class=\"thz-row\">\r\n\t<div id=\"thz-column-c9b14a002\" class=\"thz-column thz-col-1-5 fstart thz-tablet-hidden thz-mobile-hidden\">\r\n\t<div class=\"thz-column-container\">\r\n        <div class=\"thz-column-in\">\r\n                        <div class=\"thz-column-shortcodes\">\t\r\n                <div id=\"thz-parse-shortcode-block-44103201\" class=\"thz-shc thz-parse-shortcode-block navmenu\"><div class=\"menu-advertising-software-menu-german-container\"><ul id=\"menu-advertising-software-menu-german\" class=\"menu\"><li class=\"lifirst\"><a title=\"AdFactory server\" href=\"https:\/\/www.adfactory.nl\/de\/products\/advertising-software\/adfactory-server\/\" itemprop=\"url\">AdFactory Server<\/a><\/li>\n<li><a title=\"Adorder\" href=\"https:\/\/www.adfactory.nl\/de\/products\/advertising-software\/adorder\/\" itemprop=\"url\">Adorder (Buchung)<\/a><\/li>\n<li><a title=\"Classifieds module\" href=\"https:\/\/www.adfactory.nl\/de\/products\/advertising-software\/classifieds-module\/\" itemprop=\"url\">Kleinanzeigen-modul<\/a><\/li>\n<li><a title=\"Banner book&#038;publish\" href=\"https:\/\/www.adfactory.nl\/de\/products\/advertising-software\/banner-bookpublish\/\" itemprop=\"url\">Banner Book&#038;Publish<\/a><\/li>\n<li><a title=\"CRM-e module\" href=\"https:\/\/www.adfactory.nl\/de\/products\/advertising-software\/crm-e-module\/\" itemprop=\"url\">CRM-e Modul<\/a><\/li>\n<li><a title=\"Invoicing\" href=\"https:\/\/www.adfactory.nl\/de\/products\/advertising-software\/invoicing\/\" itemprop=\"url\">Fakturierungsmodul<\/a><\/li>\n<li><a title=\"Reporting\" href=\"https:\/\/www.adfactory.nl\/de\/products\/advertising-software\/reporting\/\" itemprop=\"url\">Reporte<\/a><\/li>\n<li><a title=\"AdFlow (production)\" href=\"https:\/\/www.adfactory.nl\/de\/products\/advertising-software\/adflow-production\/\" itemprop=\"url\">AdFlow (produktion)<\/a><\/li>\n<li class=\"lilast\"><a title=\"AdProof\" href=\"https:\/\/www.adfactory.nl\/de\/products\/advertising-software\/adproof\/\" itemprop=\"url\">AdProof (Korrektur abzug)<\/a><\/li>\n<\/ul><\/div><\/div>            <\/div>\r\n                                            <\/div>\r\n    <\/div>\r\n<\/div><div id=\"thz-column-cd4d266d9\" class=\"thz-column thz-col-2-5 fstart\">\r\n\t<div class=\"thz-column-container\">\r\n        <div class=\"thz-column-in\">\r\n                        <div class=\"thz-column-shortcodes\">\t\r\n                <div id=\"thz-sh-f49f38c6\" class=\"thz-shc thz-heading thz-sh-f49f38c6 thz-sh-plain thz-sh-pos-both\">\r\n\t<div class=\"thz-heading-holder\">\r\n\t\t\t\t<h1 class=\"thz-heading-title\">Reporting<\/h1><div class=\"thz-sh-sub\"><p>AdFactory hat eine Reihe von Auswertungsfunktionen. Diese sind in Kategorien unterteilt: Sales &amp; Umsatz, Produktion, Verwaltung, \u00dcbersichten, In- &amp; Export und Fakturierung.<\/p><\/div>\t\t\t<\/div>\r\n<\/div><div id=\"thz-text-block-31ab7f34\" class=\"thz-shc thz-text-block\"><p>Abh\u00e4ngig von der Datenart eines Berichtes kann das Ergebnis als Tabelle, Grafik, oder als Spreadsheet-Dokument erzeugt werden.<br \/>Der Zugang zu Berichten kann jeweils \u00fcber nutzerdefinierte Zugriffsrechte festgelegt werden, so dass alle sensiblen Daten nur f\u00fcr autorisierte Personen sichtbar sind.<\/p><p>Klicken Sie das nebenstehendes Bild um die eine \u00dcbersicht der standard Berichte zu sehen.<\/p><p>Einer der wichtigsten Berichte ist die \u00dcbersicht gebuchter Anzeigen. Die Buchungs\u00fcbersicht zeigt live eine Liste aller Anzeigen mit allen relevanten Informationen, wie:<br \/>\u2013 Produktions-Status;<br \/>\u2013\u00a0Gesamtzahl der Anzeigen (pro AdType);<br \/>und vielleicht als wichtigstes:<br \/>\u2013\u00a0Gesamt-Umsatz;<br \/>\u2013\u00a0Anzahl der Anzeigenseiten (oder der Gesamt-Millimeter).<\/p><p>Spezielle Berichte k\u00f6nnen selbstverst\u00e4ndlich jederzeit erstellt werden.<\/p><\/div><div class=\"thz-btn-container thz-custom-btn-47916 ctm-btn thz-mt-70\"><a class=\"thz-button thz-radius-0 thz-btn-border-1 thz-align-center\" href=\"http:\/\/www.adfactory.nl\/about-us\/contact\/\"><span class=\"thz-btn-text thz-text-uppercase thz-vp-10 thz-hp-50 thz-fs-15 thz-fw-600\">Contact us<\/span><\/a><\/div>            <\/div>\r\n                                            <\/div>\r\n    <\/div>\r\n<\/div><div id=\"thz-column-cbad6b77c\" class=\"thz-column thz-col-2-5 fstart\">\r\n\t<div class=\"thz-column-container\">\r\n        <div class=\"thz-column-in\">\r\n                        <div class=\"thz-column-shortcodes\">\t\r\n                <div id=\"thz-media-image-6f98f600\" class=\"thz-shc thz-media-image-container thz-media-mode-none\"><div class=\"thz-media-item thz-media-item-image\"><img loading=\"lazy\" decoding=\"async\" width=\"570\" height=\"411\" src=\"https:\/\/www.adfactory.nl\/wp-content\/uploads\/2020\/01\/Screen-Shot-2017-03-10-at-14_29_--570x411.jpg\" class=\"\" alt=\"Screen Shot 2017-03-10 at 14_29_\" srcset=\"https:\/\/www.adfactory.nl\/wp-content\/uploads\/2020\/01\/Screen-Shot-2017-03-10-at-14_29_--570x411.jpg 570w, https:\/\/www.adfactory.nl\/wp-content\/uploads\/2020\/01\/Screen-Shot-2017-03-10-at-14_29_--300x216.jpg 300w, https:\/\/www.adfactory.nl\/wp-content\/uploads\/2020\/01\/Screen-Shot-2017-03-10-at-14_29_--768x554.jpg 768w, https:\/\/www.adfactory.nl\/wp-content\/uploads\/2020\/01\/Screen-Shot-2017-03-10-at-14_29_--350x252.jpg 350w, https:\/\/www.adfactory.nl\/wp-content\/uploads\/2020\/01\/Screen-Shot-2017-03-10-at-14_29_--570x411.jpg 993w\" sizes=\"auto, (max-width: 570px) 100vw, 570px\" \/><a class=\"thz-hover-link thz-lightbox mfp-image\" href=\"#\" data-bg=\"mfp-dark\" data-opacity=\"mfp-opacity-08\" data-effect=\"mfp-zoom-in\" data-mfp-src=\"\/\/www.adfactory.nl\/wp-content\/uploads\/2020\/01\/Screen-Shot-2017-03-10-at-14_29_-.jpg\" data-mfp-title=\"Screen Shot 2017-03-10 at 14_29_\"><\/a><\/div><\/div><div id=\"thz-media-image-00a01dee\" class=\"thz-shc thz-media-image-container thz-media-mode-none\"><div class=\"thz-media-item thz-media-item-image\"><img loading=\"lazy\" decoding=\"async\" width=\"570\" height=\"439\" src=\"https:\/\/www.adfactory.nl\/wp-content\/uploads\/2020\/01\/Screen-Shot-Total-TO_per_title--570x439.png\" class=\"\" alt=\"Screen Shot Total TO_per_title\" srcset=\"https:\/\/www.adfactory.nl\/wp-content\/uploads\/2020\/01\/Screen-Shot-Total-TO_per_title--570x439.png 570w, https:\/\/www.adfactory.nl\/wp-content\/uploads\/2020\/01\/Screen-Shot-Total-TO_per_title--300x231.png 300w, https:\/\/www.adfactory.nl\/wp-content\/uploads\/2020\/01\/Screen-Shot-Total-TO_per_title--768x592.png 768w, https:\/\/www.adfactory.nl\/wp-content\/uploads\/2020\/01\/Screen-Shot-Total-TO_per_title--350x270.png 350w, https:\/\/www.adfactory.nl\/wp-content\/uploads\/2020\/01\/Screen-Shot-Total-TO_per_title--570x439.png 976w\" sizes=\"auto, (max-width: 570px) 100vw, 570px\" \/><a class=\"thz-hover-link thz-lightbox mfp-image\" href=\"#\" data-bg=\"mfp-dark\" data-opacity=\"mfp-opacity-08\" data-effect=\"mfp-zoom-in\" data-mfp-src=\"\/\/www.adfactory.nl\/wp-content\/uploads\/2020\/01\/Screen-Shot-Total-TO_per_title-.png\" data-mfp-title=\"Screen Shot Total TO_per_title\"><\/a><\/div><\/div>            <\/div>\r\n                                            <\/div>\r\n    <\/div>\r\n<\/div><\/div>\t\t\t<\/div>\r\n\t\t\t\t<\/div>\r\n\t\t\t\t<\/section>\r\n<\/div>\r\n<\/p>\n","protected":false},"excerpt":{"rendered":"<p>AdFactory Server Adorder (Buchung) Kleinanzeigen-modul Banner Book&#038;Publish CRM-e Modul Fakturierungsmodul Reporte AdFlow (produktion) AdProof (Korrektur abzug) ReportingAdFactory hat eine Reihe von Auswertungsfunktionen. Diese sind in Kategorien unterteilt: Sales &amp; Umsatz, Produktion, Verwaltung, \u00dcbersichten, In- &amp; Export und Fakturierung. Abh\u00e4ngig von der Datenart eines Berichtes kann das Ergebnis als Tabelle, Grafik, oder als Spreadsheet-Dokument erzeugt werden.Der Zugang zu Berichten kann jeweils \u00fcber nutzerdefinierte Zugriffsrechte festgelegt werden, so dass alle sensiblen Daten nur f\u00fcr autorisierte Personen sichtbar sind.Klicken Sie das nebenstehendes Bild um die eine \u00dcbersicht der standard Berichte zu sehen.Einer der wichtigsten Berichte ist die \u00dcbersicht gebuchter Anzeigen. Die Buchungs\u00fcbersicht zeigt live eine Liste aller Anzeigen mit allen relevanten Informationen, wie:\u2013 Produktions-Status;\u2013\u00a0Gesamtzahl der Anzeigen (pro AdType);und vielleicht als wichtigstes:\u2013\u00a0Gesamt-Umsatz;\u2013\u00a0Anzahl der Anzeigenseiten (oder der Gesamt-Millimeter).Spezielle Berichte k\u00f6nnen selbstverst\u00e4ndlich jederzeit erstellt werden.Contact us<\/p>\n","protected":false},"author":1,"featured_media":0,"parent":1337,"menu_order":0,"comment_status":"closed","ping_status":"closed","template":"template-parts\/page-builder.php","meta":{"footnotes":""},"tags":[],"class_list":["post-1299","page","type-page","status-publish","hentry"],"_links":{"self":[{"href":"https:\/\/www.adfactory.nl\/de\/wp-json\/wp\/v2\/pages\/1299","targetHints":{"allow":["GET"]}}],"collection":[{"href":"https:\/\/www.adfactory.nl\/de\/wp-json\/wp\/v2\/pages"}],"about":[{"href":"https:\/\/www.adfactory.nl\/de\/wp-json\/wp\/v2\/types\/page"}],"author":[{"embeddable":true,"href":"https:\/\/www.adfactory.nl\/de\/wp-json\/wp\/v2\/users\/1"}],"replies":[{"embeddable":true,"href":"https:\/\/www.adfactory.nl\/de\/wp-json\/wp\/v2\/comments?post=1299"}],"version-history":[{"count":5,"href":"https:\/\/www.adfactory.nl\/de\/wp-json\/wp\/v2\/pages\/1299\/revisions"}],"predecessor-version":[{"id":2268,"href":"https:\/\/www.adfactory.nl\/de\/wp-json\/wp\/v2\/pages\/1299\/revisions\/2268"}],"up":[{"embeddable":true,"href":"https:\/\/www.adfactory.nl\/de\/wp-json\/wp\/v2\/pages\/1337"}],"wp:attachment":[{"href":"https:\/\/www.adfactory.nl\/de\/wp-json\/wp\/v2\/media?parent=1299"}],"wp:term":[{"taxonomy":"post_tag","embeddable":true,"href":"https:\/\/www.adfactory.nl\/de\/wp-json\/wp\/v2\/tags?post=1299"}],"curies":[{"name":"wp","href":"https:\/\/api.w.org\/{rel}","templated":true}]}}