{"id":1296,"date":"2020-01-10T14:07:55","date_gmt":"2020-01-10T13:07:55","guid":{"rendered":"http:\/\/www.adfactory.nl\/adflow-production\/"},"modified":"2020-03-26T11:55:01","modified_gmt":"2020-03-26T10:55:01","slug":"adflow-production","status":"publish","type":"page","link":"https:\/\/www.adfactory.nl\/de\/products\/advertising-software\/adflow-production\/","title":{"rendered":"AdFlow (produktion)"},"content":{"rendered":"<p><div id=\"thz-section-holder-sd93a2836\" class=\"thz-section-holder section-notcontained none\" data-view-brightness=\"none\">\r\n\t<section class=\"thz-section\">\r\n\t\t<div class=\"thz-section-in\">\r\n\t\t\t\t\t<div class=\"thz-container content-contained thz-site-width\">\r\n\t\t\t\t<div class=\"thz-row\">\r\n\t<div id=\"thz-column-cab0eaa9c\" class=\"thz-column thz-col-1 fstart\">\r\n\t<div class=\"thz-column-container\">\r\n        <div class=\"thz-column-in\">\r\n                        <div class=\"thz-column-shortcodes\">\t\r\n                <div id=\"thz-breadcrumbs-b2bd4d54\" class=\"thz-shc thz-breadcrumbs\">\r\n<\/div>            <\/div>\r\n                                            <\/div>\r\n    <\/div>\r\n<\/div><\/div>\t\t\t<\/div>\r\n\t\t\t\t<\/div>\r\n\t\t\t\t<\/section>\r\n<\/div>\r\n<div id=\"thz-section-holder-sf2ae78a9\" class=\"product-section thz-section-holder section-notcontained none\" data-view-brightness=\"none\">\r\n\t<section class=\"thz-section\">\r\n\t\t<div class=\"thz-section-in\">\r\n\t\t\t\t\t<div class=\"thz-container content-contained thz-site-width\">\r\n\t\t\t\t<div class=\"thz-row\">\r\n\t<div id=\"thz-column-c9b14a002\" class=\"thz-column thz-col-1-5 fstart thz-tablet-hidden thz-mobile-hidden\">\r\n\t<div class=\"thz-column-container\">\r\n        <div class=\"thz-column-in\">\r\n                        <div class=\"thz-column-shortcodes\">\t\r\n                <div id=\"thz-parse-shortcode-block-44103201\" class=\"thz-shc thz-parse-shortcode-block navmenu\"><div class=\"menu-advertising-software-menu-german-container\"><ul id=\"menu-advertising-software-menu-german\" class=\"menu\"><li class=\"lifirst\"><a title=\"AdFactory server\" href=\"https:\/\/www.adfactory.nl\/de\/products\/advertising-software\/adfactory-server\/\" itemprop=\"url\">AdFactory Server<\/a><\/li>\n<li><a title=\"Adorder\" href=\"https:\/\/www.adfactory.nl\/de\/products\/advertising-software\/adorder\/\" itemprop=\"url\">Adorder (Buchung)<\/a><\/li>\n<li><a title=\"Classifieds module\" href=\"https:\/\/www.adfactory.nl\/de\/products\/advertising-software\/classifieds-module\/\" itemprop=\"url\">Kleinanzeigen-modul<\/a><\/li>\n<li><a title=\"Banner book&#038;publish\" href=\"https:\/\/www.adfactory.nl\/de\/products\/advertising-software\/banner-bookpublish\/\" itemprop=\"url\">Banner Book&#038;Publish<\/a><\/li>\n<li><a title=\"CRM-e module\" href=\"https:\/\/www.adfactory.nl\/de\/products\/advertising-software\/crm-e-module\/\" itemprop=\"url\">CRM-e Modul<\/a><\/li>\n<li><a title=\"Invoicing\" href=\"https:\/\/www.adfactory.nl\/de\/products\/advertising-software\/invoicing\/\" itemprop=\"url\">Fakturierungsmodul<\/a><\/li>\n<li><a title=\"Reporting\" href=\"https:\/\/www.adfactory.nl\/de\/products\/advertising-software\/reporting\/\" itemprop=\"url\">Reporte<\/a><\/li>\n<li><a title=\"AdFlow (production)\" href=\"https:\/\/www.adfactory.nl\/de\/products\/advertising-software\/adflow-production\/\" itemprop=\"url\">AdFlow (produktion)<\/a><\/li>\n<li class=\"lilast\"><a title=\"AdProof\" href=\"https:\/\/www.adfactory.nl\/de\/products\/advertising-software\/adproof\/\" itemprop=\"url\">AdProof (Korrektur abzug)<\/a><\/li>\n<\/ul><\/div><\/div>            <\/div>\r\n                                            <\/div>\r\n    <\/div>\r\n<\/div><div id=\"thz-column-cd4d266d9\" class=\"thz-column thz-col-2-5 fstart\">\r\n\t<div class=\"thz-column-container\">\r\n        <div class=\"thz-column-in\">\r\n                        <div class=\"thz-column-shortcodes\">\t\r\n                <div id=\"thz-sh-f49f38c6\" class=\"thz-shc thz-heading thz-sh-f49f38c6 thz-sh-plain thz-sh-pos-both\">\r\n\t<div class=\"thz-heading-holder\">\r\n\t\t\t\t<h1 class=\"thz-heading-title\">AdFlow (Anz. Produktion)<\/h1><div class=\"thz-sh-sub\"><p>Mit AdFlow bekommt die Druckvorstufe ein Werkzeug, das die Anzeigenproduktion unterst\u00fctzt; es spart Zeit und vermeidet Fehler. AdFlow ist eine kleine und einfach zu installierende Anwendung auf den lokalen Arbeitsstationen, mit Verbindung zum zentralen AdFactory-Server.<\/p><\/div>\t\t\t<\/div>\r\n<\/div><div id=\"thz-text-block-31ab7f34\" class=\"thz-shc thz-text-block\"><p>AdFlows intuitive Schnittstelle zeigt der Produktionsabteilung eine Liste aller Anzeigen, die gebucht wurden. Zur schnelleren \u00dcbersicht ist der Status mit Farben gekennzeichnet. Diese Liste kann selbstverst\u00e4ndlich durchsucht und gefiltert werden, um die Anzeigen aufzurufen, die der Nutzer gerade ben\u00f6tigt.<br \/>Bereits durch das Starten des Ad-Layouts werden Kundenlogos und weiteres Material f\u00fcr die Anzeigen automatisch eingeblendet. Vorbei die Zeit, in der \u201ealte Anzeigen\u201c, Kundenlogos, Bilder oder \u00e4hnliches auf Servern, oder manchmal sogar in Schubladen, gesucht werden.<br \/>Ihre Anzeigen \u00f6ffnen sich mit Hilfe von Adobe InDesign CS (oder Quark Express) automatisch in der gebuchten Gr\u00f6\u00dfe; via Drag-and-Drop aus dem AdFlows Kunden-Material-Fenster k\u00f6nnen Anzeigen dann einfach und schnell gestaltet werden.<\/p><p>Selbst wenn druckfertige PDF-Dateien geliefert werden, spart AdFlow Produktionszeit. Bei Zuordnung des Materials zu einer gebuchten Anzeige wird das PDF automatisch f\u00fcr die richtige Gr\u00f6\u00dfe \u00fcberpr\u00fcft und der Produktionsstatus entsprechend ge\u00e4ndert. So flie\u00dft die Anzeige in die Produktion ein.<br \/>Um zu messen, ob die Layout-Arbeit f\u00fcr eine Anzeige im Verh\u00e4ltnis zu ihrem Preis steht, h\u00e4lt AdFlow die Zeit die f\u00fcr Herstellung von Anzeigen fest.<br \/>Nach Anzeigenfertigstellung, generiert InDesign, gesteuert durch AdFlow, das PDF, und werden alle Dateien in den Kunden-Ordner gespeichert<\/p><\/div><div class=\"thz-btn-container thz-custom-btn-47916 ctm-btn thz-mt-70\"><a class=\"thz-button thz-radius-0 thz-btn-border-1 thz-align-center\" href=\"http:\/\/www.adfactory.nl\/about-us\/contact\/\"><span class=\"thz-btn-text thz-text-uppercase thz-vp-10 thz-hp-50 thz-fs-15 thz-fw-600\">Contact us<\/span><\/a><\/div>            <\/div>\r\n                                            <\/div>\r\n    <\/div>\r\n<\/div><div id=\"thz-column-cbad6b77c\" class=\"thz-column thz-col-2-5 fstart\">\r\n\t<div class=\"thz-column-container\">\r\n        <div class=\"thz-column-in\">\r\n                        <div class=\"thz-column-shortcodes\">\t\r\n                <div class=\"thz-row\">\r\n\t<div id=\"thz-column-c4fce63e4\" class=\"thz-column thz-col-1 fstart\">\r\n\t<div class=\"thz-column-container\">\r\n        <div class=\"thz-column-in\">\r\n                        <div class=\"thz-column-shortcodes\">\t\r\n                <div id=\"thz-media-image-6f98f600\" class=\"thz-shc thz-media-image-container thz-media-mode-none\"><div class=\"thz-media-item thz-media-item-image\"><img loading=\"lazy\" decoding=\"async\" width=\"570\" height=\"403\" src=\"https:\/\/www.adfactory.nl\/wp-content\/uploads\/2020\/01\/Screen-Shot-2017-03-10-at-15_29_--570x403.jpg\" class=\"\" alt=\"Screen Shot 2017-03-10 at 15_29_\" srcset=\"https:\/\/www.adfactory.nl\/wp-content\/uploads\/2020\/01\/Screen-Shot-2017-03-10-at-15_29_--570x403.jpg 570w, https:\/\/www.adfactory.nl\/wp-content\/uploads\/2020\/01\/Screen-Shot-2017-03-10-at-15_29_--300x212.jpg 300w, https:\/\/www.adfactory.nl\/wp-content\/uploads\/2020\/01\/Screen-Shot-2017-03-10-at-15_29_--1024x724.jpg 1024w, https:\/\/www.adfactory.nl\/wp-content\/uploads\/2020\/01\/Screen-Shot-2017-03-10-at-15_29_--768x543.jpg 768w, https:\/\/www.adfactory.nl\/wp-content\/uploads\/2020\/01\/Screen-Shot-2017-03-10-at-15_29_--350x248.jpg 350w, https:\/\/www.adfactory.nl\/wp-content\/uploads\/2020\/01\/Screen-Shot-2017-03-10-at-15_29_--570x403.jpg 1182w\" sizes=\"auto, (max-width: 570px) 100vw, 570px\" \/><a class=\"thz-hover-link thz-lightbox mfp-image\" href=\"#\" data-bg=\"mfp-dark\" data-opacity=\"mfp-opacity-08\" data-effect=\"mfp-zoom-in\" data-mfp-src=\"\/\/www.adfactory.nl\/wp-content\/uploads\/2020\/01\/Screen-Shot-2017-03-10-at-15_29_-.jpg\" data-mfp-title=\"Screen Shot 2017-03-10 at 15_29_\"><\/a><\/div><\/div>            <\/div>\r\n                                            <\/div>\r\n    <\/div>\r\n<\/div><\/div><div class=\"thz-row\">\r\n\t<div id=\"thz-column-c280b8cf2\" class=\"thz-column thz-col-1 fstart\">\r\n\t<div class=\"thz-column-container\">\r\n        <div class=\"thz-column-in\">\r\n                        <div class=\"thz-column-shortcodes\">\t\r\n                <div id=\"thz-text-block-4b0f067e\" class=\"thz-shc thz-text-block\"><p>AdFlow Produktionsliste mit Anzeigen-material<\/p><\/div>            <\/div>\r\n                                            <\/div>\r\n    <\/div>\r\n<\/div><\/div><div class=\"thz-row\">\r\n\t<div id=\"thz-column-c1bc23a84\" class=\"thz-column thz-col-1-2 fstart\">\r\n\t<div class=\"thz-column-container\">\r\n        <div class=\"thz-column-in\">\r\n                        <div class=\"thz-column-shortcodes\">\t\r\n                <div id=\"thz-media-image-671dde46\" class=\"thz-shc thz-media-image-container thz-media-mode-none\"><div class=\"thz-media-item thz-media-item-image\"><img loading=\"lazy\" decoding=\"async\" width=\"179\" height=\"42\" src=\"https:\/\/www.adfactory.nl\/wp-content\/uploads\/2020\/01\/adflow_demo_1_hover.png\" class=\"\" alt=\"adflow_demo_1_hover\" \/><a class=\"thz-hover-link\" href=\"https:\/\/www.youtube.com\/watch?v=jBeTeRKpzmk&#038;feature=youtu.be\" target=\"_self\"><\/a><\/div><\/div>            <\/div>\r\n                                            <\/div>\r\n    <\/div>\r\n<\/div><div id=\"thz-column-ccddc9340\" class=\"thz-column thz-col-1-2 fstart\">\r\n\t<div class=\"thz-column-container\">\r\n        <div class=\"thz-column-in\">\r\n                        <div class=\"thz-column-shortcodes\">\t\r\n                <div id=\"thz-media-image-0e4d37ad\" class=\"thz-shc thz-media-image-container thz-media-mode-none\"><div class=\"thz-media-item thz-media-item-image\"><img loading=\"lazy\" decoding=\"async\" width=\"179\" height=\"42\" src=\"https:\/\/www.adfactory.nl\/wp-content\/uploads\/2020\/01\/adflow_demo_2_hover.png\" class=\"\" alt=\"adflow_demo_2_hover\" \/><a class=\"thz-hover-link\" href=\"https:\/\/www.youtube.com\/watch?v=a7Wv1bmdnnY&#038;feature=youtu.be\" target=\"_self\"><\/a><\/div><\/div>            <\/div>\r\n                                            <\/div>\r\n    <\/div>\r\n<\/div><\/div>            <\/div>\r\n                                            <\/div>\r\n    <\/div>\r\n<\/div><\/div>\t\t\t<\/div>\r\n\t\t\t\t<\/div>\r\n\t\t\t\t<\/section>\r\n<\/div>\r\n<\/p>\n","protected":false},"excerpt":{"rendered":"<p>AdFactory Server Adorder (Buchung) Kleinanzeigen-modul Banner Book&#038;Publish CRM-e Modul Fakturierungsmodul Reporte AdFlow (produktion) AdProof (Korrektur abzug) AdFlow (Anz. Produktion)Mit AdFlow bekommt die Druckvorstufe ein Werkzeug, das die Anzeigenproduktion unterst\u00fctzt; es spart Zeit und vermeidet Fehler. AdFlow ist eine kleine und einfach zu installierende Anwendung auf den lokalen Arbeitsstationen, mit Verbindung zum zentralen AdFactory-Server. AdFlows intuitive Schnittstelle zeigt der Produktionsabteilung eine Liste aller Anzeigen, die gebucht wurden. Zur schnelleren \u00dcbersicht ist der Status mit Farben gekennzeichnet. Diese Liste kann selbstverst\u00e4ndlich durchsucht und gefiltert werden, um die Anzeigen aufzurufen, die der Nutzer gerade ben\u00f6tigt.Bereits durch das Starten des Ad-Layouts werden Kundenlogos und weiteres Material f\u00fcr die Anzeigen automatisch eingeblendet. Vorbei die Zeit, in der \u201ealte Anzeigen\u201c, Kundenlogos, Bilder oder \u00e4hnliches auf Servern, oder manchmal sogar in Schubladen, gesucht werden.Ihre Anzeigen \u00f6ffnen sich mit Hilfe von Adobe InDesign CS (oder Quark Express) automatisch in der gebuchten Gr\u00f6\u00dfe; via Drag-and-Drop aus dem AdFlows Kunden-Material-Fenster k\u00f6nnen Anzeigen dann einfach und schnell gestaltet werden.Selbst wenn druckfertige PDF-Dateien geliefert werden, spart AdFlow Produktionszeit. Bei Zuordnung des Materials zu einer gebuchten Anzeige wird das PDF automatisch f\u00fcr die richtige Gr\u00f6\u00dfe \u00fcberpr\u00fcft und der Produktionsstatus entsprechend ge\u00e4ndert. So flie\u00dft die Anzeige in die Produktion ein.Um zu messen, ob die [&hellip;]<\/p>\n","protected":false},"author":1,"featured_media":0,"parent":1337,"menu_order":0,"comment_status":"closed","ping_status":"closed","template":"template-parts\/page-builder.php","meta":{"footnotes":""},"tags":[],"class_list":["post-1296","page","type-page","status-publish","hentry"],"_links":{"self":[{"href":"https:\/\/www.adfactory.nl\/de\/wp-json\/wp\/v2\/pages\/1296","targetHints":{"allow":["GET"]}}],"collection":[{"href":"https:\/\/www.adfactory.nl\/de\/wp-json\/wp\/v2\/pages"}],"about":[{"href":"https:\/\/www.adfactory.nl\/de\/wp-json\/wp\/v2\/types\/page"}],"author":[{"embeddable":true,"href":"https:\/\/www.adfactory.nl\/de\/wp-json\/wp\/v2\/users\/1"}],"replies":[{"embeddable":true,"href":"https:\/\/www.adfactory.nl\/de\/wp-json\/wp\/v2\/comments?post=1296"}],"version-history":[{"count":5,"href":"https:\/\/www.adfactory.nl\/de\/wp-json\/wp\/v2\/pages\/1296\/revisions"}],"predecessor-version":[{"id":2316,"href":"https:\/\/www.adfactory.nl\/de\/wp-json\/wp\/v2\/pages\/1296\/revisions\/2316"}],"up":[{"embeddable":true,"href":"https:\/\/www.adfactory.nl\/de\/wp-json\/wp\/v2\/pages\/1337"}],"wp:attachment":[{"href":"https:\/\/www.adfactory.nl\/de\/wp-json\/wp\/v2\/media?parent=1296"}],"wp:term":[{"taxonomy":"post_tag","embeddable":true,"href":"https:\/\/www.adfactory.nl\/de\/wp-json\/wp\/v2\/tags?post=1296"}],"curies":[{"name":"wp","href":"https:\/\/api.w.org\/{rel}","templated":true}]}}