{"id":1294,"date":"2020-01-10T14:08:14","date_gmt":"2020-01-10T13:08:14","guid":{"rendered":"http:\/\/www.adfactory.nl\/adproof\/"},"modified":"2020-03-25T18:39:45","modified_gmt":"2020-03-25T17:39:45","slug":"adproof","status":"publish","type":"page","link":"https:\/\/www.adfactory.nl\/de\/products\/advertising-software\/adproof\/","title":{"rendered":"AdProof (Korrektur abzug)"},"content":{"rendered":"<p><div id=\"thz-section-holder-sd93a2836\" class=\"thz-section-holder section-notcontained none\" data-view-brightness=\"none\">\r\n\t<section class=\"thz-section\">\r\n\t\t<div class=\"thz-section-in\">\r\n\t\t\t\t\t<div class=\"thz-container content-contained thz-site-width\">\r\n\t\t\t\t<div class=\"thz-row\">\r\n\t<div id=\"thz-column-cc19b0aad\" class=\"thz-column thz-col-1 fstart\">\r\n\t<div class=\"thz-column-container\">\r\n        <div class=\"thz-column-in\">\r\n                        <div class=\"thz-column-shortcodes\">\t\r\n                <div id=\"thz-breadcrumbs-b2bd4d54\" class=\"thz-shc thz-breadcrumbs\">\r\n<\/div>            <\/div>\r\n                                            <\/div>\r\n    <\/div>\r\n<\/div><\/div>\t\t\t<\/div>\r\n\t\t\t\t<\/div>\r\n\t\t\t\t<\/section>\r\n<\/div>\r\n<div id=\"thz-section-holder-sf2ae78a9\" class=\"product-section thz-section-holder section-notcontained none\" data-view-brightness=\"none\">\r\n\t<section class=\"thz-section\">\r\n\t\t<div class=\"thz-section-in\">\r\n\t\t\t\t\t<div class=\"thz-container content-contained thz-site-width\">\r\n\t\t\t\t<div class=\"thz-row\">\r\n\t<div id=\"thz-column-c9b14a002\" class=\"thz-column thz-col-1-5 fstart thz-tablet-hidden thz-mobile-hidden\">\r\n\t<div class=\"thz-column-container\">\r\n        <div class=\"thz-column-in\">\r\n                        <div class=\"thz-column-shortcodes\">\t\r\n                <div id=\"thz-parse-shortcode-block-44103201\" class=\"thz-shc thz-parse-shortcode-block navmenu\"><div class=\"menu-advertising-software-menu-german-container\"><ul id=\"menu-advertising-software-menu-german\" class=\"menu\"><li class=\"lifirst\"><a title=\"AdFactory server\" href=\"https:\/\/www.adfactory.nl\/de\/products\/advertising-software\/adfactory-server\/\" itemprop=\"url\">AdFactory Server<\/a><\/li>\n<li><a title=\"Adorder\" href=\"https:\/\/www.adfactory.nl\/de\/products\/advertising-software\/adorder\/\" itemprop=\"url\">Adorder (Buchung)<\/a><\/li>\n<li><a title=\"Classifieds module\" href=\"https:\/\/www.adfactory.nl\/de\/products\/advertising-software\/classifieds-module\/\" itemprop=\"url\">Kleinanzeigen-modul<\/a><\/li>\n<li><a title=\"Banner book&#038;publish\" href=\"https:\/\/www.adfactory.nl\/de\/products\/advertising-software\/banner-bookpublish\/\" itemprop=\"url\">Banner Book&#038;Publish<\/a><\/li>\n<li><a title=\"CRM-e module\" href=\"https:\/\/www.adfactory.nl\/de\/products\/advertising-software\/crm-e-module\/\" itemprop=\"url\">CRM-e Modul<\/a><\/li>\n<li><a title=\"Invoicing\" href=\"https:\/\/www.adfactory.nl\/de\/products\/advertising-software\/invoicing\/\" itemprop=\"url\">Fakturierungsmodul<\/a><\/li>\n<li><a title=\"Reporting\" href=\"https:\/\/www.adfactory.nl\/de\/products\/advertising-software\/reporting\/\" itemprop=\"url\">Reporte<\/a><\/li>\n<li><a title=\"AdFlow (production)\" href=\"https:\/\/www.adfactory.nl\/de\/products\/advertising-software\/adflow-production\/\" itemprop=\"url\">AdFlow (produktion)<\/a><\/li>\n<li class=\"lilast\"><a title=\"AdProof\" href=\"https:\/\/www.adfactory.nl\/de\/products\/advertising-software\/adproof\/\" itemprop=\"url\">AdProof (Korrektur abzug)<\/a><\/li>\n<\/ul><\/div><\/div>            <\/div>\r\n                                            <\/div>\r\n    <\/div>\r\n<\/div><div id=\"thz-column-cd4d266d9\" class=\"thz-column thz-col-2-5 fstart\">\r\n\t<div class=\"thz-column-container\">\r\n        <div class=\"thz-column-in\">\r\n                        <div class=\"thz-column-shortcodes\">\t\r\n                <div id=\"thz-sh-f49f38c6\" class=\"thz-shc thz-heading thz-sh-f49f38c6 thz-sh-plain thz-sh-pos-both\">\r\n\t<div class=\"thz-heading-holder\">\r\n\t\t\t\t<h1 class=\"thz-heading-title\">AdProof<\/h1><div class=\"thz-sh-sub\"><p>Immer mehr Anzeigen-Kunden fordern eine Freigabe-Funktion der gestalteten Anzeige, bevor diese ver\u00f6ffentlicht wird. AdProof bietet die M\u00f6glichkeit von Korrekturabz\u00fcgen f\u00fcr Verlage und Kunden. Mit AdProof lassen sich Korrekturen automatisiert per E-Mail und im Internet abwickeln.<\/p><\/div>\t\t\t<\/div>\r\n<\/div><div id=\"thz-text-block-31ab7f34\" class=\"thz-shc thz-text-block\"><p>Nachdem die Anzeige mit AdFlow erstellt wurde, wird der Status auf \u201eKorrektur\u201c gesetzt. Jetzt sendet das System eine E-Mail an den Kunden mit einem Vorschau-Link zur Anzeige. So kann diese begutachtet und online freigegeben werden. Wird auf \u201eOK\u201c geklickt, geht die Anzeige in den normalen Produktionsablauf des Verlages \u2013 ohne weitere Eingriffe oder Abrufe. Falls die Anzeige nicht genehmigt wird, kann ein Kommentar mit der Beschreibung der erforderlichen Anpassung in einem Memo-Feld eingetragen werden. Die Anzeige erh\u00e4lt dann einen Status \u201cProbe nicht frei gegeben\u201d. Jetzt kann die Druckvorstufe oder Pre-Press-Abteilung \u00c4nderungen vornehmen. Anschlie\u00dfend wird die Anzeige wieder auf Korrektur gesetzt.<br \/>Wo fr\u00fcher enorme Korrektur-Abzugsverfahren unter Verwendung des Faxes oder manuell per E-Mail teuer und zeitaufwendig waren \u2013 bietet AdProof jetzt eine einfach zu bedienende, kosten- und zeiteffektive M\u00f6glichkeit, Ihre Anzeigen freizugeben.<\/p><\/div><div class=\"thz-btn-container thz-custom-btn-47916 ctm-btn thz-mt-70\"><a class=\"thz-button thz-radius-0 thz-btn-border-1 thz-align-center\" href=\"http:\/\/www.adfactory.nl\/about-us\/contact\/\"><span class=\"thz-btn-text thz-text-uppercase thz-vp-10 thz-hp-50 thz-fs-15 thz-fw-600\">Contact us<\/span><\/a><\/div>            <\/div>\r\n                                            <\/div>\r\n    <\/div>\r\n<\/div><div id=\"thz-column-cbad6b77c\" class=\"thz-column thz-col-2-5 fstart\">\r\n\t<div class=\"thz-column-container\">\r\n        <div class=\"thz-column-in\">\r\n                        <div class=\"thz-column-shortcodes\">\t\r\n                <div id=\"thz-media-image-6f98f600\" class=\"thz-shc thz-media-image-container thz-media-mode-none\"><div class=\"thz-media-item thz-media-item-image\"><img loading=\"lazy\" decoding=\"async\" width=\"570\" height=\"358\" src=\"https:\/\/www.adfactory.nl\/wp-content\/uploads\/2020\/01\/Screen-Shot-2015-02-27-at-12_02_--570x358.png\" class=\"\" alt=\"Screen Shot 2015-02-27 at 12_02_\" srcset=\"https:\/\/www.adfactory.nl\/wp-content\/uploads\/2020\/01\/Screen-Shot-2015-02-27-at-12_02_--570x358.png 570w, https:\/\/www.adfactory.nl\/wp-content\/uploads\/2020\/01\/Screen-Shot-2015-02-27-at-12_02_--300x188.png 300w, https:\/\/www.adfactory.nl\/wp-content\/uploads\/2020\/01\/Screen-Shot-2015-02-27-at-12_02_--1024x643.png 1024w, https:\/\/www.adfactory.nl\/wp-content\/uploads\/2020\/01\/Screen-Shot-2015-02-27-at-12_02_--768x483.png 768w, https:\/\/www.adfactory.nl\/wp-content\/uploads\/2020\/01\/Screen-Shot-2015-02-27-at-12_02_--1200x754.png 1200w, https:\/\/www.adfactory.nl\/wp-content\/uploads\/2020\/01\/Screen-Shot-2015-02-27-at-12_02_--350x220.png 350w, https:\/\/www.adfactory.nl\/wp-content\/uploads\/2020\/01\/Screen-Shot-2015-02-27-at-12_02_--570x358.png 1224w\" sizes=\"auto, (max-width: 570px) 100vw, 570px\" \/><a class=\"thz-hover-link thz-lightbox mfp-image\" href=\"#\" data-bg=\"mfp-dark\" data-opacity=\"mfp-opacity-08\" data-effect=\"mfp-zoom-in\" data-mfp-src=\"\/\/www.adfactory.nl\/wp-content\/uploads\/2020\/01\/Screen-Shot-2015-02-27-at-12_02_-.png\" data-mfp-title=\"Screen Shot 2015-02-27 at 12_02_\"><\/a><\/div><\/div>            <\/div>\r\n                                            <\/div>\r\n    <\/div>\r\n<\/div><\/div>\t\t\t<\/div>\r\n\t\t\t\t<\/div>\r\n\t\t\t\t<\/section>\r\n<\/div>\r\n<\/p>\n","protected":false},"excerpt":{"rendered":"<p>AdFactory Server Adorder (Buchung) Kleinanzeigen-modul Banner Book&#038;Publish CRM-e Modul Fakturierungsmodul Reporte AdFlow (produktion) AdProof (Korrektur abzug) AdProofImmer mehr Anzeigen-Kunden fordern eine Freigabe-Funktion der gestalteten Anzeige, bevor diese ver\u00f6ffentlicht wird. AdProof bietet die M\u00f6glichkeit von Korrekturabz\u00fcgen f\u00fcr Verlage und Kunden. Mit AdProof lassen sich Korrekturen automatisiert per E-Mail und im Internet abwickeln. Nachdem die Anzeige mit AdFlow erstellt wurde, wird der Status auf \u201eKorrektur\u201c gesetzt. Jetzt sendet das System eine E-Mail an den Kunden mit einem Vorschau-Link zur Anzeige. So kann diese begutachtet und online freigegeben werden. Wird auf \u201eOK\u201c geklickt, geht die Anzeige in den normalen Produktionsablauf des Verlages \u2013 ohne weitere Eingriffe oder Abrufe. Falls die Anzeige nicht genehmigt wird, kann ein Kommentar mit der Beschreibung der erforderlichen Anpassung in einem Memo-Feld eingetragen werden. Die Anzeige erh\u00e4lt dann einen Status \u201cProbe nicht frei gegeben\u201d. Jetzt kann die Druckvorstufe oder Pre-Press-Abteilung \u00c4nderungen vornehmen. Anschlie\u00dfend wird die Anzeige wieder auf Korrektur gesetzt.Wo fr\u00fcher enorme Korrektur-Abzugsverfahren unter Verwendung des Faxes oder manuell per E-Mail teuer und zeitaufwendig waren \u2013 bietet AdProof jetzt eine einfach zu bedienende, kosten- und zeiteffektive M\u00f6glichkeit, Ihre Anzeigen freizugeben.Contact us<\/p>\n","protected":false},"author":1,"featured_media":0,"parent":1337,"menu_order":0,"comment_status":"closed","ping_status":"closed","template":"template-parts\/page-builder.php","meta":{"footnotes":""},"tags":[],"class_list":["post-1294","page","type-page","status-publish","hentry"],"_links":{"self":[{"href":"https:\/\/www.adfactory.nl\/de\/wp-json\/wp\/v2\/pages\/1294","targetHints":{"allow":["GET"]}}],"collection":[{"href":"https:\/\/www.adfactory.nl\/de\/wp-json\/wp\/v2\/pages"}],"about":[{"href":"https:\/\/www.adfactory.nl\/de\/wp-json\/wp\/v2\/types\/page"}],"author":[{"embeddable":true,"href":"https:\/\/www.adfactory.nl\/de\/wp-json\/wp\/v2\/users\/1"}],"replies":[{"embeddable":true,"href":"https:\/\/www.adfactory.nl\/de\/wp-json\/wp\/v2\/comments?post=1294"}],"version-history":[{"count":5,"href":"https:\/\/www.adfactory.nl\/de\/wp-json\/wp\/v2\/pages\/1294\/revisions"}],"predecessor-version":[{"id":2251,"href":"https:\/\/www.adfactory.nl\/de\/wp-json\/wp\/v2\/pages\/1294\/revisions\/2251"}],"up":[{"embeddable":true,"href":"https:\/\/www.adfactory.nl\/de\/wp-json\/wp\/v2\/pages\/1337"}],"wp:attachment":[{"href":"https:\/\/www.adfactory.nl\/de\/wp-json\/wp\/v2\/media?parent=1294"}],"wp:term":[{"taxonomy":"post_tag","embeddable":true,"href":"https:\/\/www.adfactory.nl\/de\/wp-json\/wp\/v2\/tags?post=1294"}],"curies":[{"name":"wp","href":"https:\/\/api.w.org\/{rel}","templated":true}]}}