{"id":1289,"date":"2020-01-10T15:09:45","date_gmt":"2020-01-10T14:09:45","guid":{"rendered":"http:\/\/www.adfactory.nl\/pdf-block-article-module\/"},"modified":"2020-03-25T18:53:27","modified_gmt":"2020-03-25T17:53:27","slug":"pdf-block-article-module","status":"publish","type":"page","link":"https:\/\/www.adfactory.nl\/de\/products\/editorial-software\/pdf-block-article-module\/","title":{"rendered":"PDF Block Artikel Modul"},"content":{"rendered":"<p><div id=\"thz-section-holder-sd93a2836\" class=\"thz-section-holder section-notcontained none\" data-view-brightness=\"none\">\r\n\t<section class=\"thz-section\">\r\n\t\t<div class=\"thz-section-in\">\r\n\t\t\t\t\t<div class=\"thz-container content-contained thz-site-width\">\r\n\t\t\t\t<div class=\"thz-row\">\r\n\t<div id=\"thz-column-cebfe3266\" class=\"thz-column thz-col-1 fstart\">\r\n\t<div class=\"thz-column-container\">\r\n        <div class=\"thz-column-in\">\r\n                        <div class=\"thz-column-shortcodes\">\t\r\n                <div id=\"thz-breadcrumbs-b2bd4d54\" class=\"thz-shc thz-breadcrumbs\">\r\n<\/div>            <\/div>\r\n                                            <\/div>\r\n    <\/div>\r\n<\/div><\/div>\t\t\t<\/div>\r\n\t\t\t\t<\/div>\r\n\t\t\t\t<\/section>\r\n<\/div>\r\n<div id=\"thz-section-holder-sf2ae78a9\" class=\"product-section thz-section-holder section-notcontained none\" data-view-brightness=\"none\">\r\n\t<section class=\"thz-section\">\r\n\t\t<div class=\"thz-section-in\">\r\n\t\t\t\t\t<div class=\"thz-container content-contained thz-site-width\">\r\n\t\t\t\t<div class=\"thz-row\">\r\n\t<div id=\"thz-column-c9b14a002\" class=\"thz-column thz-col-1-5 fstart thz-tablet-hidden thz-mobile-hidden\">\r\n\t<div class=\"thz-column-container\">\r\n        <div class=\"thz-column-in\">\r\n                        <div class=\"thz-column-shortcodes\">\t\r\n                <div id=\"thz-parse-shortcode-block-44103201\" class=\"thz-shc thz-parse-shortcode-block navmenu thz-tablet-hidden thz-mobile-hidden\"><div class=\"menu-editorial-software-menu-german-container\"><ul id=\"menu-editorial-software-menu-german\" class=\"menu\"><li class=\"lifirst\"><a title=\"RedaFact server\" href=\"https:\/\/www.adfactory.nl\/de\/products\/editorial-software\/redafact-server\/\" itemprop=\"url\">RedaFact Server<\/a><\/li>\n<li><a title=\"PDF block article module\" href=\"https:\/\/www.adfactory.nl\/de\/products\/editorial-software\/pdf-block-article-module\/\" itemprop=\"url\">PDF Block Artikel Modul<\/a><\/li>\n<li><a title=\"RedaFlow\" href=\"https:\/\/www.adfactory.nl\/de\/products\/editorial-software\/redaflow\/\" itemprop=\"url\">RedaFlow<\/a><\/li>\n<li><a title=\"Webtext module\" href=\"https:\/\/www.adfactory.nl\/de\/products\/editorial-software\/webtext-module\/\" itemprop=\"url\">Publish Online<\/a><\/li>\n<li class=\"lilast\"><a title=\"Photo upload\" href=\"https:\/\/www.adfactory.nl\/de\/products\/editorial-software\/photo-upload\/\" itemprop=\"url\">Bild Upload<\/a><\/li>\n<\/ul><\/div><\/div>            <\/div>\r\n                                            <\/div>\r\n    <\/div>\r\n<\/div><div id=\"thz-column-cd4d266d9\" class=\"thz-column thz-col-2-5 fstart\">\r\n\t<div class=\"thz-column-container\">\r\n        <div class=\"thz-column-in\">\r\n                        <div class=\"thz-column-shortcodes\">\t\r\n                <div id=\"thz-sh-f49f38c6\" class=\"thz-shc thz-heading thz-sh-f49f38c6 thz-sh-plain thz-sh-pos-both\">\r\n\t<div class=\"thz-heading-holder\">\r\n\t\t\t\t<div class=\"thz-sh-sub\"><p>Neben der Eingabe von frei flie\u00dfenden Texten \u00fcber das RedaFact-Portal erm\u00f6glicht das PDF-Block-Artikel-Modul, was der Name bereits verspricht: Textblockerzeugung im PDF-Format mittels vordefinierter Artikelvorlagen.<\/p><\/div>\t\t\t<\/div>\r\n<\/div><div id=\"thz-text-block-31ab7f34\" class=\"thz-shc thz-text-block\"><p>Enorm zeitsparend w\u00e4hrend des Gestaltens der Seiten im Layout.<br \/>Ihre fertigen PDF-Artikel-Bl\u00f6cke, die vom Autor, Redakteur oder Korrespondenten geschrieben wurden, werden einfach per Drag-and-Drop auf den Seiten platziert. \u00dcber die WYSIWYG-Vorschau kann jeder Autor in seiner Browser-Schnittstelle zeilengenau schreiben. Text-Anpassungen im Layout, zum Beispiel wenn ein Artikel zu lang oder zu kurz ist, sind damit \u00fcberfl\u00fcssig! Schriftarten werden einfach durch die unterschiedlichen Vorlagen definiert; sie brauchen nicht manuell ausgew\u00e4hlt werden. Alle Artikel-Vorlagen k\u00f6nnen nat\u00fcrlich Bilder enthalten.<\/p><\/div><div class=\"thz-btn-container thz-custom-btn-47916 ctm-btn thz-mt-24\"><a class=\"thz-button thz-radius-0 thz-btn-border-1 thz-align-center\" href=\"http:\/\/www.adfactory.nl\/about-us\/contact\/\"><span class=\"thz-btn-text thz-text-uppercase thz-vp-10 thz-hp-50 thz-fs-15 thz-fw-600\">Contact us<\/span><\/a><\/div>            <\/div>\r\n                                            <\/div>\r\n    <\/div>\r\n<\/div><div id=\"thz-column-cbad6b77c\" class=\"thz-column thz-col-2-5 fstart\">\r\n\t<div class=\"thz-column-container\">\r\n        <div class=\"thz-column-in\">\r\n                        <div class=\"thz-column-shortcodes\">\t\r\n                <div id=\"thz-media-image-6f98f600\" class=\"thz-shc thz-media-image-container thz-media-mode-none\"><div class=\"thz-media-item thz-media-item-image\"><img loading=\"lazy\" decoding=\"async\" width=\"570\" height=\"306\" src=\"https:\/\/www.adfactory.nl\/wp-content\/uploads\/2020\/01\/RFBlocks-570x306.png\" class=\"\" alt=\"RFBlocks\" srcset=\"https:\/\/www.adfactory.nl\/wp-content\/uploads\/2020\/01\/RFBlocks-570x306.png 570w, https:\/\/www.adfactory.nl\/wp-content\/uploads\/2020\/01\/RFBlocks-300x161.png 300w, https:\/\/www.adfactory.nl\/wp-content\/uploads\/2020\/01\/RFBlocks-1024x550.png 1024w, https:\/\/www.adfactory.nl\/wp-content\/uploads\/2020\/01\/RFBlocks-768x412.png 768w, https:\/\/www.adfactory.nl\/wp-content\/uploads\/2020\/01\/RFBlocks-1200x644.png 1200w, https:\/\/www.adfactory.nl\/wp-content\/uploads\/2020\/01\/RFBlocks-350x188.png 350w, https:\/\/www.adfactory.nl\/wp-content\/uploads\/2020\/01\/RFBlocks-570x306.png 1425w\" sizes=\"auto, (max-width: 570px) 100vw, 570px\" \/><\/div><\/div>            <\/div>\r\n                                            <\/div>\r\n    <\/div>\r\n<\/div><\/div>\t\t\t<\/div>\r\n\t\t\t\t<\/div>\r\n\t\t\t\t<\/section>\r\n<\/div>\r\n<\/p>\n","protected":false},"excerpt":{"rendered":"<p>RedaFact Server PDF Block Artikel Modul RedaFlow Publish Online Bild Upload Neben der Eingabe von frei flie\u00dfenden Texten \u00fcber das RedaFact-Portal erm\u00f6glicht das PDF-Block-Artikel-Modul, was der Name bereits verspricht: Textblockerzeugung im PDF-Format mittels vordefinierter Artikelvorlagen. Enorm zeitsparend w\u00e4hrend des Gestaltens der Seiten im Layout.Ihre fertigen PDF-Artikel-Bl\u00f6cke, die vom Autor, Redakteur oder Korrespondenten geschrieben wurden, werden einfach per Drag-and-Drop auf den Seiten platziert. \u00dcber die WYSIWYG-Vorschau kann jeder Autor in seiner Browser-Schnittstelle zeilengenau schreiben. Text-Anpassungen im Layout, zum Beispiel wenn ein Artikel zu lang oder zu kurz ist, sind damit \u00fcberfl\u00fcssig! Schriftarten werden einfach durch die unterschiedlichen Vorlagen definiert; sie brauchen nicht manuell ausgew\u00e4hlt werden. Alle Artikel-Vorlagen k\u00f6nnen nat\u00fcrlich Bilder enthalten.Contact us<\/p>\n","protected":false},"author":1,"featured_media":0,"parent":1335,"menu_order":0,"comment_status":"closed","ping_status":"closed","template":"template-parts\/page-builder.php","meta":{"footnotes":""},"tags":[],"class_list":["post-1289","page","type-page","status-publish","hentry"],"_links":{"self":[{"href":"https:\/\/www.adfactory.nl\/de\/wp-json\/wp\/v2\/pages\/1289","targetHints":{"allow":["GET"]}}],"collection":[{"href":"https:\/\/www.adfactory.nl\/de\/wp-json\/wp\/v2\/pages"}],"about":[{"href":"https:\/\/www.adfactory.nl\/de\/wp-json\/wp\/v2\/types\/page"}],"author":[{"embeddable":true,"href":"https:\/\/www.adfactory.nl\/de\/wp-json\/wp\/v2\/users\/1"}],"replies":[{"embeddable":true,"href":"https:\/\/www.adfactory.nl\/de\/wp-json\/wp\/v2\/comments?post=1289"}],"version-history":[{"count":5,"href":"https:\/\/www.adfactory.nl\/de\/wp-json\/wp\/v2\/pages\/1289\/revisions"}],"predecessor-version":[{"id":2271,"href":"https:\/\/www.adfactory.nl\/de\/wp-json\/wp\/v2\/pages\/1289\/revisions\/2271"}],"up":[{"embeddable":true,"href":"https:\/\/www.adfactory.nl\/de\/wp-json\/wp\/v2\/pages\/1335"}],"wp:attachment":[{"href":"https:\/\/www.adfactory.nl\/de\/wp-json\/wp\/v2\/media?parent=1289"}],"wp:term":[{"taxonomy":"post_tag","embeddable":true,"href":"https:\/\/www.adfactory.nl\/de\/wp-json\/wp\/v2\/tags?post=1289"}],"curies":[{"name":"wp","href":"https:\/\/api.w.org\/{rel}","templated":true}]}}