{"id":1282,"date":"2020-01-10T15:10:53","date_gmt":"2020-01-10T14:10:53","guid":{"rendered":"http:\/\/www.adfactory.nl\/photo-upload\/"},"modified":"2020-03-25T18:56:04","modified_gmt":"2020-03-25T17:56:04","slug":"photo-upload","status":"publish","type":"page","link":"https:\/\/www.adfactory.nl\/de\/products\/editorial-software\/photo-upload\/","title":{"rendered":"Bild Upload"},"content":{"rendered":"<p><div id=\"thz-section-holder-sd93a2836\" class=\"thz-section-holder section-notcontained none\" data-view-brightness=\"none\">\r\n\t<section class=\"thz-section\">\r\n\t\t<div class=\"thz-section-in\">\r\n\t\t\t\t\t<div class=\"thz-container content-contained thz-site-width\">\r\n\t\t\t\t<div class=\"thz-row\">\r\n\t<div id=\"thz-column-cb088a4e6\" class=\"thz-column thz-col-1 fstart\">\r\n\t<div class=\"thz-column-container\">\r\n        <div class=\"thz-column-in\">\r\n                        <div class=\"thz-column-shortcodes\">\t\r\n                <div id=\"thz-breadcrumbs-b2bd4d54\" class=\"thz-shc thz-breadcrumbs\">\r\n<\/div>            <\/div>\r\n                                            <\/div>\r\n    <\/div>\r\n<\/div><\/div>\t\t\t<\/div>\r\n\t\t\t\t<\/div>\r\n\t\t\t\t<\/section>\r\n<\/div>\r\n<div id=\"thz-section-holder-sf2ae78a9\" class=\"product-section thz-section-holder section-notcontained none\" data-view-brightness=\"none\">\r\n\t<section class=\"thz-section\">\r\n\t\t<div class=\"thz-section-in\">\r\n\t\t\t\t\t<div class=\"thz-container content-contained thz-site-width\">\r\n\t\t\t\t<div class=\"thz-row\">\r\n\t<div id=\"thz-column-c9b14a002\" class=\"thz-column thz-col-1-5 fstart thz-tablet-hidden thz-mobile-hidden\">\r\n\t<div class=\"thz-column-container\">\r\n        <div class=\"thz-column-in\">\r\n                        <div class=\"thz-column-shortcodes\">\t\r\n                <div id=\"thz-parse-shortcode-block-44103201\" class=\"thz-shc thz-parse-shortcode-block navmenu thz-tablet-hidden thz-mobile-hidden\"><div class=\"menu-editorial-software-menu-german-container\"><ul id=\"menu-editorial-software-menu-german\" class=\"menu\"><li class=\"lifirst\"><a title=\"RedaFact server\" href=\"https:\/\/www.adfactory.nl\/de\/products\/editorial-software\/redafact-server\/\" itemprop=\"url\">RedaFact Server<\/a><\/li>\n<li><a title=\"PDF block article module\" href=\"https:\/\/www.adfactory.nl\/de\/products\/editorial-software\/pdf-block-article-module\/\" itemprop=\"url\">PDF Block Artikel Modul<\/a><\/li>\n<li><a title=\"RedaFlow\" href=\"https:\/\/www.adfactory.nl\/de\/products\/editorial-software\/redaflow\/\" itemprop=\"url\">RedaFlow<\/a><\/li>\n<li><a title=\"Webtext module\" href=\"https:\/\/www.adfactory.nl\/de\/products\/editorial-software\/webtext-module\/\" itemprop=\"url\">Publish Online<\/a><\/li>\n<li class=\"lilast\"><a title=\"Photo upload\" href=\"https:\/\/www.adfactory.nl\/de\/products\/editorial-software\/photo-upload\/\" itemprop=\"url\">Bild Upload<\/a><\/li>\n<\/ul><\/div><\/div>            <\/div>\r\n                                            <\/div>\r\n    <\/div>\r\n<\/div><div id=\"thz-column-cd4d266d9\" class=\"thz-column thz-col-2-5 fstart\">\r\n\t<div class=\"thz-column-container\">\r\n        <div class=\"thz-column-in\">\r\n                        <div class=\"thz-column-shortcodes\">\t\r\n                <div id=\"thz-sh-f49f38c6\" class=\"thz-shc thz-heading thz-sh-f49f38c6 thz-sh-plain thz-sh-pos-both\">\r\n\t<div class=\"thz-heading-holder\">\r\n\t\t\t\t<div class=\"thz-sh-sub\"><p>Eine zeitraubendes Problem von Redaktionen ist herauszufinden, welches Bild zu welchem Artikel geh\u00f6rt. Um dieses Layoutproblem zu l\u00f6sen, bietet RedaFact eine webbasierte Upload-Funktion, welcher mit der Texteingabe stattfinden kann. So sind Fotos im gesamten System mit dem Artikel verbunden. Nie wieder Bilder suchen!<\/p><\/div>\t\t\t<\/div>\r\n<\/div><div id=\"thz-text-block-31ab7f34\" class=\"thz-shc thz-text-block\"><p>Reporter und Redakteure k\u00f6nnen so viele Bilder, wie sie wollen, zu einem Artikel hochladen. Sie k\u00f6nnen die Bilder von Hoch- zu Querformaten \u00e4ndern und zuschneiden. Zus\u00e4tzlich kann eine Bildunterschrift und der Fotonachweis (Credit) hinterlegt werden.<\/p><p>F\u00fcr freiumflie\u00dfenden Text kann die H\u00f6he und Breite des Bildes eingestellt werden \u2013 zum Beispiel mit der Angabe, \u00fcber wie viele Kolumnen oder Spalten das Bild auf der Seite platziert werden soll. F\u00fcr PDF-Block-Artikel ist das Zuschneiden nat\u00fcrlich proportional m\u00f6glich und in der Artikel-Vorlage definiert.<\/p><p>Optional kann RedaFact an externe Foto-Management-Systeme angebunden werden.<span id=\"result_box\" lang=\"de\">\u00a0<span class=\"hps\">verbunden<\/span>\u00a0werden.<\/span><\/p><\/div><div class=\"thz-btn-container thz-custom-btn-47916 ctm-btn thz-mt-70\"><a class=\"thz-button thz-radius-0 thz-btn-border-1 thz-align-center\" href=\"http:\/\/www.adfactory.nl\/about-us\/contact\/\"><span class=\"thz-btn-text thz-text-uppercase thz-vp-10 thz-hp-50 thz-fs-15 thz-fw-600\">Contact us<\/span><\/a><\/div>            <\/div>\r\n                                            <\/div>\r\n    <\/div>\r\n<\/div><div id=\"thz-column-cbad6b77c\" class=\"thz-column thz-col-2-5 fstart\">\r\n\t<div class=\"thz-column-container\">\r\n        <div class=\"thz-column-in\">\r\n                        <div class=\"thz-column-shortcodes\">\t\r\n                <div id=\"thz-media-image-6f98f600\" class=\"thz-shc thz-media-image-container thz-media-mode-none\"><div class=\"thz-media-item thz-media-item-image\"><img loading=\"lazy\" decoding=\"async\" width=\"570\" height=\"311\" src=\"https:\/\/www.adfactory.nl\/wp-content\/uploads\/2020\/01\/fotoupload_--570x311.png\" class=\"\" alt=\"fotoupload_\" srcset=\"https:\/\/www.adfactory.nl\/wp-content\/uploads\/2020\/01\/fotoupload_--570x311.png 570w, https:\/\/www.adfactory.nl\/wp-content\/uploads\/2020\/01\/fotoupload_--300x163.png 300w, https:\/\/www.adfactory.nl\/wp-content\/uploads\/2020\/01\/fotoupload_--768x419.png 768w, https:\/\/www.adfactory.nl\/wp-content\/uploads\/2020\/01\/fotoupload_--350x191.png 350w, https:\/\/www.adfactory.nl\/wp-content\/uploads\/2020\/01\/fotoupload_--570x311.png 989w\" sizes=\"auto, (max-width: 570px) 100vw, 570px\" \/><a class=\"thz-hover-link thz-lightbox mfp-image\" href=\"#\" data-bg=\"mfp-dark\" data-opacity=\"mfp-opacity-08\" data-effect=\"mfp-zoom-in\" data-mfp-src=\"\/\/www.adfactory.nl\/wp-content\/uploads\/2020\/01\/fotoupload_-.png\" data-mfp-title=\"fotoupload_\"><\/a><\/div><\/div>            <\/div>\r\n                                            <\/div>\r\n    <\/div>\r\n<\/div><\/div>\t\t\t<\/div>\r\n\t\t\t\t<\/div>\r\n\t\t\t\t<\/section>\r\n<\/div>\r\n<\/p>\n","protected":false},"excerpt":{"rendered":"<p>RedaFact Server PDF Block Artikel Modul RedaFlow Publish Online Bild Upload Eine zeitraubendes Problem von Redaktionen ist herauszufinden, welches Bild zu welchem Artikel geh\u00f6rt. Um dieses Layoutproblem zu l\u00f6sen, bietet RedaFact eine webbasierte Upload-Funktion, welcher mit der Texteingabe stattfinden kann. So sind Fotos im gesamten System mit dem Artikel verbunden. Nie wieder Bilder suchen! Reporter und Redakteure k\u00f6nnen so viele Bilder, wie sie wollen, zu einem Artikel hochladen. Sie k\u00f6nnen die Bilder von Hoch- zu Querformaten \u00e4ndern und zuschneiden. Zus\u00e4tzlich kann eine Bildunterschrift und der Fotonachweis (Credit) hinterlegt werden.F\u00fcr freiumflie\u00dfenden Text kann die H\u00f6he und Breite des Bildes eingestellt werden \u2013 zum Beispiel mit der Angabe, \u00fcber wie viele Kolumnen oder Spalten das Bild auf der Seite platziert werden soll. F\u00fcr PDF-Block-Artikel ist das Zuschneiden nat\u00fcrlich proportional m\u00f6glich und in der Artikel-Vorlage definiert.Optional kann RedaFact an externe Foto-Management-Systeme angebunden werden.\u00a0verbunden\u00a0werden.Contact us<\/p>\n","protected":false},"author":1,"featured_media":0,"parent":1335,"menu_order":0,"comment_status":"closed","ping_status":"closed","template":"template-parts\/page-builder.php","meta":{"footnotes":""},"tags":[],"class_list":["post-1282","page","type-page","status-publish","hentry"],"_links":{"self":[{"href":"https:\/\/www.adfactory.nl\/de\/wp-json\/wp\/v2\/pages\/1282","targetHints":{"allow":["GET"]}}],"collection":[{"href":"https:\/\/www.adfactory.nl\/de\/wp-json\/wp\/v2\/pages"}],"about":[{"href":"https:\/\/www.adfactory.nl\/de\/wp-json\/wp\/v2\/types\/page"}],"author":[{"embeddable":true,"href":"https:\/\/www.adfactory.nl\/de\/wp-json\/wp\/v2\/users\/1"}],"replies":[{"embeddable":true,"href":"https:\/\/www.adfactory.nl\/de\/wp-json\/wp\/v2\/comments?post=1282"}],"version-history":[{"count":4,"href":"https:\/\/www.adfactory.nl\/de\/wp-json\/wp\/v2\/pages\/1282\/revisions"}],"predecessor-version":[{"id":2274,"href":"https:\/\/www.adfactory.nl\/de\/wp-json\/wp\/v2\/pages\/1282\/revisions\/2274"}],"up":[{"embeddable":true,"href":"https:\/\/www.adfactory.nl\/de\/wp-json\/wp\/v2\/pages\/1335"}],"wp:attachment":[{"href":"https:\/\/www.adfactory.nl\/de\/wp-json\/wp\/v2\/media?parent=1282"}],"wp:term":[{"taxonomy":"post_tag","embeddable":true,"href":"https:\/\/www.adfactory.nl\/de\/wp-json\/wp\/v2\/tags?post=1282"}],"curies":[{"name":"wp","href":"https:\/\/api.w.org\/{rel}","templated":true}]}}