{"id":1277,"date":"2020-01-10T15:45:53","date_gmt":"2020-01-10T14:45:53","guid":{"rendered":"http:\/\/www.adfactory.nl\/news-website\/"},"modified":"2021-02-17T18:03:16","modified_gmt":"2021-02-17T17:03:16","slug":"news-website","status":"publish","type":"page","link":"https:\/\/www.adfactory.nl\/de\/products\/self-service\/news-website\/","title":{"rendered":"News-Website"},"content":{"rendered":"<p><div id=\"thz-section-holder-sd93a2836\" class=\"thz-section-holder section-notcontained none\" data-view-brightness=\"none\">\r\n\t<section class=\"thz-section\">\r\n\t\t<div class=\"thz-section-in\">\r\n\t\t\t\t\t<div class=\"thz-container content-contained thz-site-width\">\r\n\t\t\t\t<div class=\"thz-row\">\r\n\t<div id=\"thz-column-c4137e88f\" class=\"thz-column thz-col-1 fstart\">\r\n\t<div class=\"thz-column-container\">\r\n        <div class=\"thz-column-in\">\r\n                        <div class=\"thz-column-shortcodes\">\t\r\n                <div id=\"thz-breadcrumbs-b2bd4d54\" class=\"thz-shc thz-breadcrumbs\">\r\n<\/div>            <\/div>\r\n                                            <\/div>\r\n    <\/div>\r\n<\/div><\/div>\t\t\t<\/div>\r\n\t\t\t\t<\/div>\r\n\t\t\t\t<\/section>\r\n<\/div>\r\n<div id=\"thz-section-holder-sf2ae78a9\" class=\"product-section thz-section-holder section-notcontained none\" data-view-brightness=\"none\">\r\n\t<section class=\"thz-section\">\r\n\t\t<div class=\"thz-section-in\">\r\n\t\t\t\t\t<div class=\"thz-container content-contained thz-site-width\">\r\n\t\t\t\t<div class=\"thz-row\">\r\n\t<div id=\"thz-column-c9b14a002\" class=\"thz-column thz-col-1-5 fstart thz-tablet-hidden thz-mobile-hidden\">\r\n\t<div class=\"thz-column-container\">\r\n        <div class=\"thz-column-in\">\r\n                        <div class=\"thz-column-shortcodes\">\t\r\n                <div id=\"thz-parse-shortcode-block-44103201\" class=\"thz-shc thz-parse-shortcode-block navmenu thz-tablet-hidden thz-mobile-hidden\"><div class=\"menu-self-service-menu-german-container\"><ul id=\"menu-self-service-menu-german\" class=\"menu\"><li class=\"lifirst\"><a href=\"https:\/\/www.adfactory.nl\/de\/products\/self-service\/adonline\/\" itemprop=\"url\">AdOnline<\/a><\/li>\n<li><a href=\"https:\/\/www.adfactory.nl\/de\/products\/self-service\/real-estate-module\/\" itemprop=\"url\">Makler Modul<\/a><\/li>\n<li class=\"lilast\"><a href=\"https:\/\/www.adfactory.nl\/de\/products\/self-service\/news-website\/\" itemprop=\"url\">News-Website<\/a><\/li>\n<\/ul><\/div><\/div>            <\/div>\r\n                                            <\/div>\r\n    <\/div>\r\n<\/div><div id=\"thz-column-cd4d266d9\" class=\"thz-column thz-col-2-5 fstart\">\r\n\t<div class=\"thz-column-container\">\r\n        <div class=\"thz-column-in\">\r\n                        <div class=\"thz-column-shortcodes\">\t\r\n                <div id=\"thz-sh-f49f38c6\" class=\"thz-shc thz-heading thz-sh-f49f38c6 thz-sh-plain thz-sh-pos-both\">\r\n\t<div class=\"thz-heading-holder\">\r\n\t\t\t\t<div class=\"thz-sh-sub\"><p>Mit diesem Modul kann ein Verlag seinen Anzeigenkunden zus\u00e4tzliche Synergien in Kombination mit einer Print-Anzeige oder noch besser mit einem Online-Banner anbieten.<\/p><\/div>\t\t\t<\/div>\r\n<\/div><div id=\"thz-text-block-31ab7f34\" class=\"thz-shc thz-text-block\"><p>AdShop liefert einen einfachen Weg zur Aufwertung von Anzeigen. Zum Beispiel: Zug\u00e4nglich \u00fcber einen Link im Online-Firmenverzeichnis, k\u00f6nnen Informationen \u00fcber die Firma und Produkt-Auflistungen entweder nur zur Darstellung der Produkte (Schaufenster) oder zu einer Bestelllisten-Version zusammengestellt werden. So entsteht ein Webshop-Endkunden-Portal f\u00fcr Direktbestellungen.<br \/>Im AdFactory-System kann der AdShop aktiviert und gebucht werden. Der Kunde erh\u00e4lt eine E-Mail mit Einrichtungs-Link zum Bef\u00fcllen seines eigenen Webshops.<br \/>Mit AdShop kann ein Verleger ein Kombipaket erstellen: Anzeige in Print, Online-Banner, Auflistung im Online-Firmenverzeichnis und Direct-Links zum Kunden-Web-Shop.<\/p><\/div><div class=\"thz-btn-container thz-custom-btn-47916 ctm-btn thz-mt-70\"><a class=\"thz-button thz-radius-0 thz-btn-border-1 thz-align-center\" href=\"http:\/\/www.adfactory.nl\/about-us\/contact\/\"><span class=\"thz-btn-text thz-text-uppercase thz-vp-10 thz-hp-50 thz-fs-15 thz-fw-600\">Contact us<\/span><\/a><\/div>            <\/div>\r\n                                            <\/div>\r\n    <\/div>\r\n<\/div><div id=\"thz-column-cbad6b77c\" class=\"thz-column thz-col-2-5 fstart\">\r\n\t<div class=\"thz-column-container\">\r\n        <div class=\"thz-column-in\">\r\n                        <div class=\"thz-column-shortcodes\">\t\r\n                <div id=\"thz-media-image-6f98f600\" class=\"thz-shc thz-media-image-container thz-media-mode-none\"><div class=\"thz-media-item thz-media-item-image\"><img loading=\"lazy\" decoding=\"async\" width=\"570\" height=\"612\" src=\"https:\/\/www.adfactory.nl\/wp-content\/uploads\/2020\/01\/AdShop--570x612.png\" class=\"\" alt=\"AdShop\" srcset=\"https:\/\/www.adfactory.nl\/wp-content\/uploads\/2020\/01\/AdShop--570x612.png 570w, https:\/\/www.adfactory.nl\/wp-content\/uploads\/2020\/01\/AdShop--279x300.png 279w, https:\/\/www.adfactory.nl\/wp-content\/uploads\/2020\/01\/AdShop--350x376.png 350w, https:\/\/www.adfactory.nl\/wp-content\/uploads\/2020\/01\/AdShop--768x825.png 768w, https:\/\/www.adfactory.nl\/wp-content\/uploads\/2020\/01\/AdShop--570x612.png 658w\" sizes=\"auto, (max-width: 570px) 100vw, 570px\" \/><a class=\"thz-hover-link thz-lightbox mfp-image\" href=\"#\" data-bg=\"mfp-dark\" data-opacity=\"mfp-opacity-08\" data-effect=\"mfp-zoom-in\" data-mfp-src=\"\/\/www.adfactory.nl\/wp-content\/uploads\/2020\/01\/AdShop-.png\" data-mfp-title=\"AdShop\"><\/a><\/div><\/div>            <\/div>\r\n                                            <\/div>\r\n    <\/div>\r\n<\/div><\/div>\t\t\t<\/div>\r\n\t\t\t\t<\/div>\r\n\t\t\t\t<\/section>\r\n<\/div>\r\n<\/p>\n","protected":false},"excerpt":{"rendered":"<p>AdOnline Makler Modul News-Website Mit diesem Modul kann ein Verlag seinen Anzeigenkunden zus\u00e4tzliche Synergien in Kombination mit einer Print-Anzeige oder noch besser mit einem Online-Banner anbieten. AdShop liefert einen einfachen Weg zur Aufwertung von Anzeigen. Zum Beispiel: Zug\u00e4nglich \u00fcber einen Link im Online-Firmenverzeichnis, k\u00f6nnen Informationen \u00fcber die Firma und Produkt-Auflistungen entweder nur zur Darstellung der Produkte (Schaufenster) oder zu einer Bestelllisten-Version zusammengestellt werden. So entsteht ein Webshop-Endkunden-Portal f\u00fcr Direktbestellungen.Im AdFactory-System kann der AdShop aktiviert und gebucht werden. Der Kunde erh\u00e4lt eine E-Mail mit Einrichtungs-Link zum Bef\u00fcllen seines eigenen Webshops.Mit AdShop kann ein Verleger ein Kombipaket erstellen: Anzeige in Print, Online-Banner, Auflistung im Online-Firmenverzeichnis und Direct-Links zum Kunden-Web-Shop.Contact us<\/p>\n","protected":false},"author":1,"featured_media":0,"parent":1332,"menu_order":0,"comment_status":"closed","ping_status":"closed","template":"template-parts\/page-builder.php","meta":{"footnotes":""},"tags":[],"class_list":["post-1277","page","type-page","status-publish","hentry"],"_links":{"self":[{"href":"https:\/\/www.adfactory.nl\/de\/wp-json\/wp\/v2\/pages\/1277","targetHints":{"allow":["GET"]}}],"collection":[{"href":"https:\/\/www.adfactory.nl\/de\/wp-json\/wp\/v2\/pages"}],"about":[{"href":"https:\/\/www.adfactory.nl\/de\/wp-json\/wp\/v2\/types\/page"}],"author":[{"embeddable":true,"href":"https:\/\/www.adfactory.nl\/de\/wp-json\/wp\/v2\/users\/1"}],"replies":[{"embeddable":true,"href":"https:\/\/www.adfactory.nl\/de\/wp-json\/wp\/v2\/comments?post=1277"}],"version-history":[{"count":5,"href":"https:\/\/www.adfactory.nl\/de\/wp-json\/wp\/v2\/pages\/1277\/revisions"}],"predecessor-version":[{"id":2561,"href":"https:\/\/www.adfactory.nl\/de\/wp-json\/wp\/v2\/pages\/1277\/revisions\/2561"}],"up":[{"embeddable":true,"href":"https:\/\/www.adfactory.nl\/de\/wp-json\/wp\/v2\/pages\/1332"}],"wp:attachment":[{"href":"https:\/\/www.adfactory.nl\/de\/wp-json\/wp\/v2\/media?parent=1277"}],"wp:term":[{"taxonomy":"post_tag","embeddable":true,"href":"https:\/\/www.adfactory.nl\/de\/wp-json\/wp\/v2\/tags?post=1277"}],"curies":[{"name":"wp","href":"https:\/\/api.w.org\/{rel}","templated":true}]}}